{"id":694384,"date":"2016-08-09T04:25:33","date_gmt":"2016-08-09T04:25:33","guid":{"rendered":"https:\/\/www.metapack.com\/?page_id=694384"},"modified":"2026-01-24T13:40:40","modified_gmt":"2026-01-24T13:40:40","slug":"temoignages-clients","status":"publish","type":"page","link":"https:\/\/www.metapack.com\/fr\/temoignages-clients\/","title":{"rendered":"\u00c9tudes de cas"},"content":{"rendered":"<section class=\"block block-cards padding-top--sm padding-bottom--md \"><div class=\"content--full\">\n\n<div id=\"block-cards-block_15add4ad7fe32f7cd731b690c509a053\" class=\"block-cards\">\n\t<div class=\"container \">\n\t\t<div class=\"acf-innerblocks-container\">\n<section class=\"block block-feature-text  \"><div class=\"content--full\">\n<div id=\"feature-text-block-block_9d81c8a3cb821cb38e1475c62cb35a8d\" class=\"feature-text-block\">\n\t<div class=\"container\">\n\t\t<div class=\"content content-align-center\">\n\t\t\t\t\t\t\t\t\t\t\t\t\t\t<\/div>\n\n\t\t<div class=\"acf-innerblocks-container\"><\/div>\n\t<\/div>\n<\/div>\n<\/div><\/section>\n<\/div>\n\t\t\n\t\t\n\t\t\t\t\t<div class=\"cards   \">\n\t\t\t\t\t\t\t\t\t\t\t\t\t\t\t\t\t\t\t\t\t<div class=\"card card-full card-none bg-dark-cobalt  \">\n\t\t\t\t\t\t\t    <div class=\"image reverse-column\">\n        <img decoding=\"async\" src=\"https:\/\/www.metapack.com\/wp-content\/uploads\/2026\/01\/nu-skin-featured.webp\"  sizes=\"auto, (max-width: 760px) 100vw, 760px\" loading=\"lazy\"   class=\"\" alt=\"\" width=\"760\" height=\"570\">    <\/div>\n\n<div class=\"card-content\">\n    <div class=\"card-text\">\n                     <span class=\"eyebrow\">\u00c9tude de cas mise en avant<\/span>\n                                            <h1>Nos clients cr\u00e9ent leur propre succ\u00e8s<\/h1>\n                                         <p>Nu Skin rationalise ses op\u00e9rations de livraison en Europe avec Metapack<\/p>\n            <\/div>\n\n            <div class=\"card-cta\">\n            <a class=\"btn no-underline\" href=\"\/fr\/customer-stories\/how-nu-skin-streamlined-european-delivery-operations-with-metapack\/\" target=\"\">\u00c9tude de cas compl\u00e8te<\/a>\n        <\/div>\n    <\/div>\n\n\n\t\t\t\t\t\t<\/div>\n\t\t\t\t\t\t\t\t\t\t\t\t<\/div>\n\t\t\t<\/div>\n<\/div>\n<\/div><\/section>\n\n<section class=\"block block-search-and-filter padding-top--md padding-bottom--md \"><div class=\"content--full\">\n<div class=\"acf-innerblocks-container\">\n<section class=\"block block-feature-text padding-bottom--sm \"><div class=\"content--full\">\n<div id=\"feature-text-block-block_c4bd26817e170dfd03e19d12d9f3986c\" class=\"feature-text-block pb-6\">\n\t<div class=\"container\">\n\t\t<div class=\"content content-align-center\">\n\t\t\t\t\t\t\t\t\t\t<h2 class=\"\">Parcourir les \u00e9tudes de cas<\/h2>\n\t\t\t\t\t\t\t\t\t\t\t\t<\/div>\n\n\t\t<div class=\"acf-innerblocks-container\"><\/div>\n\t<\/div>\n<\/div>\n<\/div><\/section>\n<\/div>\n\n<div class=\"search-and-filter-block relative\">\n\t\n\t<input id=\"post-type\" type=\"hidden\" value=\"stories\">\n\t<input id=\"filter-1\" type=\"hidden\" value=\"\">\n\t<input id=\"filter-2\" type=\"hidden\" value=\"\">\n\t<input id=\"filter-3\" type=\"hidden\" value=\"\">\n\t<input id=\"order-by\" type=\"hidden\" value=\"date\">\n\t<input id=\"order\" type=\"hidden\" value=\"DESC\">\n\t<input id=\"meta-key\" type=\"hidden\" value=\"\">\n\n\t\t<div class=\"container\">\n\t\t<div id=\"post-container\" class=\"post-grid \">\n\t\t\t<div class=\"post-card\">\n\t<div class=\"post group stories \">\n\t\t<div class=\"thumbnail \">\n\t\t\t\t\t\t\t<a href=\"https:\/\/www.metapack.com\/fr\/customer-stories\/nu-skin\/\"><img loading=\"lazy\" decoding=\"async\" width=\"495\" height=\"279\" src=\"https:\/\/www.metapack.com\/wp-content\/uploads\/2026\/01\/nuskin_image.webp\" class=\"attachment-large size-large wp-post-image\" alt=\"\" \/><\/a>\n\t\t\t\n\t\t\t\t\t<\/div>\n\n\t\t<div class=\"card-content\">\n\n\t\t\t\n\t\t\t\t\n\t\t\t\t<h5 class=\"transition-all\"><a href=\"https:\/\/www.metapack.com\/fr\/customer-stories\/nu-skin\/\">How Nu Skin Streamlined European Delivery Operations with Metapack<\/a><\/h5>\n\n\t\t\t\t<div class=\"excerpt\">\u201cCustomer feedback has been very positive. Many appreciate the ability to choose between home delivery and PUDO options, especially in markets where flexibility is key.\u201d<\/div>\n\t\t\t\t\n\t\t\t\t<div class=\"card-link\">\n\t\t\t\t\t<a class=\"link-btn \" href=\"https:\/\/www.metapack.com\/fr\/customer-stories\/nu-skin\/\">\n\t\t\t\t\t\tRead Their Story\t\t\t\t\t<\/a>\n\t\t\t\t<\/div>\n\n\t\t\t\t\t<\/div>\n\n\t<\/div>\n<\/div>\n<div class=\"post-card\">\n\t<div class=\"post group stories \">\n\t\t<div class=\"thumbnail \">\n\t\t\t\t\t\t\t<a href=\"https:\/\/www.metapack.com\/fr\/customer-stories\/mountain-warehouse\/\"><img loading=\"lazy\" decoding=\"async\" width=\"768\" height=\"570\" src=\"https:\/\/www.metapack.com\/wp-content\/uploads\/2025\/11\/mountain-warehouse-logo.webp\" class=\"attachment-large size-large wp-post-image\" alt=\"\" \/><\/a>\n\t\t\t\n\t\t\t\t\t<\/div>\n\n\t\t<div class=\"card-content\">\n\n\t\t\t\n\t\t\t\t\n\t\t\t\t<h5 class=\"transition-all\"><a href=\"https:\/\/www.metapack.com\/fr\/customer-stories\/mountain-warehouse\/\">Mountain Warehouse further enhances shipping operations to fuel future growth<\/a><\/h5>\n\n\t\t\t\t<div class=\"excerpt\">\u201cNow more than ever, we\u2019re able to provide our customers with a greater choice of different delivery options and services that best suit their needs now and in the future.\u201d<\/div>\n\t\t\t\t\n\t\t\t\t<div class=\"card-link\">\n\t\t\t\t\t<a class=\"link-btn \" href=\"https:\/\/www.metapack.com\/fr\/customer-stories\/mountain-warehouse\/\">\n\t\t\t\t\t\tRead Their Story\t\t\t\t\t<\/a>\n\t\t\t\t<\/div>\n\n\t\t\t\t\t<\/div>\n\n\t<\/div>\n<\/div>\n<div class=\"post-card\">\n\t<div class=\"post group stories \">\n\t\t<div class=\"thumbnail \">\n\t\t\t\t\t\t\t<a href=\"https:\/\/www.metapack.com\/fr\/customer-stories\/john-lewis-and-partners\/\"><img loading=\"lazy\" decoding=\"async\" width=\"1024\" height=\"646\" src=\"https:\/\/www.metapack.com\/wp-content\/uploads\/2025\/11\/john-lewis-and-partners-x-metapack-1-1024x646.png\" class=\"attachment-large size-large wp-post-image\" alt=\"\" srcset=\"https:\/\/www.metapack.com\/wp-content\/uploads\/2025\/11\/john-lewis-and-partners-x-metapack-1-1024x646.png 1024w, https:\/\/www.metapack.com\/wp-content\/uploads\/2025\/11\/john-lewis-and-partners-x-metapack-1-768x484.png 768w, https:\/\/www.metapack.com\/wp-content\/uploads\/2025\/11\/john-lewis-and-partners-x-metapack-1.png 1200w\" sizes=\"auto, (max-width: 1024px) 100vw, 1024px\" \/><\/a>\n\t\t\t\n\t\t\t\t\t<\/div>\n\n\t\t<div class=\"card-content\">\n\n\t\t\t\n\t\t\t\t\n\t\t\t\t<h5 class=\"transition-all\"><a href=\"https:\/\/www.metapack.com\/fr\/customer-stories\/john-lewis-and-partners\/\">John Lewis and Partners: Two Decades of Customer-First Innovation with Metapack<\/a><\/h5>\n\n\t\t\t\t<div class=\"excerpt\">&#8220;The Click &amp; Collect operation has been brilliant for offering our customers ease and convenience whilst getting customers back into our shops to shop with us.&#8221;<\/div>\n\t\t\t\t\n\t\t\t\t<div class=\"card-link\">\n\t\t\t\t\t<a class=\"link-btn \" href=\"https:\/\/www.metapack.com\/fr\/customer-stories\/john-lewis-and-partners\/\">\n\t\t\t\t\t\tRead Their Story\t\t\t\t\t<\/a>\n\t\t\t\t<\/div>\n\n\t\t\t\t\t<\/div>\n\n\t<\/div>\n<\/div>\n<div class=\"post-card\">\n\t<div class=\"post group stories \">\n\t\t<div class=\"thumbnail \">\n\t\t\t\t\t\t\t<a href=\"https:\/\/www.metapack.com\/fr\/customer-stories\/halfords\/\"><img loading=\"lazy\" decoding=\"async\" width=\"768\" height=\"570\" src=\"https:\/\/www.metapack.com\/wp-content\/uploads\/2025\/11\/halfords-logo.jpeg\" class=\"attachment-large size-large wp-post-image\" alt=\"\" \/><\/a>\n\t\t\t\n\t\t\t\t\t<\/div>\n\n\t\t<div class=\"card-content\">\n\n\t\t\t\n\t\t\t\t\n\t\t\t\t<h5 class=\"transition-all\"><a href=\"https:\/\/www.metapack.com\/fr\/customer-stories\/halfords\/\">Halfords: Free delivery to store provides Halfords with a key strategic advantage<\/a><\/h5>\n\n\t\t\t\t<div class=\"excerpt\">&#8220;Metapack truly is a revolutionary concept. It has grown with our operation and has allowed us to offer a wider product range to our customers as well as visibility of&hellip;<\/div>\n\t\t\t\t\n\t\t\t\t<div class=\"card-link\">\n\t\t\t\t\t<a class=\"link-btn \" href=\"https:\/\/www.metapack.com\/fr\/customer-stories\/halfords\/\">\n\t\t\t\t\t\tRead Their Story\t\t\t\t\t<\/a>\n\t\t\t\t<\/div>\n\n\t\t\t\t\t<\/div>\n\n\t<\/div>\n<\/div>\n<div class=\"post-card\">\n\t<div class=\"post group stories \">\n\t\t<div class=\"thumbnail \">\n\t\t\t\t\t\t\t<a href=\"https:\/\/www.metapack.com\/fr\/customer-stories\/the-entertainer\/\"><img loading=\"lazy\" decoding=\"async\" width=\"800\" height=\"566\" src=\"https:\/\/www.metapack.com\/wp-content\/uploads\/2025\/11\/The-Entertainer-Case-Study-Hero.jpg\" class=\"attachment-large size-large wp-post-image\" alt=\"\" srcset=\"https:\/\/www.metapack.com\/wp-content\/uploads\/2025\/11\/The-Entertainer-Case-Study-Hero.jpg 800w, https:\/\/www.metapack.com\/wp-content\/uploads\/2025\/11\/The-Entertainer-Case-Study-Hero-768x543.jpg 768w\" sizes=\"auto, (max-width: 800px) 100vw, 800px\" \/><\/a>\n\t\t\t\n\t\t\t\t\t<\/div>\n\n\t\t<div class=\"card-content\">\n\n\t\t\t\n\t\t\t\t\n\t\t\t\t<h5 class=\"transition-all\"><a href=\"https:\/\/www.metapack.com\/fr\/customer-stories\/the-entertainer\/\">Flexible logistics helps The Entertainer meet online demand<\/a><\/h5>\n\n\t\t\t\t<div class=\"excerpt\">&#8220;I don&#8217;t think customers will put up with long lead times\u2014they are expecting an outstanding level of service.&#8221;<\/div>\n\t\t\t\t\n\t\t\t\t<div class=\"card-link\">\n\t\t\t\t\t<a class=\"link-btn \" href=\"https:\/\/www.metapack.com\/fr\/customer-stories\/the-entertainer\/\">\n\t\t\t\t\t\tRead Their Story\t\t\t\t\t<\/a>\n\t\t\t\t<\/div>\n\n\t\t\t\t\t<\/div>\n\n\t<\/div>\n<\/div>\n<div class=\"post-card\">\n\t<div class=\"post group stories \">\n\t\t<div class=\"thumbnail \">\n\t\t\t\t\t\t\t<a href=\"https:\/\/www.metapack.com\/fr\/customer-stories\/holland-barrett\/\"><img loading=\"lazy\" decoding=\"async\" width=\"800\" height=\"574\" src=\"https:\/\/www.metapack.com\/wp-content\/uploads\/2025\/11\/Holland-Barrett-Case-Study-Hero.jpg\" class=\"attachment-large size-large wp-post-image\" alt=\"\" srcset=\"https:\/\/www.metapack.com\/wp-content\/uploads\/2025\/11\/Holland-Barrett-Case-Study-Hero.jpg 800w, https:\/\/www.metapack.com\/wp-content\/uploads\/2025\/11\/Holland-Barrett-Case-Study-Hero-768x551.jpg 768w\" sizes=\"auto, (max-width: 800px) 100vw, 800px\" \/><\/a>\n\t\t\t\n\t\t\t\t\t<\/div>\n\n\t\t<div class=\"card-content\">\n\n\t\t\t\n\t\t\t\t\n\t\t\t\t<h5 class=\"transition-all\"><a href=\"https:\/\/www.metapack.com\/fr\/customer-stories\/holland-barrett\/\">Holland &amp; Barrett leverages store inventory in ecommerce boom<\/a><\/h5>\n\n\t\t\t\t<div class=\"excerpt\">&#8220;It\u2019s great having a fantastic online experience but you need that fulfillment proposition to back that up. We will follow customers\u2019 leads as shopping habits change.&#8221;<\/div>\n\t\t\t\t\n\t\t\t\t<div class=\"card-link\">\n\t\t\t\t\t<a class=\"link-btn \" href=\"https:\/\/www.metapack.com\/fr\/customer-stories\/holland-barrett\/\">\n\t\t\t\t\t\tRead Their Story\t\t\t\t\t<\/a>\n\t\t\t\t<\/div>\n\n\t\t\t\t\t<\/div>\n\n\t<\/div>\n<\/div>\n<div class=\"post-card\">\n\t<div class=\"post group stories \">\n\t\t<div class=\"thumbnail \">\n\t\t\t\t\t\t\t<a href=\"https:\/\/www.metapack.com\/fr\/customer-stories\/focusrite\/\"><img loading=\"lazy\" decoding=\"async\" width=\"902\" height=\"627\" src=\"https:\/\/www.metapack.com\/wp-content\/uploads\/2025\/11\/Focusrite-Case-Study-Hero.jpg\" class=\"attachment-large size-large wp-post-image\" alt=\"\" srcset=\"https:\/\/www.metapack.com\/wp-content\/uploads\/2025\/11\/Focusrite-Case-Study-Hero.jpg 902w, https:\/\/www.metapack.com\/wp-content\/uploads\/2025\/11\/Focusrite-Case-Study-Hero-768x534.jpg 768w\" sizes=\"auto, (max-width: 902px) 100vw, 902px\" \/><\/a>\n\t\t\t\n\t\t\t\t\t<\/div>\n\n\t\t<div class=\"card-content\">\n\n\t\t\t\n\t\t\t\t\n\t\t\t\t<h5 class=\"transition-all\"><a href=\"https:\/\/www.metapack.com\/fr\/customer-stories\/focusrite\/\">Focusrite secures global fulfillment post-Brexit<\/a><\/h5>\n\n\t\t\t\t<div class=\"excerpt\">&#8220;We\u2019ve realized the potential of our supply chain and we\u2019ve been in a position where we can meet a surge in demand without having to worry about internal limitations.&#8221;<\/div>\n\t\t\t\t\n\t\t\t\t<div class=\"card-link\">\n\t\t\t\t\t<a class=\"link-btn \" href=\"https:\/\/www.metapack.com\/fr\/customer-stories\/focusrite\/\">\n\t\t\t\t\t\tRead Their Story\t\t\t\t\t<\/a>\n\t\t\t\t<\/div>\n\n\t\t\t\t\t<\/div>\n\n\t<\/div>\n<\/div>\n<div class=\"post-card\">\n\t<div class=\"post group stories \">\n\t\t<div class=\"thumbnail \">\n\t\t\t\t\t\t\t<a href=\"https:\/\/www.metapack.com\/fr\/customer-stories\/boohoo\/\"><img loading=\"lazy\" decoding=\"async\" width=\"800\" height=\"533\" src=\"https:\/\/www.metapack.com\/wp-content\/uploads\/2025\/11\/Boohoo-Case-Study.jpg\" class=\"attachment-large size-large wp-post-image\" alt=\"\" srcset=\"https:\/\/www.metapack.com\/wp-content\/uploads\/2025\/11\/Boohoo-Case-Study.jpg 800w, https:\/\/www.metapack.com\/wp-content\/uploads\/2025\/11\/Boohoo-Case-Study-768x512.jpg 768w, https:\/\/www.metapack.com\/wp-content\/uploads\/2025\/11\/Boohoo-Case-Study-600x400.jpg 600w\" sizes=\"auto, (max-width: 800px) 100vw, 800px\" \/><\/a>\n\t\t\t\n\t\t\t\t\t<\/div>\n\n\t\t<div class=\"card-content\">\n\n\t\t\t\n\t\t\t\t\n\t\t\t\t<h5 class=\"transition-all\"><a href=\"https:\/\/www.metapack.com\/fr\/customer-stories\/boohoo\/\">Boohoo Group expands globally<\/a><\/h5>\n\n\t\t\t\t<div class=\"excerpt\">&#8220;Delivery Manager helps us offer a wider range of delivery options which reflect how our customers want to receive their orders all over the world.&#8221;<\/div>\n\t\t\t\t\n\t\t\t\t<div class=\"card-link\">\n\t\t\t\t\t<a class=\"link-btn \" href=\"https:\/\/www.metapack.com\/fr\/customer-stories\/boohoo\/\">\n\t\t\t\t\t\tRead Their Story\t\t\t\t\t<\/a>\n\t\t\t\t<\/div>\n\n\t\t\t\t\t<\/div>\n\n\t<\/div>\n<\/div>\n<div class=\"post-card\">\n\t<div class=\"post group stories \">\n\t\t<div class=\"thumbnail \">\n\t\t\t\t\t\t\t<a href=\"https:\/\/www.metapack.com\/fr\/customer-stories\/bq\/\"><img loading=\"lazy\" decoding=\"async\" width=\"1024\" height=\"1024\" src=\"https:\/\/www.metapack.com\/wp-content\/uploads\/2025\/11\/BQ_company_logo.svg_-1-1024x1024.png\" class=\"attachment-large size-large wp-post-image\" alt=\"\" srcset=\"https:\/\/www.metapack.com\/wp-content\/uploads\/2025\/11\/BQ_company_logo.svg_-1-1024x1024.png 1024w, https:\/\/www.metapack.com\/wp-content\/uploads\/2025\/11\/BQ_company_logo.svg_-1-768x768.png 768w, https:\/\/www.metapack.com\/wp-content\/uploads\/2025\/11\/BQ_company_logo.svg_-1-300x300.png 300w, https:\/\/www.metapack.com\/wp-content\/uploads\/2025\/11\/BQ_company_logo.svg_-1-600x600.png 600w, https:\/\/www.metapack.com\/wp-content\/uploads\/2025\/11\/BQ_company_logo.svg_-1.png 1080w\" sizes=\"auto, (max-width: 1024px) 100vw, 1024px\" \/><\/a>\n\t\t\t\n\t\t\t\t\t<\/div>\n\n\t\t<div class=\"card-content\">\n\n\t\t\t\n\t\t\t\t\n\t\t\t\t<h5 class=\"transition-all\"><a href=\"https:\/\/www.metapack.com\/fr\/customer-stories\/bq\/\">B&amp;Q: How Metapack Powers Delivery Innovation for the UK&#8217;s Largest DIY Retailer<\/a><\/h5>\n\n\t\t\t\t<div class=\"excerpt\">\u201cMetapack supports us in finding the right carriers to deliver our products to our customers at a time that they expect.\u201d<\/div>\n\t\t\t\t\n\t\t\t\t<div class=\"card-link\">\n\t\t\t\t\t<a class=\"link-btn \" href=\"https:\/\/www.metapack.com\/fr\/customer-stories\/bq\/\">\n\t\t\t\t\t\tRead Their Story\t\t\t\t\t<\/a>\n\t\t\t\t<\/div>\n\n\t\t\t\t\t<\/div>\n\n\t<\/div>\n<\/div>\n\t\t<\/div>\n\t\t\t\t<div class=\"posts-load-more\">\n\t\t\t<button id=\"load-more\" class=\"btn outline load-more \">Load More<\/button>\n\t\t<\/div>\n\t\t\t<\/div>\n<\/div>\n<\/div><\/section>\n\n\n<style>\n.post-card .post {\n    --tw-shadow: 0 1px 3px 0 rgb(0 0 0 \/ 0.1), 0 0px 8px 0px rgb(0 0 0 \/ 0.1);\n    transform: translateY(0);\n    transition: box-shadow 200ms ease, transform 200ms ease;\n}\n.card-link{display:none !important}\n.post-card .post:hover {\n    --tw-shadow: 0 10px 15px -3px rgb(0 0 0 \/ 0.1), 0 4px 12px 0px rgb(0 0 0 \/ 0.1);\n    transform: translateY(-2px);\n}\n<\/style>\n","protected":false},"excerpt":{"rendered":"","protected":false},"author":21,"featured_media":0,"parent":0,"menu_order":0,"comment_status":"closed","ping_status":"closed","template":"","meta":{"_acf_changed":true,"footnotes":""},"class_list":["post-694384","page","type-page","status-publish","hentry"],"acf":[],"yoast_head":"<!-- This site is optimized with the Yoast SEO Premium plugin v26.6 (Yoast SEO v27.3) - https:\/\/yoast.com\/product\/yoast-seo-premium-wordpress\/ -->\n<title>T\u00e9moignages clients et \u00e9tudes de cas | Metapack<\/title>\n<meta name=\"description\" content=\"D\u00e9couvrez comment les marques utilisent Metapack pour am\u00e9liorer la livraison, r\u00e9duire les co\u00fbts et offrir une meilleure exp\u00e9rience client.\" \/>\n<meta name=\"robots\" content=\"index, follow, max-snippet:-1, max-image-preview:large, max-video-preview:-1\" \/>\n<link rel=\"canonical\" href=\"https:\/\/www.metapack.com\/fr\/temoignages-clients\/\" \/>\n<meta property=\"og:locale\" content=\"fr_FR\" \/>\n<meta property=\"og:type\" content=\"article\" \/>\n<meta property=\"og:title\" content=\"\u00c9tudes de cas\" \/>\n<meta property=\"og:description\" content=\"D\u00e9couvrez comment les marques utilisent Metapack pour am\u00e9liorer la livraison, r\u00e9duire les co\u00fbts et offrir une meilleure exp\u00e9rience client.\" \/>\n<meta property=\"og:url\" content=\"https:\/\/www.metapack.com\/fr\/temoignages-clients\/\" \/>\n<meta property=\"og:site_name\" content=\"Metapack\" \/>\n<meta property=\"article:modified_time\" content=\"2026-01-24T13:40:40+00:00\" \/>\n<meta name=\"twitter:card\" content=\"summary_large_image\" \/>\n<script type=\"application\/ld+json\" class=\"yoast-schema-graph\">{\"@context\":\"https:\\\/\\\/schema.org\",\"@graph\":[{\"@type\":\"WebPage\",\"@id\":\"https:\\\/\\\/www.metapack.com\\\/fr\\\/temoignages-clients\\\/\",\"url\":\"https:\\\/\\\/www.metapack.com\\\/fr\\\/temoignages-clients\\\/\",\"name\":\"T\u00e9moignages clients et \u00e9tudes de cas | Metapack\",\"isPartOf\":{\"@id\":\"https:\\\/\\\/www.metapack.com\\\/#website\"},\"datePublished\":\"2016-08-09T04:25:33+00:00\",\"dateModified\":\"2026-01-24T13:40:40+00:00\",\"description\":\"D\u00e9couvrez comment les marques utilisent Metapack pour am\u00e9liorer la livraison, r\u00e9duire les co\u00fbts et offrir une meilleure exp\u00e9rience client.\",\"breadcrumb\":{\"@id\":\"https:\\\/\\\/www.metapack.com\\\/fr\\\/temoignages-clients\\\/#breadcrumb\"},\"inLanguage\":\"fr\",\"potentialAction\":[{\"@type\":\"ReadAction\",\"target\":[\"https:\\\/\\\/www.metapack.com\\\/fr\\\/temoignages-clients\\\/\"]}]},{\"@type\":\"BreadcrumbList\",\"@id\":\"https:\\\/\\\/www.metapack.com\\\/fr\\\/temoignages-clients\\\/#breadcrumb\",\"itemListElement\":[{\"@type\":\"ListItem\",\"position\":1,\"name\":\"Home\",\"item\":\"https:\\\/\\\/www.metapack.com\\\/fr\\\/\"},{\"@type\":\"ListItem\",\"position\":2,\"name\":\"\u00c9tudes de cas\"}]},{\"@type\":\"WebSite\",\"@id\":\"https:\\\/\\\/www.metapack.com\\\/#website\",\"url\":\"https:\\\/\\\/www.metapack.com\\\/\",\"name\":\"Metapack\",\"description\":\"\",\"publisher\":{\"@id\":\"https:\\\/\\\/www.metapack.com\\\/#organization\"},\"potentialAction\":[{\"@type\":\"SearchAction\",\"target\":{\"@type\":\"EntryPoint\",\"urlTemplate\":\"https:\\\/\\\/www.metapack.com\\\/?s={search_term_string}\"},\"query-input\":{\"@type\":\"PropertyValueSpecification\",\"valueRequired\":true,\"valueName\":\"search_term_string\"}}],\"inLanguage\":\"fr\"},{\"@type\":\"Organization\",\"@id\":\"https:\\\/\\\/www.metapack.com\\\/#organization\",\"name\":\"Metapack\",\"url\":\"https:\\\/\\\/www.metapack.com\\\/\",\"logo\":{\"@type\":\"ImageObject\",\"inLanguage\":\"fr\",\"@id\":\"https:\\\/\\\/www.metapack.com\\\/#\\\/schema\\\/logo\\\/image\\\/\",\"url\":\"https:\\\/\\\/www.metapack.com\\\/wp-content\\\/uploads\\\/2026\\\/01\\\/logo-metapack-primary-rgb-1.webp\",\"contentUrl\":\"https:\\\/\\\/www.metapack.com\\\/wp-content\\\/uploads\\\/2026\\\/01\\\/logo-metapack-primary-rgb-1.webp\",\"width\":307,\"height\":52,\"caption\":\"Metapack\"},\"image\":{\"@id\":\"https:\\\/\\\/www.metapack.com\\\/#\\\/schema\\\/logo\\\/image\\\/\"},\"sameAs\":[\"https:\\\/\\\/www.linkedin.com\\\/company\\\/metapack\"]},{\"@type\":\"SoftwareApplication\",\"@id\":\"https:\\\/\\\/www.metapack.com\\\/fr\\\/#software-application\",\"name\":\"ShipStation\",\"url\":\"https:\\\/\\\/www.metapack.com\\\/fr\\\/\",\"applicationCategory\":\"BusinessApplication\",\"operatingSystem\":\"Web Browser\"}]}<\/script>\n<!-- \/ Yoast SEO Premium plugin. -->","yoast_head_json":{"title":"T\u00e9moignages clients et \u00e9tudes de cas | Metapack","description":"D\u00e9couvrez comment les marques utilisent Metapack pour am\u00e9liorer la livraison, r\u00e9duire les co\u00fbts et offrir une meilleure exp\u00e9rience client.","robots":{"index":"index","follow":"follow","max-snippet":"max-snippet:-1","max-image-preview":"max-image-preview:large","max-video-preview":"max-video-preview:-1"},"canonical":"https:\/\/www.metapack.com\/fr\/temoignages-clients\/","og_locale":"fr_FR","og_type":"article","og_title":"\u00c9tudes de cas","og_description":"D\u00e9couvrez comment les marques utilisent Metapack pour am\u00e9liorer la livraison, r\u00e9duire les co\u00fbts et offrir une meilleure exp\u00e9rience client.","og_url":"https:\/\/www.metapack.com\/fr\/temoignages-clients\/","og_site_name":"Metapack","article_modified_time":"2026-01-24T13:40:40+00:00","twitter_card":"summary_large_image","schema":{"@context":"https:\/\/schema.org","@graph":[{"@type":"WebPage","@id":"https:\/\/www.metapack.com\/fr\/temoignages-clients\/","url":"https:\/\/www.metapack.com\/fr\/temoignages-clients\/","name":"T\u00e9moignages clients et \u00e9tudes de cas | Metapack","isPartOf":{"@id":"https:\/\/www.metapack.com\/#website"},"datePublished":"2016-08-09T04:25:33+00:00","dateModified":"2026-01-24T13:40:40+00:00","description":"D\u00e9couvrez comment les marques utilisent Metapack pour am\u00e9liorer la livraison, r\u00e9duire les co\u00fbts et offrir une meilleure exp\u00e9rience client.","breadcrumb":{"@id":"https:\/\/www.metapack.com\/fr\/temoignages-clients\/#breadcrumb"},"inLanguage":"fr","potentialAction":[{"@type":"ReadAction","target":["https:\/\/www.metapack.com\/fr\/temoignages-clients\/"]}]},{"@type":"BreadcrumbList","@id":"https:\/\/www.metapack.com\/fr\/temoignages-clients\/#breadcrumb","itemListElement":[{"@type":"ListItem","position":1,"name":"Home","item":"https:\/\/www.metapack.com\/fr\/"},{"@type":"ListItem","position":2,"name":"\u00c9tudes de cas"}]},{"@type":"WebSite","@id":"https:\/\/www.metapack.com\/#website","url":"https:\/\/www.metapack.com\/","name":"Metapack","description":"","publisher":{"@id":"https:\/\/www.metapack.com\/#organization"},"potentialAction":[{"@type":"SearchAction","target":{"@type":"EntryPoint","urlTemplate":"https:\/\/www.metapack.com\/?s={search_term_string}"},"query-input":{"@type":"PropertyValueSpecification","valueRequired":true,"valueName":"search_term_string"}}],"inLanguage":"fr"},{"@type":"Organization","@id":"https:\/\/www.metapack.com\/#organization","name":"Metapack","url":"https:\/\/www.metapack.com\/","logo":{"@type":"ImageObject","inLanguage":"fr","@id":"https:\/\/www.metapack.com\/#\/schema\/logo\/image\/","url":"https:\/\/www.metapack.com\/wp-content\/uploads\/2026\/01\/logo-metapack-primary-rgb-1.webp","contentUrl":"https:\/\/www.metapack.com\/wp-content\/uploads\/2026\/01\/logo-metapack-primary-rgb-1.webp","width":307,"height":52,"caption":"Metapack"},"image":{"@id":"https:\/\/www.metapack.com\/#\/schema\/logo\/image\/"},"sameAs":["https:\/\/www.linkedin.com\/company\/metapack"]},{"@type":"SoftwareApplication","@id":"https:\/\/www.metapack.com\/fr\/#software-application","name":"ShipStation","url":"https:\/\/www.metapack.com\/fr\/","applicationCategory":"BusinessApplication","operatingSystem":"Web Browser"}]}},"_links":{"self":[{"href":"https:\/\/www.metapack.com\/fr\/wp-json\/wp\/v2\/pages\/694384","targetHints":{"allow":["GET"]}}],"collection":[{"href":"https:\/\/www.metapack.com\/fr\/wp-json\/wp\/v2\/pages"}],"about":[{"href":"https:\/\/www.metapack.com\/fr\/wp-json\/wp\/v2\/types\/page"}],"author":[{"embeddable":true,"href":"https:\/\/www.metapack.com\/fr\/wp-json\/wp\/v2\/users\/21"}],"replies":[{"embeddable":true,"href":"https:\/\/www.metapack.com\/fr\/wp-json\/wp\/v2\/comments?post=694384"}],"version-history":[{"count":0,"href":"https:\/\/www.metapack.com\/fr\/wp-json\/wp\/v2\/pages\/694384\/revisions"}],"wp:attachment":[{"href":"https:\/\/www.metapack.com\/fr\/wp-json\/wp\/v2\/media?parent=694384"}],"curies":[{"name":"wp","href":"https:\/\/api.w.org\/{rel}","templated":true}]}}