{"id":694376,"date":"2018-05-21T18:24:55","date_gmt":"2018-05-21T18:24:55","guid":{"rendered":"https:\/\/www.metapack.com\/?page_id=694376"},"modified":"2026-01-20T16:36:00","modified_gmt":"2026-01-20T16:36:00","slug":"protection-des-donnees-et-demandes-relatives-aux-droits-individuels","status":"publish","type":"page","link":"https:\/\/www.metapack.com\/fr\/protection-des-donnees-et-demandes-relatives-aux-droits-individuels\/","title":{"rendered":"Protection des donn\u00e9es et demandes relatives aux droits individuels"},"content":{"rendered":"\n<p>Le groupe Metapack prend tr\u00e8s au s\u00e9rieux ses responsabilit\u00e9s en tant que responsable du traitement des donn\u00e9es.<\/p>\n\n\n\n<p>Si vous pensez que nous d\u00e9tenons vos donn\u00e9es parce que vous avez pass\u00e9 une commande aupr\u00e8s de l\u2019une de nos marques ou de l\u2019un de nos partenaires distributeurs, cette entreprise sera le responsable du traitement des donn\u00e9es. Veuillez la contacter directement pour formuler votre demande ; nous lui fournirons les informations n\u00e9cessaires \u00e0 sa demande.<\/p>\n\n\n\n<p>Si nous d\u00e9tenons vos donn\u00e9es parce que vous nous les avez fournies, par exemple via notre site web ou en vous inscrivant ou en participant \u00e0 l\u2019un de nos \u00e9v\u00e9nements, alors nous sommes le responsable du traitement des donn\u00e9es.<\/p>\n\n\n\n<h3 class=\"wp-block-heading\" id=\"h-vos-droits\">Vos droits<\/h3>\n\n\n\n<p>Le <a href=\"http:\/\/eur-lex.europa.eu\/legal-content\/EN\/TXT\/?uri=uriserv:OJ.L_.2016.119.01.0001.01.ENG\">RGPD (R\u00e8glement g\u00e9n\u00e9ral sur la protection des donn\u00e9es de l\u2019Union europ\u00e9enne)<\/a> accorde aux personnes concern\u00e9es un certain nombre de droits concernant leurs donn\u00e9es personnelles :<\/p>\n\n\n\n<ul class=\"wp-block-list\">\n<li><strong>Art. 15 :<\/strong> Droit d\u2019acc\u00e8s (commun\u00e9ment appel\u00e9 DSAR : demande d\u2019acc\u00e8s des personnes concern\u00e9es)<\/li>\n\n\n\n<li><strong>Art. 16 :<\/strong> Droit de rectification (c\u2019est-\u00e0-dire le droit de corriger des donn\u00e9es personnelles)<\/li>\n\n\n\n<li><strong>Art. 17 :<\/strong> Droit \u00e0 l\u2019effacement (droit \u00e0 l\u2019oubli)<\/li>\n\n\n\n<li><strong>Art. 18 :<\/strong> Droit \u00e0 la limitation du traitement<\/li>\n\n\n\n<li><strong>Art. 20 :<\/strong> Droit \u00e0 la portabilit\u00e9 des donn\u00e9es<\/li>\n\n\n\n<li><strong>Art. 21 :<\/strong> Droit d\u2019opposition au traitement<\/li>\n\n\n\n<li><strong>Art. 22 :<\/strong> Droit de ne pas faire l\u2019objet d\u2019une d\u00e9cision fond\u00e9e exclusivement sur un traitement automatis\u00e9, y compris le profilage<\/li>\n<\/ul>\n\n\n\n<h3 class=\"wp-block-heading\" id=\"h-procedure-pour-demander-vos-informations\">Proc\u00e9dure pour demander vos informations<\/h3>\n\n\n\n<p>Veuillez <strong>t\u00e9l\u00e9charger et remplir <a href=\"https:\/\/www.metapack.com\/wp-content\/uploads\/2025\/12\/All-Data-Subject-Requests-Form-GDPR.pdf\">ce formulaire<\/a><\/strong>, puis envoyer votre demande par e-mail \u00e0 <strong><a>dataprotection@metapack.com<\/a><\/strong>.<\/p>\n\n\n\n<p>Nous vous enverrons un e-mail d\u2019accus\u00e9 de r\u00e9ception d\u00e8s r\u00e9ception de votre formulaire compl\u00e9t\u00e9, puis les informations demand\u00e9es dans un d\u00e9lai d\u2019un mois \u00e0 compter de la r\u00e9ception d\u2019une demande valide, dans la mesure du possible. Une demande est consid\u00e9r\u00e9e comme valide lorsque nous avons re\u00e7u votre justificatif d\u2019identit\u00e9 ainsi que des informations suffisantes pour nous permettre de traiter votre demande.<\/p>\n\n\n\n<p>Dans certains cas, si votre demande est complexe, son traitement peut prendre jusqu\u2019\u00e0 trois mois.<\/p>\n\n\n\n<p>Veuillez noter que si le formulaire n\u2019est pas correctement compl\u00e9t\u00e9 ou si vous ne fournissez pas les informations n\u00e9cessaires pour nous permettre de localiser vos donn\u00e9es, le traitement de votre demande pourra prendre plus de temps.<\/p>\n\n\n\n<p>Si vous avez des questions concernant la proc\u00e9dure de traitement des demandes relatives aux droits individuels en mati\u00e8re de protection des donn\u00e9es, veuillez envoyer un e-mail \u00e0 <strong><a>dataprotection@metapack.com<\/a><\/strong>.<\/p>\n","protected":false},"excerpt":{"rendered":"<p>Le groupe Metapack prend tr\u00e8s au s\u00e9rieux ses responsabilit\u00e9s en tant que responsable du traitement des donn\u00e9es. Si vous pensez que nous d\u00e9tenons vos donn\u00e9es parce que vous avez pass\u00e9 une commande aupr\u00e8s de l\u2019une de nos marques ou de l\u2019un de nos partenaires distributeurs, cette entreprise sera le responsable du traitement des donn\u00e9es. Veuillez [&hellip;]<\/p>\n","protected":false},"author":21,"featured_media":0,"parent":0,"menu_order":0,"comment_status":"closed","ping_status":"closed","template":"default.php","meta":{"_acf_changed":false,"footnotes":""},"class_list":["post-694376","page","type-page","status-publish","hentry"],"acf":[],"yoast_head":"<!-- This site is optimized with the Yoast SEO Premium plugin v26.6 (Yoast SEO v27.3) - https:\/\/yoast.com\/product\/yoast-seo-premium-wordpress\/ -->\n<title>Protection des donn\u00e9es et droits individuels | Metapack<\/title>\n<meta name=\"description\" content=\"D\u00e9couvrez comment exercer vos droits en mati\u00e8re de protection des donn\u00e9es et soumettre des demandes li\u00e9es au RGPD aupr\u00e8s de Metapack.\" \/>\n<meta name=\"robots\" content=\"index, follow, max-snippet:-1, max-image-preview:large, max-video-preview:-1\" \/>\n<link rel=\"canonical\" href=\"https:\/\/www.metapack.com\/fr\/protection-des-donnees-et-demandes-relatives-aux-droits-individuels\/\" \/>\n<meta property=\"og:locale\" content=\"fr_FR\" \/>\n<meta property=\"og:type\" content=\"article\" \/>\n<meta property=\"og:title\" content=\"Protection des donn\u00e9es et demandes relatives aux droits individuels\" \/>\n<meta property=\"og:description\" content=\"D\u00e9couvrez comment exercer vos droits en mati\u00e8re de protection des donn\u00e9es et soumettre des demandes li\u00e9es au RGPD aupr\u00e8s de Metapack.\" \/>\n<meta property=\"og:url\" content=\"https:\/\/www.metapack.com\/fr\/protection-des-donnees-et-demandes-relatives-aux-droits-individuels\/\" \/>\n<meta property=\"og:site_name\" content=\"Metapack\" \/>\n<meta property=\"article:modified_time\" content=\"2026-01-20T16:36:00+00:00\" \/>\n<meta name=\"twitter:card\" content=\"summary_large_image\" \/>\n<meta name=\"twitter:label1\" content=\"Est. reading time\" \/>\n\t<meta name=\"twitter:data1\" content=\"2 minutes\" \/>\n<script type=\"application\/ld+json\" class=\"yoast-schema-graph\">{\"@context\":\"https:\\\/\\\/schema.org\",\"@graph\":[{\"@type\":\"WebPage\",\"@id\":\"https:\\\/\\\/www.metapack.com\\\/fr\\\/protection-des-donnees-et-demandes-relatives-aux-droits-individuels\\\/\",\"url\":\"https:\\\/\\\/www.metapack.com\\\/fr\\\/protection-des-donnees-et-demandes-relatives-aux-droits-individuels\\\/\",\"name\":\"Protection des donn\u00e9es et droits individuels | Metapack\",\"isPartOf\":{\"@id\":\"https:\\\/\\\/www.metapack.com\\\/#website\"},\"datePublished\":\"2018-05-21T18:24:55+00:00\",\"dateModified\":\"2026-01-20T16:36:00+00:00\",\"description\":\"D\u00e9couvrez comment exercer vos droits en mati\u00e8re de protection des donn\u00e9es et soumettre des demandes li\u00e9es au RGPD aupr\u00e8s de Metapack.\",\"breadcrumb\":{\"@id\":\"https:\\\/\\\/www.metapack.com\\\/fr\\\/protection-des-donnees-et-demandes-relatives-aux-droits-individuels\\\/#breadcrumb\"},\"inLanguage\":\"fr\",\"potentialAction\":[{\"@type\":\"ReadAction\",\"target\":[\"https:\\\/\\\/www.metapack.com\\\/fr\\\/protection-des-donnees-et-demandes-relatives-aux-droits-individuels\\\/\"]}]},{\"@type\":\"BreadcrumbList\",\"@id\":\"https:\\\/\\\/www.metapack.com\\\/fr\\\/protection-des-donnees-et-demandes-relatives-aux-droits-individuels\\\/#breadcrumb\",\"itemListElement\":[{\"@type\":\"ListItem\",\"position\":1,\"name\":\"Home\",\"item\":\"https:\\\/\\\/www.metapack.com\\\/fr\\\/\"},{\"@type\":\"ListItem\",\"position\":2,\"name\":\"Protection des donn\u00e9es et demandes relatives aux droits individuels\"}]},{\"@type\":\"WebSite\",\"@id\":\"https:\\\/\\\/www.metapack.com\\\/#website\",\"url\":\"https:\\\/\\\/www.metapack.com\\\/\",\"name\":\"Metapack\",\"description\":\"\",\"publisher\":{\"@id\":\"https:\\\/\\\/www.metapack.com\\\/#organization\"},\"potentialAction\":[{\"@type\":\"SearchAction\",\"target\":{\"@type\":\"EntryPoint\",\"urlTemplate\":\"https:\\\/\\\/www.metapack.com\\\/?s={search_term_string}\"},\"query-input\":{\"@type\":\"PropertyValueSpecification\",\"valueRequired\":true,\"valueName\":\"search_term_string\"}}],\"inLanguage\":\"fr\"},{\"@type\":\"Organization\",\"@id\":\"https:\\\/\\\/www.metapack.com\\\/#organization\",\"name\":\"Metapack\",\"url\":\"https:\\\/\\\/www.metapack.com\\\/\",\"logo\":{\"@type\":\"ImageObject\",\"inLanguage\":\"fr\",\"@id\":\"https:\\\/\\\/www.metapack.com\\\/#\\\/schema\\\/logo\\\/image\\\/\",\"url\":\"https:\\\/\\\/www.metapack.com\\\/wp-content\\\/uploads\\\/2026\\\/01\\\/logo-metapack-primary-rgb-1.webp\",\"contentUrl\":\"https:\\\/\\\/www.metapack.com\\\/wp-content\\\/uploads\\\/2026\\\/01\\\/logo-metapack-primary-rgb-1.webp\",\"width\":307,\"height\":52,\"caption\":\"Metapack\"},\"image\":{\"@id\":\"https:\\\/\\\/www.metapack.com\\\/#\\\/schema\\\/logo\\\/image\\\/\"},\"sameAs\":[\"https:\\\/\\\/www.linkedin.com\\\/company\\\/metapack\"]},{\"@type\":\"SoftwareApplication\",\"@id\":\"https:\\\/\\\/www.metapack.com\\\/fr\\\/#software-application\",\"name\":\"ShipStation\",\"url\":\"https:\\\/\\\/www.metapack.com\\\/fr\\\/\",\"applicationCategory\":\"BusinessApplication\",\"operatingSystem\":\"Web Browser\"}]}<\/script>\n<!-- \/ Yoast SEO Premium plugin. -->","yoast_head_json":{"title":"Protection des donn\u00e9es et droits individuels | Metapack","description":"D\u00e9couvrez comment exercer vos droits en mati\u00e8re de protection des donn\u00e9es et soumettre des demandes li\u00e9es au RGPD aupr\u00e8s de Metapack.","robots":{"index":"index","follow":"follow","max-snippet":"max-snippet:-1","max-image-preview":"max-image-preview:large","max-video-preview":"max-video-preview:-1"},"canonical":"https:\/\/www.metapack.com\/fr\/protection-des-donnees-et-demandes-relatives-aux-droits-individuels\/","og_locale":"fr_FR","og_type":"article","og_title":"Protection des donn\u00e9es et demandes relatives aux droits individuels","og_description":"D\u00e9couvrez comment exercer vos droits en mati\u00e8re de protection des donn\u00e9es et soumettre des demandes li\u00e9es au RGPD aupr\u00e8s de Metapack.","og_url":"https:\/\/www.metapack.com\/fr\/protection-des-donnees-et-demandes-relatives-aux-droits-individuels\/","og_site_name":"Metapack","article_modified_time":"2026-01-20T16:36:00+00:00","twitter_card":"summary_large_image","twitter_misc":{"Est. reading time":"2 minutes"},"schema":{"@context":"https:\/\/schema.org","@graph":[{"@type":"WebPage","@id":"https:\/\/www.metapack.com\/fr\/protection-des-donnees-et-demandes-relatives-aux-droits-individuels\/","url":"https:\/\/www.metapack.com\/fr\/protection-des-donnees-et-demandes-relatives-aux-droits-individuels\/","name":"Protection des donn\u00e9es et droits individuels | Metapack","isPartOf":{"@id":"https:\/\/www.metapack.com\/#website"},"datePublished":"2018-05-21T18:24:55+00:00","dateModified":"2026-01-20T16:36:00+00:00","description":"D\u00e9couvrez comment exercer vos droits en mati\u00e8re de protection des donn\u00e9es et soumettre des demandes li\u00e9es au RGPD aupr\u00e8s de Metapack.","breadcrumb":{"@id":"https:\/\/www.metapack.com\/fr\/protection-des-donnees-et-demandes-relatives-aux-droits-individuels\/#breadcrumb"},"inLanguage":"fr","potentialAction":[{"@type":"ReadAction","target":["https:\/\/www.metapack.com\/fr\/protection-des-donnees-et-demandes-relatives-aux-droits-individuels\/"]}]},{"@type":"BreadcrumbList","@id":"https:\/\/www.metapack.com\/fr\/protection-des-donnees-et-demandes-relatives-aux-droits-individuels\/#breadcrumb","itemListElement":[{"@type":"ListItem","position":1,"name":"Home","item":"https:\/\/www.metapack.com\/fr\/"},{"@type":"ListItem","position":2,"name":"Protection des donn\u00e9es et demandes relatives aux droits individuels"}]},{"@type":"WebSite","@id":"https:\/\/www.metapack.com\/#website","url":"https:\/\/www.metapack.com\/","name":"Metapack","description":"","publisher":{"@id":"https:\/\/www.metapack.com\/#organization"},"potentialAction":[{"@type":"SearchAction","target":{"@type":"EntryPoint","urlTemplate":"https:\/\/www.metapack.com\/?s={search_term_string}"},"query-input":{"@type":"PropertyValueSpecification","valueRequired":true,"valueName":"search_term_string"}}],"inLanguage":"fr"},{"@type":"Organization","@id":"https:\/\/www.metapack.com\/#organization","name":"Metapack","url":"https:\/\/www.metapack.com\/","logo":{"@type":"ImageObject","inLanguage":"fr","@id":"https:\/\/www.metapack.com\/#\/schema\/logo\/image\/","url":"https:\/\/www.metapack.com\/wp-content\/uploads\/2026\/01\/logo-metapack-primary-rgb-1.webp","contentUrl":"https:\/\/www.metapack.com\/wp-content\/uploads\/2026\/01\/logo-metapack-primary-rgb-1.webp","width":307,"height":52,"caption":"Metapack"},"image":{"@id":"https:\/\/www.metapack.com\/#\/schema\/logo\/image\/"},"sameAs":["https:\/\/www.linkedin.com\/company\/metapack"]},{"@type":"SoftwareApplication","@id":"https:\/\/www.metapack.com\/fr\/#software-application","name":"ShipStation","url":"https:\/\/www.metapack.com\/fr\/","applicationCategory":"BusinessApplication","operatingSystem":"Web Browser"}]}},"_links":{"self":[{"href":"https:\/\/www.metapack.com\/fr\/wp-json\/wp\/v2\/pages\/694376","targetHints":{"allow":["GET"]}}],"collection":[{"href":"https:\/\/www.metapack.com\/fr\/wp-json\/wp\/v2\/pages"}],"about":[{"href":"https:\/\/www.metapack.com\/fr\/wp-json\/wp\/v2\/types\/page"}],"author":[{"embeddable":true,"href":"https:\/\/www.metapack.com\/fr\/wp-json\/wp\/v2\/users\/21"}],"replies":[{"embeddable":true,"href":"https:\/\/www.metapack.com\/fr\/wp-json\/wp\/v2\/comments?post=694376"}],"version-history":[{"count":0,"href":"https:\/\/www.metapack.com\/fr\/wp-json\/wp\/v2\/pages\/694376\/revisions"}],"wp:attachment":[{"href":"https:\/\/www.metapack.com\/fr\/wp-json\/wp\/v2\/media?parent=694376"}],"curies":[{"name":"wp","href":"https:\/\/api.w.org\/{rel}","templated":true}]}}