{"id":694370,"date":"2018-05-17T11:41:33","date_gmt":"2018-05-17T11:41:33","guid":{"rendered":"https:\/\/www.metapack.com\/?page_id=694370"},"modified":"2026-01-20T16:26:21","modified_gmt":"2026-01-20T16:26:21","slug":"politique-de-cookies","status":"publish","type":"page","link":"https:\/\/www.metapack.com\/fr\/politique-de-cookies\/","title":{"rendered":"Politique relative aux cookies du groupe Metapack"},"content":{"rendered":"\n<p>Notre site web utilise des cookies afin de vous distinguer des autres utilisateurs. Cela nous aide \u00e0 vous offrir une exp\u00e9rience de navigation de qualit\u00e9 et nous permet \u00e9galement d\u2019am\u00e9liorer notre site. En poursuivant votre navigation sur le site, vous acceptez l\u2019utilisation de cookies.<\/p>\n\n\n\n<p>Un cookie est un petit fichier texte qui est plac\u00e9 sur votre navigateur ou sur le disque dur de votre ordinateur, si vous y consentez. Les cookies contiennent des informations qui sont transf\u00e9r\u00e9es sur le disque dur de votre ordinateur.<\/p>\n\n\n\n<p>Nous utilisons les cookies suivants :<\/p>\n\n\n\n<p><strong>Cookies strictement n\u00e9cessaires.<\/strong><br>Ces cookies sont indispensables au fonctionnement de notre site web. Ils incluent, par exemple, des cookies qui vous permettent d\u2019acc\u00e9der \u00e0 des zones s\u00e9curis\u00e9es de notre site, d\u2019utiliser un panier d\u2019achat ou de recourir \u00e0 des services de facturation \u00e9lectronique.<\/p>\n\n\n\n<p><strong>Cookies analytiques \/ de performance.<\/strong><br>Ils nous permettent de reconna\u00eetre et de compter le nombre de visiteurs et d\u2019observer la mani\u00e8re dont les visiteurs naviguent sur notre site. Cela nous aide \u00e0 am\u00e9liorer le fonctionnement de notre site, par exemple en veillant \u00e0 ce que les utilisateurs trouvent facilement ce qu\u2019ils recherchent.<\/p>\n\n\n\n<p><strong>Cookies de fonctionnalit\u00e9.<\/strong><br>Ils sont utilis\u00e9s pour vous reconna\u00eetre lorsque vous revenez sur notre site. Cela nous permet de personnaliser notre contenu, de vous accueillir par votre nom et de m\u00e9moriser vos pr\u00e9f\u00e9rences (par exemple, votre choix de langue ou de r\u00e9gion).<\/p>\n\n\n\n<p><strong>Cookies de ciblage.<\/strong><br>Ces cookies enregistrent votre visite sur notre site, les pages que vous avez consult\u00e9es et les liens que vous avez suivis. Nous utilisons ces informations pour rendre notre site et la publicit\u00e9 qui y est affich\u00e9e plus pertinents au regard de vos centres d\u2019int\u00e9r\u00eat. Nous pouvons \u00e9galement partager ces informations avec des tiers \u00e0 cette fin. Vous trouverez plus d\u2019informations sur les cookies que nous utilisons et les finalit\u00e9s associ\u00e9es dans le tableau ci-dessous.<\/p>\n\n\n\n<figure class=\"wp-block-table\"><table class=\"has-fixed-layout\"><thead><tr><th><strong>Website<\/strong><\/th><th><strong>Cookie<\/strong><\/th><th><strong>Finalit\u00e9<\/strong><\/th><\/tr><\/thead><tbody><tr><td>Metapack.com<\/td><td>PHPSESSID<\/td><td>Les cookies de session stockent des informations temporaires sous la forme d\u2019un identifiant de session qui ne permet pas d\u2019identifier personnellement l\u2019utilisateur. Ils ne sont pas conserv\u00e9s apr\u00e8s la fermeture du navigateur.<\/td><\/tr><tr><td>Metapack.com; thedeliveryconfe rence.com<\/td><td>_cfduid<\/td><td>Ce cookie est d\u00e9fini afin d\u2019identifier le trafic web de confiance. Il ne correspond \u00e0 aucun identifiant utilisateur dans l\u2019application web et ne stocke aucune information permettant d\u2019identifier personnellement un utilisateur.<\/td><\/tr><tr><td>Metapack.com; thedeliveryconfe rence.com; data.metapack. com<\/td><td>_ga _gat _gid _gat_gtag_UA_14 73890_6<\/td><td>Ces cookies tiers sont enregistr\u00e9s sur votre appareil afin de nous permettre d\u2019utiliser le service Google Analytics. Ils collectent des informations anonymes sur la mani\u00e8re dont les visiteurs utilisent notre site. Nous les utilisons pour \u00e9tablir des rapports d\u2019utilisation du site web, notamment le nombre de visiteurs, les sites depuis lesquels ils sont arriv\u00e9s sur notre site et les pages qui ont \u00e9t\u00e9 consult\u00e9es.<\/td><\/tr><tr><td>Metapack.com<\/td><td>(_icl_current_ language<\/td><td>Ce cookie enregistre les param\u00e8tres de langue actuels du site web. Il ne contient aucune donn\u00e9e personnelle.<\/td><\/tr><tr><td>Metapack.com<\/td><td>Hotjar<\/td><td>Nous utilisons Hotjar afin de mieux comprendre les besoins de nos utilisateurs et d\u2019optimiser ce service ainsi que l\u2019exp\u00e9rience propos\u00e9e. Hotjar utilise des cookies et d\u2019autres technologies pour collecter des donn\u00e9es sur le comportement de nos utilisateurs et leurs appareils (notamment l\u2019adresse IP de l\u2019appareil, collect\u00e9e et stock\u00e9e uniquement sous forme anonymis\u00e9e, la taille de l\u2019\u00e9cran, le type d\u2019appareil \u2014 identifiants uniques de l\u2019appareil \u2014, les informations relatives au navigateur, la localisation g\u00e9ographique (pays uniquement) et la langue pr\u00e9f\u00e9r\u00e9e utilis\u00e9e pour afficher notre site web).<br>Hotjar conserve ces informations dans un profil utilisateur pseudonymis\u00e9. Ni Hotjar ni nous n\u2019utiliserons ces informations pour identifier des utilisateurs individuels ou pour les recouper avec d\u2019autres donn\u00e9es relatives \u00e0 un utilisateur donn\u00e9.<\/td><\/tr><tr><td>Metapack.com<\/td><td>wp29620<\/td><td>Un cookie WordPress g\u00e9n\u00e9rique. Il ne contient aucune donn\u00e9e personnelle.<\/td><\/tr><tr><td>thedeliveryconfer ence.com<\/td><td>wfvt_762383019<\/td><td>Les cookies de session stockent des informations temporaires sous la forme d\u2019un identifiant de session qui ne permet pas d\u2019identifier personnellement l\u2019utilisateur. Ils ne sont pas conserv\u00e9s apr\u00e8s la fermeture du navigateur.<\/td><\/tr><tr><td>thedeliveryconfer ence.com<\/td><td>wordfence_verifi edHuman<\/td><td>Ce cookie est utilis\u00e9 par l\u2019extension de s\u00e9curit\u00e9 Wordfence pour WordPress afin de v\u00e9rifier que vous \u00eates un utilisateur humain et renforcer la s\u00e9curit\u00e9. Il ne contient aucune donn\u00e9e personnelle.<\/td><\/tr><tr><td>Data.metapack. com<\/td><td>XSRF-TOKEN<\/td><td>Les jetons de protection contre les attaques de type <em>Cross-Site Request Forgery<\/em> (CSRF) constituent une mesure de s\u00e9curit\u00e9 visant \u00e0 pr\u00e9venir les attaques malveillantes sur les applications web. Ils ne contiennent aucune donn\u00e9e personnelle.<\/td><\/tr><tr><td>Data.metapack. com<\/td><td>metapack_deliveri ng_data_session<\/td><td>Les cookies de session stockent des informations temporaires sous la forme d\u2019un identifiant de session qui ne permet pas d\u2019identifier personnellement l\u2019utilisateur. Ils ne sont pas conserv\u00e9s apr\u00e8s la fermeture du navigateur.<\/td><\/tr><\/tbody><\/table><\/figure>\n\n\n\n<p>Veuillez noter que des tiers (y compris, par exemple, des r\u00e9seaux publicitaires et des fournisseurs de services externes tels que des services d\u2019analyse du trafic web) peuvent \u00e9galement utiliser des cookies. Nous n\u2019avons aucun contr\u00f4le sur le contenu des cookies tiers, qui sont susceptibles d\u2019\u00eatre des cookies analytiques\/de performance ou des cookies de ciblage.<\/p>\n\n\n\n<p>Vous pouvez bloquer les cookies en activant le param\u00e8tre de votre navigateur qui vous permet d\u2019\u00eatre inform\u00e9 de l\u2019installation de cookies ou de la refuser. Toutefois, si vous d\u00e9sactivez les cookies, certaines fonctionnalit\u00e9s de ce site web peuvent \u00eatre limit\u00e9es ou ne pas fonctionner correctement.<\/p>\n\n\n\n<p>De nombreux cookies sont des \u00ab cookies de session \u00bb. Ils expirent lorsque vous fermez votre navigateur. Certains cookies ont une dur\u00e9e de vie plus longue, par exemple pour vous reconna\u00eetre lorsque vous revenez sur le site. Ces cookies restent stock\u00e9s sur votre appareil jusqu\u2019\u00e0 ce que vous les supprimiez.<\/p>\n\n\n\n<p>Vous pouvez obtenir davantage d\u2019informations sur les cookies et sur la mani\u00e8re de modifier les param\u00e8tres de votre navigateur aux adresses suivantes :<\/p>\n\n\n\n<p>Guide sur les cookies du <em>Information Commissioner\u2019s Office<\/em> (Royaume-Uni) :<br><a href=\"https:\/\/ico.org.uk\/for-the-public\/online\/cookies\/\">https:\/\/ico.org.uk\/for-the-public\/online\/cookies\/<\/a><\/p>\n\n\n\n<p>Informations de la Commission europ\u00e9enne sur les cookies :<br><a href=\"http:\/\/ec.europa.eu\/ipg\/basics\/legal\/cookies\/index_en.htm\">http:\/\/ec.europa.eu\/ipg\/basics\/legal\/cookies\/index_en.htm<\/a><\/p>\n","protected":false},"excerpt":{"rendered":"<p>Notre site web utilise des cookies afin de vous distinguer des autres utilisateurs. Cela nous aide \u00e0 vous offrir une exp\u00e9rience de navigation de qualit\u00e9 et nous permet \u00e9galement d\u2019am\u00e9liorer notre site. En poursuivant votre navigation sur le site, vous acceptez l\u2019utilisation de cookies. Un cookie est un petit fichier texte qui est plac\u00e9 sur [&hellip;]<\/p>\n","protected":false},"author":21,"featured_media":0,"parent":0,"menu_order":0,"comment_status":"closed","ping_status":"closed","template":"default.php","meta":{"_acf_changed":false,"footnotes":""},"class_list":["post-694370","page","type-page","status-publish","hentry"],"acf":[],"yoast_head":"<!-- This site is optimized with the Yoast SEO Premium plugin v26.6 (Yoast SEO v27.4) - https:\/\/yoast.com\/product\/yoast-seo-premium-wordpress\/ -->\n<title>Politique de cookies | Metapack<\/title>\n<meta name=\"description\" content=\"D\u00e9couvrez comment Metapack utilise les cookies pour am\u00e9liorer votre exp\u00e9rience, mesurer la performance et garantir la s\u00e9curit\u00e9 du site.\" \/>\n<meta name=\"robots\" content=\"index, follow, max-snippet:-1, max-image-preview:large, max-video-preview:-1\" \/>\n<link rel=\"canonical\" href=\"https:\/\/www.metapack.com\/fr\/politique-de-cookies\/\" \/>\n<meta property=\"og:locale\" content=\"fr_FR\" \/>\n<meta property=\"og:type\" content=\"article\" \/>\n<meta property=\"og:title\" content=\"Politique relative aux cookies du groupe Metapack\" \/>\n<meta property=\"og:description\" content=\"D\u00e9couvrez comment Metapack utilise les cookies pour am\u00e9liorer votre exp\u00e9rience, mesurer la performance et garantir la s\u00e9curit\u00e9 du site.\" \/>\n<meta property=\"og:url\" content=\"https:\/\/www.metapack.com\/fr\/politique-de-cookies\/\" \/>\n<meta property=\"og:site_name\" content=\"Metapack\" \/>\n<meta property=\"article:modified_time\" content=\"2026-01-20T16:26:21+00:00\" \/>\n<meta name=\"twitter:card\" content=\"summary_large_image\" \/>\n<meta name=\"twitter:label1\" content=\"Est. reading time\" \/>\n\t<meta name=\"twitter:data1\" content=\"5 minutes\" \/>\n<script type=\"application\/ld+json\" class=\"yoast-schema-graph\">{\"@context\":\"https:\\\/\\\/schema.org\",\"@graph\":[{\"@type\":\"WebPage\",\"@id\":\"https:\\\/\\\/www.metapack.com\\\/fr\\\/politique-de-cookies\\\/\",\"url\":\"https:\\\/\\\/www.metapack.com\\\/fr\\\/politique-de-cookies\\\/\",\"name\":\"Politique de cookies | Metapack\",\"isPartOf\":{\"@id\":\"https:\\\/\\\/www.metapack.com\\\/#website\"},\"datePublished\":\"2018-05-17T11:41:33+00:00\",\"dateModified\":\"2026-01-20T16:26:21+00:00\",\"description\":\"D\u00e9couvrez comment Metapack utilise les cookies pour am\u00e9liorer votre exp\u00e9rience, mesurer la performance et garantir la s\u00e9curit\u00e9 du site.\",\"breadcrumb\":{\"@id\":\"https:\\\/\\\/www.metapack.com\\\/fr\\\/politique-de-cookies\\\/#breadcrumb\"},\"inLanguage\":\"fr\",\"potentialAction\":[{\"@type\":\"ReadAction\",\"target\":[\"https:\\\/\\\/www.metapack.com\\\/fr\\\/politique-de-cookies\\\/\"]}]},{\"@type\":\"BreadcrumbList\",\"@id\":\"https:\\\/\\\/www.metapack.com\\\/fr\\\/politique-de-cookies\\\/#breadcrumb\",\"itemListElement\":[{\"@type\":\"ListItem\",\"position\":1,\"name\":\"Home\",\"item\":\"https:\\\/\\\/www.metapack.com\\\/fr\\\/\"},{\"@type\":\"ListItem\",\"position\":2,\"name\":\"Politique relative aux cookies du groupe Metapack\"}]},{\"@type\":\"WebSite\",\"@id\":\"https:\\\/\\\/www.metapack.com\\\/#website\",\"url\":\"https:\\\/\\\/www.metapack.com\\\/\",\"name\":\"Metapack\",\"description\":\"\",\"publisher\":{\"@id\":\"https:\\\/\\\/www.metapack.com\\\/#organization\"},\"potentialAction\":[{\"@type\":\"SearchAction\",\"target\":{\"@type\":\"EntryPoint\",\"urlTemplate\":\"https:\\\/\\\/www.metapack.com\\\/?s={search_term_string}\"},\"query-input\":{\"@type\":\"PropertyValueSpecification\",\"valueRequired\":true,\"valueName\":\"search_term_string\"}}],\"inLanguage\":\"fr\"},{\"@type\":\"Organization\",\"@id\":\"https:\\\/\\\/www.metapack.com\\\/#organization\",\"name\":\"Metapack\",\"url\":\"https:\\\/\\\/www.metapack.com\\\/\",\"logo\":{\"@type\":\"ImageObject\",\"inLanguage\":\"fr\",\"@id\":\"https:\\\/\\\/www.metapack.com\\\/#\\\/schema\\\/logo\\\/image\\\/\",\"url\":\"https:\\\/\\\/www.metapack.com\\\/wp-content\\\/uploads\\\/2026\\\/01\\\/logo-metapack-primary-rgb-1.webp\",\"contentUrl\":\"https:\\\/\\\/www.metapack.com\\\/wp-content\\\/uploads\\\/2026\\\/01\\\/logo-metapack-primary-rgb-1.webp\",\"width\":307,\"height\":52,\"caption\":\"Metapack\"},\"image\":{\"@id\":\"https:\\\/\\\/www.metapack.com\\\/#\\\/schema\\\/logo\\\/image\\\/\"},\"sameAs\":[\"https:\\\/\\\/www.linkedin.com\\\/company\\\/metapack\"]},{\"@type\":\"SoftwareApplication\",\"@id\":\"https:\\\/\\\/www.metapack.com\\\/fr\\\/#software-application\",\"name\":\"ShipStation\",\"url\":\"https:\\\/\\\/www.metapack.com\\\/fr\\\/\",\"applicationCategory\":\"BusinessApplication\",\"operatingSystem\":\"Web Browser\"}]}<\/script>\n<!-- \/ Yoast SEO Premium plugin. -->","yoast_head_json":{"title":"Politique de cookies | Metapack","description":"D\u00e9couvrez comment Metapack utilise les cookies pour am\u00e9liorer votre exp\u00e9rience, mesurer la performance et garantir la s\u00e9curit\u00e9 du site.","robots":{"index":"index","follow":"follow","max-snippet":"max-snippet:-1","max-image-preview":"max-image-preview:large","max-video-preview":"max-video-preview:-1"},"canonical":"https:\/\/www.metapack.com\/fr\/politique-de-cookies\/","og_locale":"fr_FR","og_type":"article","og_title":"Politique relative aux cookies du groupe Metapack","og_description":"D\u00e9couvrez comment Metapack utilise les cookies pour am\u00e9liorer votre exp\u00e9rience, mesurer la performance et garantir la s\u00e9curit\u00e9 du site.","og_url":"https:\/\/www.metapack.com\/fr\/politique-de-cookies\/","og_site_name":"Metapack","article_modified_time":"2026-01-20T16:26:21+00:00","twitter_card":"summary_large_image","twitter_misc":{"Est. reading time":"5 minutes"},"schema":{"@context":"https:\/\/schema.org","@graph":[{"@type":"WebPage","@id":"https:\/\/www.metapack.com\/fr\/politique-de-cookies\/","url":"https:\/\/www.metapack.com\/fr\/politique-de-cookies\/","name":"Politique de cookies | Metapack","isPartOf":{"@id":"https:\/\/www.metapack.com\/#website"},"datePublished":"2018-05-17T11:41:33+00:00","dateModified":"2026-01-20T16:26:21+00:00","description":"D\u00e9couvrez comment Metapack utilise les cookies pour am\u00e9liorer votre exp\u00e9rience, mesurer la performance et garantir la s\u00e9curit\u00e9 du site.","breadcrumb":{"@id":"https:\/\/www.metapack.com\/fr\/politique-de-cookies\/#breadcrumb"},"inLanguage":"fr","potentialAction":[{"@type":"ReadAction","target":["https:\/\/www.metapack.com\/fr\/politique-de-cookies\/"]}]},{"@type":"BreadcrumbList","@id":"https:\/\/www.metapack.com\/fr\/politique-de-cookies\/#breadcrumb","itemListElement":[{"@type":"ListItem","position":1,"name":"Home","item":"https:\/\/www.metapack.com\/fr\/"},{"@type":"ListItem","position":2,"name":"Politique relative aux cookies du groupe Metapack"}]},{"@type":"WebSite","@id":"https:\/\/www.metapack.com\/#website","url":"https:\/\/www.metapack.com\/","name":"Metapack","description":"","publisher":{"@id":"https:\/\/www.metapack.com\/#organization"},"potentialAction":[{"@type":"SearchAction","target":{"@type":"EntryPoint","urlTemplate":"https:\/\/www.metapack.com\/?s={search_term_string}"},"query-input":{"@type":"PropertyValueSpecification","valueRequired":true,"valueName":"search_term_string"}}],"inLanguage":"fr"},{"@type":"Organization","@id":"https:\/\/www.metapack.com\/#organization","name":"Metapack","url":"https:\/\/www.metapack.com\/","logo":{"@type":"ImageObject","inLanguage":"fr","@id":"https:\/\/www.metapack.com\/#\/schema\/logo\/image\/","url":"https:\/\/www.metapack.com\/wp-content\/uploads\/2026\/01\/logo-metapack-primary-rgb-1.webp","contentUrl":"https:\/\/www.metapack.com\/wp-content\/uploads\/2026\/01\/logo-metapack-primary-rgb-1.webp","width":307,"height":52,"caption":"Metapack"},"image":{"@id":"https:\/\/www.metapack.com\/#\/schema\/logo\/image\/"},"sameAs":["https:\/\/www.linkedin.com\/company\/metapack"]},{"@type":"SoftwareApplication","@id":"https:\/\/www.metapack.com\/fr\/#software-application","name":"ShipStation","url":"https:\/\/www.metapack.com\/fr\/","applicationCategory":"BusinessApplication","operatingSystem":"Web Browser"}]}},"_links":{"self":[{"href":"https:\/\/www.metapack.com\/fr\/wp-json\/wp\/v2\/pages\/694370","targetHints":{"allow":["GET"]}}],"collection":[{"href":"https:\/\/www.metapack.com\/fr\/wp-json\/wp\/v2\/pages"}],"about":[{"href":"https:\/\/www.metapack.com\/fr\/wp-json\/wp\/v2\/types\/page"}],"author":[{"embeddable":true,"href":"https:\/\/www.metapack.com\/fr\/wp-json\/wp\/v2\/users\/21"}],"replies":[{"embeddable":true,"href":"https:\/\/www.metapack.com\/fr\/wp-json\/wp\/v2\/comments?post=694370"}],"version-history":[{"count":0,"href":"https:\/\/www.metapack.com\/fr\/wp-json\/wp\/v2\/pages\/694370\/revisions"}],"wp:attachment":[{"href":"https:\/\/www.metapack.com\/fr\/wp-json\/wp\/v2\/media?parent=694370"}],"curies":[{"name":"wp","href":"https:\/\/api.w.org\/{rel}","templated":true}]}}