{"id":693894,"date":"2017-02-17T15:04:55","date_gmt":"2017-02-17T15:04:55","guid":{"rendered":"https:\/\/www.metapack.com\/?page_id=693894"},"modified":"2026-01-20T15:57:50","modified_gmt":"2026-01-20T15:57:50","slug":"programme-de-certification-des-transporteurs","status":"publish","type":"page","link":"https:\/\/www.metapack.com\/fr\/programme-de-certification-des-transporteurs\/","title":{"rendered":"Programme de certification des transporteurs"},"content":{"rendered":"<section class=\"block block-hero  \"><div class=\"bg-dark-cobalt background--full content--full\">\n<div id=\"hero-block-block_0ed2369ad33bcddf235781728dc1c57f\" class=\"hero-block relative\">\n  <div class=\"container\">\n    <div class=\"hero items-start\">\n      <div class=\"  hero-content hero-text-only\">\n\n        \n        \n                  <h1 class=\"xl\">Programme de certification des transporteurs<\/h1>\n        \n                            <div class=\"lead max-w-[64rem]\"><p>Le programme d&#8217;adh\u00e9sion Metapack Carrier repr\u00e9sente un accord formel contraignant entre Metapack et nos membres transporteurs sur la mani\u00e8re dont nous travaillons ensemble dans l&#8217;int\u00e9r\u00eat de nos d\u00e9taillants et consommateurs communs.<\/p>\n<p>&nbsp;<\/p>\n<p>Pour les d\u00e9taillants et les marques, les avantages de ces efforts de partenariat sont infinis : une mise en place sans tracas et la disponibilit\u00e9 de tous les services de transport et options de livraison qu&#8217;ils souhaitent offrir \u00e0 leurs clients.<\/p>\n<\/div>\n        \n        \n        \n        \n      <\/div>\n\n      \n      \n    <\/div>\n  <\/div>\n\n  \n  \n<\/div>\n<\/div><\/section>\n\n<section class=\"block block-feature-text padding-top--md padding-bottom--md \"><div class=\"content--full\">\n<div id=\"feature-text-block-block_0ec0463515d682b05b64e432cf3b1ef3\" class=\"feature-text-block pb-6\">\n\t<div class=\"container\">\n\t\t<div class=\"content content-align-center\">\n\t\t\t\t\t\t\t\t\t\t<h2 class=\"\">Nos transporteurs membres<\/h2>\n\t\t\t\t\t\t\t\t<div class=\"text-lg max-w-[68rem]\"><p>Plus de 350 transporteurs \u00e0 travers le monde ont adh\u00e9r\u00e9 \u00e0 notre programme d&#8217;adh\u00e9sion pour transporteurs. Cliquez ici pour en savoir plus \u00e0 leur sujet et consulter la liste des services certifi\u00e9s Metapack qu&#8217;ils proposent.<\/p>\n<\/div>\n\t\t\t\t\t\t\t\t\t\t\t<\/div>\n\n\t\t<div class=\"acf-innerblocks-container\"><\/div>\n\t<\/div>\n<\/div>\n<\/div><\/section>\n\n<section class=\"block block-feature-text  \"><div class=\"bg-grey-lightest background--full content--full\">\n<div id=\"feature-text-block-block_d113d8244c6e91afc57c7f7fa133b968\" class=\"feature-text-block pb-6\">\n\t<div class=\"container\">\n\t\t<div class=\"content content-align-center\">\n\t\t\t\t\t\t\t\t\t\t<h2 class=\"\">Galerie mondiale d&#8217;\u00e9tiquettes<\/h2>\n\t\t\t\t\t\t\t\t<div class=\"text-lg max-w-[68rem]\"><p>La plateforme de gestion des livraisons Metapack int\u00e8gre plus de 350 transporteurs et op\u00e9rateurs postaux \u00e0 travers le monde et 4 000 services, permettant ainsi la livraison de plus de 500 millions de colis chaque ann\u00e9e dans le monde entier.<\/p>\n<\/div>\n\t\t\t\t\t\t\t\t\t\t<div class=\"btn-group\">\n\t\t\t\t\t\t\t\t\t\t\t<a href=\"\/carriers\/\" target=\"\" class=\"btn\">Aller \u00e0 la biblioth\u00e8que mondiale d&#8217;\u00e9tiquettes<\/a>\n\t\t\t\t\t\t\t\t\t\t\t\t\t\t\t\t<a href=\"\/carrier-contact-form\/\" target=\"\" class=\"btn outline\">Contactez l&#8217;\u00e9quipe Carrier<\/a>\n\t\t\t\t\t\t\t\t\t<\/div>\n\t\t\t\t\t\t\t\t<\/div>\n\n\t\t<div class=\"acf-innerblocks-container\"><\/div>\n\t<\/div>\n<\/div>\n<\/div><\/section>\n\n<section class=\"block block-cards padding-top--md padding-bottom--md \"><div class=\"content--lg\">\n\n<div id=\"block-cards-block_2eeeb665088133ec8184c73b2a72e56a\" class=\"block-cards\">\n\t<div class=\"container pb-8\">\n\t\t<div class=\"acf-innerblocks-container\">\n<section class=\"block block-feature-text  \"><div class=\"content--full\">\n<div id=\"feature-text-block-block_726e5ce90a7f90ba448c571f22fe9f39\" class=\"feature-text-block\">\n\t<div class=\"container\">\n\t\t<div class=\"content content-align-center\">\n\t\t\t\t\t\t\t\t\t\t\t\t\t\t<\/div>\n\n\t\t<div class=\"acf-innerblocks-container\"><\/div>\n\t<\/div>\n<\/div>\n<\/div><\/section>\n<\/div>\n\t\t\n\t\t\n\t\t\t\t\t<div class=\"cards icon-top columns-2 layout-grid\">\n\t\t\t\t\t\t\t\t\t\t\t\t\t\t\t\t\t\t\t\t\t<div class=\"card card-icon card-shadow bg-cobalt-lightest  \">\n\t\t\t\t\t\t\t\n\n<div class=\"card-content h-full\">\n    <div class=\"card-text\">\n                    <h3 class=\"h5\">Avantages pour les transporteurs<\/h3>\n                             <ul>\n<li>Metapack se chargera du travail de d\u00e9veloppement n\u00e9cessaire pour que les services certifi\u00e9s restent \u00ab pr\u00eats pour les d\u00e9taillants \u00bb.<\/li>\n<li>Des \u00ab travaux mineurs \u00bb seront entrepris pour tous les services des transporteurs certifi\u00e9s.<\/li>\n<li>Des travaux de d\u00e9veloppement suppl\u00e9mentaires sont n\u00e9cessaires pour b\u00e9n\u00e9ficier d&#8217;un tarif r\u00e9duit.<\/li>\n<li>\u00a0Assistance disponible 24\/7 pour les transporteurs certifi\u00e9s<\/li>\n<li><a href=\"https:\/\/www.metapack.com\/carrier-services\/\">Mise en avant dans l&#8217;outil Carrier MappingCarrier Mapping tool<\/a><\/li>\n<li>Page d&#8217;accueil d\u00e9di\u00e9e \u00e0 Carrier<\/li>\n<li>Marketing promotionnel pour les transporteurs certifi\u00e9s<\/li>\n<\/ul>\n            <\/div>\n\n    <\/div>\n\n\n\t\t\t\t\t\t<\/div>\n\t\t\t\t\t\t\t\t\t\t\t\t\t\t\t\t\t<div class=\"card card-icon card-shadow bg-cobalt-lightest  \">\n\t\t\t\t\t\t\t\n\n<div class=\"card-content h-full\">\n    <div class=\"card-text\">\n                    <h3 class=\"h5\">Avantages pour les d\u00e9taillants<\/h3>\n                             <ul>\n<li>Int\u00e9gration plus rapide pour les services certifi\u00e9s<\/li>\n<li>Enti\u00e8rement entretenu et adapt\u00e9 \u00e0 l&#8217;usage pr\u00e9vu Services certifi\u00e9s<\/li>\n<li>Aucun co\u00fbt suppl\u00e9mentaire pour la mise en place des services certifi\u00e9s<\/li>\n<li>Les services certifi\u00e9s sont toujours \u00ab pr\u00eats pour les d\u00e9taillants \u00bb.<\/li>\n<li>D\u00e9lai de mise sur le march\u00e9 le plus court pour les nouveaux services<\/li>\n<li>Assistance officielle pour le transporteur, pour la tranquillit\u00e9 d&#8217;esprit du d\u00e9taillant<\/li>\n<li>Identification of Services certifi\u00e9s \u2013 <a href=\"\/carrier-services\/\">Outil de cartographie des transporteurs<\/a><\/li>\n<\/ul>\n            <\/div>\n\n    <\/div>\n\n\n\t\t\t\t\t\t<\/div>\n\t\t\t\t\t\t\t\t\t\t\t\t<\/div>\n\t\t\t<\/div>\n<\/div>\n<\/div><\/section>\n\n\n<p><\/p>\n","protected":false},"excerpt":{"rendered":"","protected":false},"author":21,"featured_media":0,"parent":0,"menu_order":21,"comment_status":"closed","ping_status":"closed","template":"","meta":{"_acf_changed":true,"footnotes":""},"class_list":["post-693894","page","type-page","status-publish","hentry"],"acf":[],"yoast_head":"<!-- This site is optimized with the Yoast SEO Premium plugin v26.6 (Yoast SEO v27.4) - https:\/\/yoast.com\/product\/yoast-seo-premium-wordpress\/ -->\n<title>Programme de certification transporteurs | Metapack<\/title>\n<meta name=\"description\" content=\"Rejoignez le programme de certification transporteurs de Metapack pour valider vos services, gagner en visibilit\u00e9 et renforcer la fiabilit\u00e9 de votre r\u00e9seau.\" \/>\n<meta name=\"robots\" content=\"index, follow, max-snippet:-1, max-image-preview:large, max-video-preview:-1\" \/>\n<link rel=\"canonical\" href=\"https:\/\/www.metapack.com\/fr\/programme-de-certification-des-transporteurs\/\" \/>\n<meta property=\"og:locale\" content=\"fr_FR\" \/>\n<meta property=\"og:type\" content=\"article\" \/>\n<meta property=\"og:title\" content=\"Programme de certification des transporteurs\" \/>\n<meta property=\"og:description\" content=\"Rejoignez le programme de certification transporteurs de Metapack pour valider vos services, gagner en visibilit\u00e9 et renforcer la fiabilit\u00e9 de votre r\u00e9seau.\" \/>\n<meta property=\"og:url\" content=\"https:\/\/www.metapack.com\/fr\/programme-de-certification-des-transporteurs\/\" \/>\n<meta property=\"og:site_name\" content=\"Metapack\" \/>\n<meta property=\"article:modified_time\" content=\"2026-01-20T15:57:50+00:00\" \/>\n<meta name=\"twitter:card\" content=\"summary_large_image\" \/>\n<script type=\"application\/ld+json\" class=\"yoast-schema-graph\">{\"@context\":\"https:\\\/\\\/schema.org\",\"@graph\":[{\"@type\":\"WebPage\",\"@id\":\"https:\\\/\\\/www.metapack.com\\\/fr\\\/programme-de-certification-des-transporteurs\\\/\",\"url\":\"https:\\\/\\\/www.metapack.com\\\/fr\\\/programme-de-certification-des-transporteurs\\\/\",\"name\":\"Programme de certification transporteurs | Metapack\",\"isPartOf\":{\"@id\":\"https:\\\/\\\/www.metapack.com\\\/#website\"},\"datePublished\":\"2017-02-17T15:04:55+00:00\",\"dateModified\":\"2026-01-20T15:57:50+00:00\",\"description\":\"Rejoignez le programme de certification transporteurs de Metapack pour valider vos services, gagner en visibilit\u00e9 et renforcer la fiabilit\u00e9 de votre r\u00e9seau.\",\"breadcrumb\":{\"@id\":\"https:\\\/\\\/www.metapack.com\\\/fr\\\/programme-de-certification-des-transporteurs\\\/#breadcrumb\"},\"inLanguage\":\"fr\",\"potentialAction\":[{\"@type\":\"ReadAction\",\"target\":[\"https:\\\/\\\/www.metapack.com\\\/fr\\\/programme-de-certification-des-transporteurs\\\/\"]}]},{\"@type\":\"BreadcrumbList\",\"@id\":\"https:\\\/\\\/www.metapack.com\\\/fr\\\/programme-de-certification-des-transporteurs\\\/#breadcrumb\",\"itemListElement\":[{\"@type\":\"ListItem\",\"position\":1,\"name\":\"Home\",\"item\":\"https:\\\/\\\/www.metapack.com\\\/fr\\\/\"},{\"@type\":\"ListItem\",\"position\":2,\"name\":\"Programme de certification des transporteurs\"}]},{\"@type\":\"WebSite\",\"@id\":\"https:\\\/\\\/www.metapack.com\\\/#website\",\"url\":\"https:\\\/\\\/www.metapack.com\\\/\",\"name\":\"Metapack\",\"description\":\"\",\"publisher\":{\"@id\":\"https:\\\/\\\/www.metapack.com\\\/#organization\"},\"potentialAction\":[{\"@type\":\"SearchAction\",\"target\":{\"@type\":\"EntryPoint\",\"urlTemplate\":\"https:\\\/\\\/www.metapack.com\\\/?s={search_term_string}\"},\"query-input\":{\"@type\":\"PropertyValueSpecification\",\"valueRequired\":true,\"valueName\":\"search_term_string\"}}],\"inLanguage\":\"fr\"},{\"@type\":\"Organization\",\"@id\":\"https:\\\/\\\/www.metapack.com\\\/#organization\",\"name\":\"Metapack\",\"url\":\"https:\\\/\\\/www.metapack.com\\\/\",\"logo\":{\"@type\":\"ImageObject\",\"inLanguage\":\"fr\",\"@id\":\"https:\\\/\\\/www.metapack.com\\\/#\\\/schema\\\/logo\\\/image\\\/\",\"url\":\"https:\\\/\\\/www.metapack.com\\\/wp-content\\\/uploads\\\/2026\\\/01\\\/logo-metapack-primary-rgb-1.webp\",\"contentUrl\":\"https:\\\/\\\/www.metapack.com\\\/wp-content\\\/uploads\\\/2026\\\/01\\\/logo-metapack-primary-rgb-1.webp\",\"width\":307,\"height\":52,\"caption\":\"Metapack\"},\"image\":{\"@id\":\"https:\\\/\\\/www.metapack.com\\\/#\\\/schema\\\/logo\\\/image\\\/\"},\"sameAs\":[\"https:\\\/\\\/www.linkedin.com\\\/company\\\/metapack\"]},{\"@type\":\"SoftwareApplication\",\"@id\":\"https:\\\/\\\/www.metapack.com\\\/fr\\\/#software-application\",\"name\":\"ShipStation\",\"url\":\"https:\\\/\\\/www.metapack.com\\\/fr\\\/\",\"applicationCategory\":\"BusinessApplication\",\"operatingSystem\":\"Web Browser\"}]}<\/script>\n<!-- \/ Yoast SEO Premium plugin. -->","yoast_head_json":{"title":"Programme de certification transporteurs | Metapack","description":"Rejoignez le programme de certification transporteurs de Metapack pour valider vos services, gagner en visibilit\u00e9 et renforcer la fiabilit\u00e9 de votre r\u00e9seau.","robots":{"index":"index","follow":"follow","max-snippet":"max-snippet:-1","max-image-preview":"max-image-preview:large","max-video-preview":"max-video-preview:-1"},"canonical":"https:\/\/www.metapack.com\/fr\/programme-de-certification-des-transporteurs\/","og_locale":"fr_FR","og_type":"article","og_title":"Programme de certification des transporteurs","og_description":"Rejoignez le programme de certification transporteurs de Metapack pour valider vos services, gagner en visibilit\u00e9 et renforcer la fiabilit\u00e9 de votre r\u00e9seau.","og_url":"https:\/\/www.metapack.com\/fr\/programme-de-certification-des-transporteurs\/","og_site_name":"Metapack","article_modified_time":"2026-01-20T15:57:50+00:00","twitter_card":"summary_large_image","schema":{"@context":"https:\/\/schema.org","@graph":[{"@type":"WebPage","@id":"https:\/\/www.metapack.com\/fr\/programme-de-certification-des-transporteurs\/","url":"https:\/\/www.metapack.com\/fr\/programme-de-certification-des-transporteurs\/","name":"Programme de certification transporteurs | Metapack","isPartOf":{"@id":"https:\/\/www.metapack.com\/#website"},"datePublished":"2017-02-17T15:04:55+00:00","dateModified":"2026-01-20T15:57:50+00:00","description":"Rejoignez le programme de certification transporteurs de Metapack pour valider vos services, gagner en visibilit\u00e9 et renforcer la fiabilit\u00e9 de votre r\u00e9seau.","breadcrumb":{"@id":"https:\/\/www.metapack.com\/fr\/programme-de-certification-des-transporteurs\/#breadcrumb"},"inLanguage":"fr","potentialAction":[{"@type":"ReadAction","target":["https:\/\/www.metapack.com\/fr\/programme-de-certification-des-transporteurs\/"]}]},{"@type":"BreadcrumbList","@id":"https:\/\/www.metapack.com\/fr\/programme-de-certification-des-transporteurs\/#breadcrumb","itemListElement":[{"@type":"ListItem","position":1,"name":"Home","item":"https:\/\/www.metapack.com\/fr\/"},{"@type":"ListItem","position":2,"name":"Programme de certification des transporteurs"}]},{"@type":"WebSite","@id":"https:\/\/www.metapack.com\/#website","url":"https:\/\/www.metapack.com\/","name":"Metapack","description":"","publisher":{"@id":"https:\/\/www.metapack.com\/#organization"},"potentialAction":[{"@type":"SearchAction","target":{"@type":"EntryPoint","urlTemplate":"https:\/\/www.metapack.com\/?s={search_term_string}"},"query-input":{"@type":"PropertyValueSpecification","valueRequired":true,"valueName":"search_term_string"}}],"inLanguage":"fr"},{"@type":"Organization","@id":"https:\/\/www.metapack.com\/#organization","name":"Metapack","url":"https:\/\/www.metapack.com\/","logo":{"@type":"ImageObject","inLanguage":"fr","@id":"https:\/\/www.metapack.com\/#\/schema\/logo\/image\/","url":"https:\/\/www.metapack.com\/wp-content\/uploads\/2026\/01\/logo-metapack-primary-rgb-1.webp","contentUrl":"https:\/\/www.metapack.com\/wp-content\/uploads\/2026\/01\/logo-metapack-primary-rgb-1.webp","width":307,"height":52,"caption":"Metapack"},"image":{"@id":"https:\/\/www.metapack.com\/#\/schema\/logo\/image\/"},"sameAs":["https:\/\/www.linkedin.com\/company\/metapack"]},{"@type":"SoftwareApplication","@id":"https:\/\/www.metapack.com\/fr\/#software-application","name":"ShipStation","url":"https:\/\/www.metapack.com\/fr\/","applicationCategory":"BusinessApplication","operatingSystem":"Web Browser"}]}},"_links":{"self":[{"href":"https:\/\/www.metapack.com\/fr\/wp-json\/wp\/v2\/pages\/693894","targetHints":{"allow":["GET"]}}],"collection":[{"href":"https:\/\/www.metapack.com\/fr\/wp-json\/wp\/v2\/pages"}],"about":[{"href":"https:\/\/www.metapack.com\/fr\/wp-json\/wp\/v2\/types\/page"}],"author":[{"embeddable":true,"href":"https:\/\/www.metapack.com\/fr\/wp-json\/wp\/v2\/users\/21"}],"replies":[{"embeddable":true,"href":"https:\/\/www.metapack.com\/fr\/wp-json\/wp\/v2\/comments?post=693894"}],"version-history":[{"count":0,"href":"https:\/\/www.metapack.com\/fr\/wp-json\/wp\/v2\/pages\/693894\/revisions"}],"wp:attachment":[{"href":"https:\/\/www.metapack.com\/fr\/wp-json\/wp\/v2\/media?parent=693894"}],"curies":[{"name":"wp","href":"https:\/\/api.w.org\/{rel}","templated":true}]}}