{"id":693881,"date":"2019-01-29T20:15:57","date_gmt":"2019-01-29T20:15:57","guid":{"rendered":"https:\/\/www.metapack.com\/?page_id=693881"},"modified":"2026-01-20T15:52:11","modified_gmt":"2026-01-20T15:52:11","slug":"consolidateurs","status":"publish","type":"page","link":"https:\/\/www.metapack.com\/fr\/consolidateurs\/","title":{"rendered":"Consolidateurs"},"content":{"rendered":"<section class=\"block block-hero  \"><div class=\"bg-dark-cobalt background--full content--full\">\n<div id=\"hero-block-block_fbb5d61e5c0628d19be8fcb8376c2e8e\" class=\"hero-block relative\">\n  <div class=\"container\">\n    <div class=\"hero items-start\">\n      <div class=\"  hero-content hero-text-only\">\n\n        \n        \n                  <h1 class=\"xl\">La plus grande plateforme de consolidation au monde<\/h1>\n        \n                            <div class=\"lead max-w-[64rem]\"><p>9 applications extr\u00eamement populaires. Plus de 80 000 exp\u00e9diteurs sp\u00e9cialis\u00e9s. Un seul point d&#8217;int\u00e9gration.<\/p>\n<\/div>\n        \n                  <div class=\"btn-group\">\n                          <a href=\"\/form\/\" target=\"\" class=\"btn\">\n                En savoir plus              <\/a>\n            \n                      <\/div>\n        \n        \n        \n      <\/div>\n\n      \n      \n    <\/div>\n  <\/div>\n\n  \n  \n<\/div>\n<\/div><\/section>\n\n<section class=\"block block-zig-zag padding-top--md padding-bottom--md \"><div class=\"content--full\">\n<div id=\"zig-zag-block-block_8bffb997764c63617081cbe166bfd4f0\" class=\"zig-zag-block\">\n  <div class=\"container\">\n    <div class=\"acf-innerblocks-container\">\n<section class=\"block block-feature-text  \"><div class=\"content--full\">\n<div id=\"feature-text-block-block_f417cfed49846676ac5a1ea0910490f6\" class=\"feature-text-block\">\n\t<div class=\"container\">\n\t\t<div class=\"content content-align-center\">\n\t\t\t\t\t\t\t\t\t\t\t\t\t\t<\/div>\n\n\t\t<div class=\"acf-innerblocks-container\"><\/div>\n\t<\/div>\n<\/div>\n<\/div><\/section>\n<\/div>\n\n                  \n        <div class=\"columns flex-col-reverse !items-center zig-zag-row\" data-row=\"1\">\n\n          <!-- Text Column -->\n          <div class=\"column-content col-span-6 order-1 content content-align-left mobile-align-center\">\n            \n                                    <h2>Vendez l\u00e0 o\u00f9 les exp\u00e9diteurs recherchent des services de consolidation<\/h2>\n            \n                          <div class=\"lead max-w-[54rem]\"><ul>\n<li>R\u00e9pertoriez vos services de marque sur toutes nos plateformes \u00e0 partir d&#8217;une seule int\u00e9gration.<\/li>\n<li>Nous nous occupons de tous les aspects de l&#8217;int\u00e9gration, y compris la configuration des comptes et la tarification.<\/li>\n<li>Nous r\u00e9pondons \u00e0 tous vos besoins en mati\u00e8re d&#8217;\u00e9tiquetage, y compris la certification et la conformit\u00e9.<\/li>\n<li>Nous r\u00e9pondons \u00e0 tous vos besoins en mati\u00e8re de donn\u00e9es en temps r\u00e9el, de la cr\u00e9ation directe de manifestes \u00e0 la gestion du suivi et de la tra\u00e7abilit\u00e9.<\/li>\n<\/ul>\n<\/div>\n            \n                          <div class=\"btn-group\">\n                                  <a href=\"\/form\/\" target=\"\" class=\"btn\">En savoir plus<\/a>\n                                              <\/div>\n            \n                      <\/div>\n\n          <!-- Media Column -->\n          <div class=\"column-media col-span-6 order-2 \">\n                          <!-- Image -->\n              <img decoding=\"async\" src=\"https:\/\/www.metapack.com\/wp-content\/uploads\/2025\/12\/circle_consolidate1.png\" srcset=\"https:\/\/www.metapack.com\/wp-content\/uploads\/2025\/12\/circle_consolidate1.png 1001w, https:\/\/www.metapack.com\/wp-content\/uploads\/2025\/12\/circle_consolidate1-768x767.png 768w, https:\/\/www.metapack.com\/wp-content\/uploads\/2025\/12\/circle_consolidate1-300x300.png 300w\" sizes=\"auto, (max-width: 1001px) 100vw, 1001px\" loading=\"lazy\"   class=\"\" alt=\"\" width=\"1001\" height=\"1000\">\n                      <\/div>\n\n        <\/div>\n              \n        <div class=\"columns flex-col !items-center zig-zag-row\" data-row=\"2\">\n\n          <!-- Text Column -->\n          <div class=\"column-content col-span-6 order-2 content content-align-left mobile-align-center\">\n            \n                                    <h2>Acc\u00e9dez \u00e0 davantage d&#039;int\u00e9grations natives avec les op\u00e9rateurs et r\u00e9duisez vos d\u00e9penses informatiques.<\/h2>\n            \n                          <div class=\"lead max-w-[54rem]\"><ul>\n<li>Profitez de notre mod\u00e8le de conformit\u00e9 des transporteurs sans souci<\/li>\n<li>D\u00e9ployez rapidement avec des op\u00e9rateurs locaux gr\u00e2ce \u00e0 une API unique.<\/li>\n<li>Activez rapidement les tarifs n\u00e9goci\u00e9s et transf\u00e9rez le volume entre les op\u00e9rateurs.<\/li>\n<li>Passez automatiquement d&#8217;un op\u00e9rateur \u00e0 l&#8217;autre pour r\u00e9duire les co\u00fbts<\/li>\n<li>Cr\u00e9ez des r\u00e8gles hautement configurables et flexibles pour garantir la s\u00e9lection du transporteur et du service appropri\u00e9s.<\/li>\n<li>Choisissez les services adapt\u00e9s \u00e0 chaque march\u00e9<\/li>\n<li>Exploitez les march\u00e9s porteurs, notamment aux \u00c9tats-Unis, en Europe, en Cor\u00e9e du Sud, au Japon, en Australie, en Russie et en Chine.<\/li>\n<li>Profitez facilement de toutes les alternatives de transporteurs disponibles dans chaque pays.<\/li>\n<\/ul>\n<\/div>\n            \n                          <div class=\"btn-group\">\n                                  <a href=\"\/form\/\" target=\"\" class=\"btn\">En savoir plus<\/a>\n                                              <\/div>\n            \n                      <\/div>\n\n          <!-- Media Column -->\n          <div class=\"column-media col-span-6 order-1 \">\n                          <!-- Image -->\n              <img decoding=\"async\" src=\"https:\/\/www.metapack.com\/wp-content\/uploads\/2025\/12\/circle_consolidate2-1.png\" srcset=\"https:\/\/www.metapack.com\/wp-content\/uploads\/2025\/12\/circle_consolidate2-1.png 1001w, https:\/\/www.metapack.com\/wp-content\/uploads\/2025\/12\/circle_consolidate2-1-768x767.png 768w, https:\/\/www.metapack.com\/wp-content\/uploads\/2025\/12\/circle_consolidate2-1-300x300.png 300w\" sizes=\"auto, (max-width: 1001px) 100vw, 1001px\" loading=\"lazy\"   class=\"\" alt=\"\" width=\"1001\" height=\"1000\">\n                      <\/div>\n\n        <\/div>\n              \n        <div class=\"columns flex-col-reverse !items-center zig-zag-row\" data-row=\"3\">\n\n          <!-- Text Column -->\n          <div class=\"column-content col-span-6 order-1 content content-align-left mobile-align-center\">\n            \n                                    <h2>Approche bas\u00e9e sur le partenariat<\/h2>\n            \n                          <div class=\"lead max-w-[54rem]\"><ul>\n<li>Notre priorit\u00e9 est d&#8217;apporter davantage de valeur ajout\u00e9e et de solutions \u00e0 nos clients.<\/li>\n<li>Le partenariat avec des consolidateurs afin d&#8217;offrir de nouveaux services et de cr\u00e9er de la valeur ajout\u00e9e est un \u00e9l\u00e9ment cl\u00e9 de notre mod\u00e8le commercial.<\/li>\n<li>Nous sommes un canal de vente qui vous aide \u00e0 d\u00e9velopper votre activit\u00e9 dans le cadre d&#8217;une v\u00e9ritable approche partenariale.<\/li>\n<\/ul>\n<\/div>\n            \n                          <div class=\"btn-group\">\n                                  <a href=\"\/form\/\" target=\"\" class=\"btn\">En savoir plus<\/a>\n                                              <\/div>\n            \n                      <\/div>\n\n          <!-- Media Column -->\n          <div class=\"column-media col-span-6 order-2 \">\n                          <!-- Image -->\n              <img decoding=\"async\" src=\"https:\/\/www.metapack.com\/wp-content\/uploads\/2025\/12\/circle_consolidate3-1.png\" srcset=\"https:\/\/www.metapack.com\/wp-content\/uploads\/2025\/12\/circle_consolidate3-1.png 1001w, https:\/\/www.metapack.com\/wp-content\/uploads\/2025\/12\/circle_consolidate3-1-768x767.png 768w, https:\/\/www.metapack.com\/wp-content\/uploads\/2025\/12\/circle_consolidate3-1-300x300.png 300w\" sizes=\"auto, (max-width: 1001px) 100vw, 1001px\" loading=\"lazy\"   class=\"\" alt=\"\" width=\"1001\" height=\"1000\">\n                      <\/div>\n\n        <\/div>\n            <\/div>\n<\/div>\n<\/div><\/section>","protected":false},"excerpt":{"rendered":"","protected":false},"author":21,"featured_media":0,"parent":0,"menu_order":0,"comment_status":"closed","ping_status":"closed","template":"","meta":{"_acf_changed":true,"footnotes":""},"class_list":["post-693881","page","type-page","status-publish","hentry"],"acf":[],"yoast_head":"<!-- This site is optimized with the Yoast SEO Premium plugin v26.6 (Yoast SEO v27.3) - https:\/\/yoast.com\/product\/yoast-seo-premium-wordpress\/ -->\n<title>R\u00e9seau de consolidateurs de colis | Metapack<\/title>\n<meta name=\"description\" content=\"D\u00e9couvrez le r\u00e9seau de consolidateurs de Metapack pour acc\u00e9der \u00e0 des solutions d\u2019exp\u00e9dition optimis\u00e9es en co\u00fbt, avec une couverture fiable et performante.\" \/>\n<meta name=\"robots\" content=\"index, follow, max-snippet:-1, max-image-preview:large, max-video-preview:-1\" \/>\n<link rel=\"canonical\" href=\"https:\/\/www.metapack.com\/fr\/consolidateurs\/\" \/>\n<meta property=\"og:locale\" content=\"fr_FR\" \/>\n<meta property=\"og:type\" content=\"article\" \/>\n<meta property=\"og:title\" content=\"Consolidateurs\" \/>\n<meta property=\"og:description\" content=\"D\u00e9couvrez le r\u00e9seau de consolidateurs de Metapack pour acc\u00e9der \u00e0 des solutions d\u2019exp\u00e9dition optimis\u00e9es en co\u00fbt, avec une couverture fiable et performante.\" \/>\n<meta property=\"og:url\" content=\"https:\/\/www.metapack.com\/fr\/consolidateurs\/\" \/>\n<meta property=\"og:site_name\" content=\"Metapack\" \/>\n<meta property=\"article:modified_time\" content=\"2026-01-20T15:52:11+00:00\" \/>\n<meta name=\"twitter:card\" content=\"summary_large_image\" \/>\n<script type=\"application\/ld+json\" class=\"yoast-schema-graph\">{\"@context\":\"https:\\\/\\\/schema.org\",\"@graph\":[{\"@type\":\"WebPage\",\"@id\":\"https:\\\/\\\/www.metapack.com\\\/fr\\\/consolidateurs\\\/\",\"url\":\"https:\\\/\\\/www.metapack.com\\\/fr\\\/consolidateurs\\\/\",\"name\":\"R\u00e9seau de consolidateurs de colis | Metapack\",\"isPartOf\":{\"@id\":\"https:\\\/\\\/www.metapack.com\\\/#website\"},\"datePublished\":\"2019-01-29T20:15:57+00:00\",\"dateModified\":\"2026-01-20T15:52:11+00:00\",\"description\":\"D\u00e9couvrez le r\u00e9seau de consolidateurs de Metapack pour acc\u00e9der \u00e0 des solutions d\u2019exp\u00e9dition optimis\u00e9es en co\u00fbt, avec une couverture fiable et performante.\",\"breadcrumb\":{\"@id\":\"https:\\\/\\\/www.metapack.com\\\/fr\\\/consolidateurs\\\/#breadcrumb\"},\"inLanguage\":\"fr\",\"potentialAction\":[{\"@type\":\"ReadAction\",\"target\":[\"https:\\\/\\\/www.metapack.com\\\/fr\\\/consolidateurs\\\/\"]}]},{\"@type\":\"BreadcrumbList\",\"@id\":\"https:\\\/\\\/www.metapack.com\\\/fr\\\/consolidateurs\\\/#breadcrumb\",\"itemListElement\":[{\"@type\":\"ListItem\",\"position\":1,\"name\":\"Home\",\"item\":\"https:\\\/\\\/www.metapack.com\\\/fr\\\/\"},{\"@type\":\"ListItem\",\"position\":2,\"name\":\"Consolidateurs\"}]},{\"@type\":\"WebSite\",\"@id\":\"https:\\\/\\\/www.metapack.com\\\/#website\",\"url\":\"https:\\\/\\\/www.metapack.com\\\/\",\"name\":\"Metapack\",\"description\":\"\",\"publisher\":{\"@id\":\"https:\\\/\\\/www.metapack.com\\\/#organization\"},\"potentialAction\":[{\"@type\":\"SearchAction\",\"target\":{\"@type\":\"EntryPoint\",\"urlTemplate\":\"https:\\\/\\\/www.metapack.com\\\/?s={search_term_string}\"},\"query-input\":{\"@type\":\"PropertyValueSpecification\",\"valueRequired\":true,\"valueName\":\"search_term_string\"}}],\"inLanguage\":\"fr\"},{\"@type\":\"Organization\",\"@id\":\"https:\\\/\\\/www.metapack.com\\\/#organization\",\"name\":\"Metapack\",\"url\":\"https:\\\/\\\/www.metapack.com\\\/\",\"logo\":{\"@type\":\"ImageObject\",\"inLanguage\":\"fr\",\"@id\":\"https:\\\/\\\/www.metapack.com\\\/#\\\/schema\\\/logo\\\/image\\\/\",\"url\":\"https:\\\/\\\/www.metapack.com\\\/wp-content\\\/uploads\\\/2026\\\/01\\\/logo-metapack-primary-rgb-1.webp\",\"contentUrl\":\"https:\\\/\\\/www.metapack.com\\\/wp-content\\\/uploads\\\/2026\\\/01\\\/logo-metapack-primary-rgb-1.webp\",\"width\":307,\"height\":52,\"caption\":\"Metapack\"},\"image\":{\"@id\":\"https:\\\/\\\/www.metapack.com\\\/#\\\/schema\\\/logo\\\/image\\\/\"},\"sameAs\":[\"https:\\\/\\\/www.linkedin.com\\\/company\\\/metapack\"]},{\"@type\":\"SoftwareApplication\",\"@id\":\"https:\\\/\\\/www.metapack.com\\\/fr\\\/#software-application\",\"name\":\"ShipStation\",\"url\":\"https:\\\/\\\/www.metapack.com\\\/fr\\\/\",\"applicationCategory\":\"BusinessApplication\",\"operatingSystem\":\"Web Browser\"}]}<\/script>\n<!-- \/ Yoast SEO Premium plugin. -->","yoast_head_json":{"title":"R\u00e9seau de consolidateurs de colis | Metapack","description":"D\u00e9couvrez le r\u00e9seau de consolidateurs de Metapack pour acc\u00e9der \u00e0 des solutions d\u2019exp\u00e9dition optimis\u00e9es en co\u00fbt, avec une couverture fiable et performante.","robots":{"index":"index","follow":"follow","max-snippet":"max-snippet:-1","max-image-preview":"max-image-preview:large","max-video-preview":"max-video-preview:-1"},"canonical":"https:\/\/www.metapack.com\/fr\/consolidateurs\/","og_locale":"fr_FR","og_type":"article","og_title":"Consolidateurs","og_description":"D\u00e9couvrez le r\u00e9seau de consolidateurs de Metapack pour acc\u00e9der \u00e0 des solutions d\u2019exp\u00e9dition optimis\u00e9es en co\u00fbt, avec une couverture fiable et performante.","og_url":"https:\/\/www.metapack.com\/fr\/consolidateurs\/","og_site_name":"Metapack","article_modified_time":"2026-01-20T15:52:11+00:00","twitter_card":"summary_large_image","schema":{"@context":"https:\/\/schema.org","@graph":[{"@type":"WebPage","@id":"https:\/\/www.metapack.com\/fr\/consolidateurs\/","url":"https:\/\/www.metapack.com\/fr\/consolidateurs\/","name":"R\u00e9seau de consolidateurs de colis | Metapack","isPartOf":{"@id":"https:\/\/www.metapack.com\/#website"},"datePublished":"2019-01-29T20:15:57+00:00","dateModified":"2026-01-20T15:52:11+00:00","description":"D\u00e9couvrez le r\u00e9seau de consolidateurs de Metapack pour acc\u00e9der \u00e0 des solutions d\u2019exp\u00e9dition optimis\u00e9es en co\u00fbt, avec une couverture fiable et performante.","breadcrumb":{"@id":"https:\/\/www.metapack.com\/fr\/consolidateurs\/#breadcrumb"},"inLanguage":"fr","potentialAction":[{"@type":"ReadAction","target":["https:\/\/www.metapack.com\/fr\/consolidateurs\/"]}]},{"@type":"BreadcrumbList","@id":"https:\/\/www.metapack.com\/fr\/consolidateurs\/#breadcrumb","itemListElement":[{"@type":"ListItem","position":1,"name":"Home","item":"https:\/\/www.metapack.com\/fr\/"},{"@type":"ListItem","position":2,"name":"Consolidateurs"}]},{"@type":"WebSite","@id":"https:\/\/www.metapack.com\/#website","url":"https:\/\/www.metapack.com\/","name":"Metapack","description":"","publisher":{"@id":"https:\/\/www.metapack.com\/#organization"},"potentialAction":[{"@type":"SearchAction","target":{"@type":"EntryPoint","urlTemplate":"https:\/\/www.metapack.com\/?s={search_term_string}"},"query-input":{"@type":"PropertyValueSpecification","valueRequired":true,"valueName":"search_term_string"}}],"inLanguage":"fr"},{"@type":"Organization","@id":"https:\/\/www.metapack.com\/#organization","name":"Metapack","url":"https:\/\/www.metapack.com\/","logo":{"@type":"ImageObject","inLanguage":"fr","@id":"https:\/\/www.metapack.com\/#\/schema\/logo\/image\/","url":"https:\/\/www.metapack.com\/wp-content\/uploads\/2026\/01\/logo-metapack-primary-rgb-1.webp","contentUrl":"https:\/\/www.metapack.com\/wp-content\/uploads\/2026\/01\/logo-metapack-primary-rgb-1.webp","width":307,"height":52,"caption":"Metapack"},"image":{"@id":"https:\/\/www.metapack.com\/#\/schema\/logo\/image\/"},"sameAs":["https:\/\/www.linkedin.com\/company\/metapack"]},{"@type":"SoftwareApplication","@id":"https:\/\/www.metapack.com\/fr\/#software-application","name":"ShipStation","url":"https:\/\/www.metapack.com\/fr\/","applicationCategory":"BusinessApplication","operatingSystem":"Web Browser"}]}},"_links":{"self":[{"href":"https:\/\/www.metapack.com\/fr\/wp-json\/wp\/v2\/pages\/693881","targetHints":{"allow":["GET"]}}],"collection":[{"href":"https:\/\/www.metapack.com\/fr\/wp-json\/wp\/v2\/pages"}],"about":[{"href":"https:\/\/www.metapack.com\/fr\/wp-json\/wp\/v2\/types\/page"}],"author":[{"embeddable":true,"href":"https:\/\/www.metapack.com\/fr\/wp-json\/wp\/v2\/users\/21"}],"replies":[{"embeddable":true,"href":"https:\/\/www.metapack.com\/fr\/wp-json\/wp\/v2\/comments?post=693881"}],"version-history":[{"count":0,"href":"https:\/\/www.metapack.com\/fr\/wp-json\/wp\/v2\/pages\/693881\/revisions"}],"wp:attachment":[{"href":"https:\/\/www.metapack.com\/fr\/wp-json\/wp\/v2\/media?parent=693881"}],"curies":[{"name":"wp","href":"https:\/\/api.w.org\/{rel}","templated":true}]}}