{"id":694381,"date":"2018-04-09T17:29:27","date_gmt":"2018-04-09T17:29:27","guid":{"rendered":"https:\/\/www.metapack.com\/?page_id=694381"},"modified":"2026-01-21T10:57:00","modified_gmt":"2026-01-21T10:57:00","slug":"erklarung-gegen-moderne-sklaverei","status":"publish","type":"page","link":"https:\/\/www.metapack.com\/de\/erklarung-gegen-moderne-sklaverei\/","title":{"rendered":"Erkl\u00e4rung zur Offenlegung gem\u00e4\u00df dem Modern Slavery Act"},"content":{"rendered":"\n<p>Metapack verpflichtet sich zur Einhaltung des britischen <strong>Modern Slavery Act von 2015<\/strong> und stellt sicher, dass seine Lieferkette die Werte von Metapack sowie den Respekt f\u00fcr Menschenrechte und Umwelt widerspiegelt. Wir unterst\u00fctzen die grundlegenden Menschenrechte aller Menschen und erwarten von unseren Lieferanten, dass sie dies ebenfalls tun.<\/p>\n\n\n\n<p>Unsere Lieferanten m\u00fcssen sich zu einem Arbeitsumfeld verpflichten, das frei von jeder Form von Menschenhandel, Zwangsarbeit und illegaler Kinderarbeit ist \u2013 sowohl in ihren eigenen Betrieben als auch innerhalb ihrer Lieferkette. Sollten wir feststellen, dass eine Pr\u00fcfung erforderlich ist, um die Einhaltung dieser Anforderungen durch einen Lieferanten zu best\u00e4tigen, erwarten wir eine vollst\u00e4ndige und fristgerechte Zusammenarbeit. Metapack beabsichtigt, weiterhin wachsam zu bleiben und wird bei Bedarf Audits seiner Lieferanten durchf\u00fchren.<\/p>\n\n\n\n<p>Unsere Erkl\u00e4rung zur modernen Sklaverei ist auf Anfrage erh\u00e4ltlich.<\/p>\n\n\n\n<p><\/p>\n","protected":false},"excerpt":{"rendered":"<p>Metapack verpflichtet sich zur Einhaltung des britischen Modern Slavery Act von 2015 und stellt sicher, dass seine Lieferkette die Werte von Metapack sowie den Respekt f\u00fcr Menschenrechte und Umwelt widerspiegelt. Wir unterst\u00fctzen die grundlegenden Menschenrechte aller Menschen und erwarten von unseren Lieferanten, dass sie dies ebenfalls tun. Unsere Lieferanten m\u00fcssen sich zu einem Arbeitsumfeld verpflichten, [&hellip;]<\/p>\n","protected":false},"author":21,"featured_media":0,"parent":0,"menu_order":0,"comment_status":"closed","ping_status":"closed","template":"default.php","meta":{"_acf_changed":false,"footnotes":""},"class_list":["post-694381","page","type-page","status-publish","hentry"],"acf":[],"yoast_head":"<!-- This site is optimized with the Yoast SEO Premium plugin v26.6 (Yoast SEO v27.4) - https:\/\/yoast.com\/product\/yoast-seo-premium-wordpress\/ -->\n<title>Erkl\u00e4rung gegen moderne Sklaverei | Metapack<\/title>\n<meta name=\"description\" content=\"Lesen Sie, wie Metapack moderne Sklaverei und Zwangsarbeit in seiner Lieferkette bek\u00e4mpft und verantwortungsvolle Standards einh\u00e4lt.\" \/>\n<meta name=\"robots\" content=\"index, follow, max-snippet:-1, max-image-preview:large, max-video-preview:-1\" \/>\n<link rel=\"canonical\" href=\"https:\/\/www.metapack.com\/de\/erklarung-gegen-moderne-sklaverei\/\" \/>\n<meta property=\"og:locale\" content=\"de_DE\" \/>\n<meta property=\"og:type\" content=\"article\" \/>\n<meta property=\"og:title\" content=\"Erkl\u00e4rung zur Offenlegung gem\u00e4\u00df dem Modern Slavery Act\" \/>\n<meta property=\"og:description\" content=\"Lesen Sie, wie Metapack moderne Sklaverei und Zwangsarbeit in seiner Lieferkette bek\u00e4mpft und verantwortungsvolle Standards einh\u00e4lt.\" \/>\n<meta property=\"og:url\" content=\"https:\/\/www.metapack.com\/de\/erklarung-gegen-moderne-sklaverei\/\" \/>\n<meta property=\"og:site_name\" content=\"Metapack\" \/>\n<meta property=\"article:modified_time\" content=\"2026-01-21T10:57:00+00:00\" \/>\n<meta name=\"twitter:card\" content=\"summary_large_image\" \/>\n<meta name=\"twitter:label1\" content=\"Est. reading time\" \/>\n\t<meta name=\"twitter:data1\" content=\"1 minute\" \/>\n<script type=\"application\/ld+json\" class=\"yoast-schema-graph\">{\"@context\":\"https:\\\/\\\/schema.org\",\"@graph\":[{\"@type\":\"WebPage\",\"@id\":\"https:\\\/\\\/www.metapack.com\\\/de\\\/erklarung-gegen-moderne-sklaverei\\\/\",\"url\":\"https:\\\/\\\/www.metapack.com\\\/de\\\/erklarung-gegen-moderne-sklaverei\\\/\",\"name\":\"Erkl\u00e4rung gegen moderne Sklaverei | Metapack\",\"isPartOf\":{\"@id\":\"https:\\\/\\\/www.metapack.com\\\/#website\"},\"datePublished\":\"2018-04-09T17:29:27+00:00\",\"dateModified\":\"2026-01-21T10:57:00+00:00\",\"description\":\"Lesen Sie, wie Metapack moderne Sklaverei und Zwangsarbeit in seiner Lieferkette bek\u00e4mpft und verantwortungsvolle Standards einh\u00e4lt.\",\"breadcrumb\":{\"@id\":\"https:\\\/\\\/www.metapack.com\\\/de\\\/erklarung-gegen-moderne-sklaverei\\\/#breadcrumb\"},\"inLanguage\":\"de\",\"potentialAction\":[{\"@type\":\"ReadAction\",\"target\":[\"https:\\\/\\\/www.metapack.com\\\/de\\\/erklarung-gegen-moderne-sklaverei\\\/\"]}]},{\"@type\":\"BreadcrumbList\",\"@id\":\"https:\\\/\\\/www.metapack.com\\\/de\\\/erklarung-gegen-moderne-sklaverei\\\/#breadcrumb\",\"itemListElement\":[{\"@type\":\"ListItem\",\"position\":1,\"name\":\"Home\",\"item\":\"https:\\\/\\\/www.metapack.com\\\/de\\\/\"},{\"@type\":\"ListItem\",\"position\":2,\"name\":\"Erkl\u00e4rung zur Offenlegung gem\u00e4\u00df dem Modern Slavery Act\"}]},{\"@type\":\"WebSite\",\"@id\":\"https:\\\/\\\/www.metapack.com\\\/#website\",\"url\":\"https:\\\/\\\/www.metapack.com\\\/\",\"name\":\"Metapack\",\"description\":\"\",\"publisher\":{\"@id\":\"https:\\\/\\\/www.metapack.com\\\/#organization\"},\"potentialAction\":[{\"@type\":\"SearchAction\",\"target\":{\"@type\":\"EntryPoint\",\"urlTemplate\":\"https:\\\/\\\/www.metapack.com\\\/?s={search_term_string}\"},\"query-input\":{\"@type\":\"PropertyValueSpecification\",\"valueRequired\":true,\"valueName\":\"search_term_string\"}}],\"inLanguage\":\"de\"},{\"@type\":\"Organization\",\"@id\":\"https:\\\/\\\/www.metapack.com\\\/#organization\",\"name\":\"Metapack\",\"url\":\"https:\\\/\\\/www.metapack.com\\\/\",\"logo\":{\"@type\":\"ImageObject\",\"inLanguage\":\"de\",\"@id\":\"https:\\\/\\\/www.metapack.com\\\/#\\\/schema\\\/logo\\\/image\\\/\",\"url\":\"https:\\\/\\\/www.metapack.com\\\/wp-content\\\/uploads\\\/2026\\\/01\\\/logo-metapack-primary-rgb-1.webp\",\"contentUrl\":\"https:\\\/\\\/www.metapack.com\\\/wp-content\\\/uploads\\\/2026\\\/01\\\/logo-metapack-primary-rgb-1.webp\",\"width\":307,\"height\":52,\"caption\":\"Metapack\"},\"image\":{\"@id\":\"https:\\\/\\\/www.metapack.com\\\/#\\\/schema\\\/logo\\\/image\\\/\"},\"sameAs\":[\"https:\\\/\\\/www.linkedin.com\\\/company\\\/metapack\"]},{\"@type\":\"SoftwareApplication\",\"@id\":\"https:\\\/\\\/www.metapack.com\\\/de\\\/#software-application\",\"name\":\"ShipStation\",\"url\":\"https:\\\/\\\/www.metapack.com\\\/de\\\/\",\"applicationCategory\":\"BusinessApplication\",\"operatingSystem\":\"Web Browser\"}]}<\/script>\n<!-- \/ Yoast SEO Premium plugin. -->","yoast_head_json":{"title":"Erkl\u00e4rung gegen moderne Sklaverei | Metapack","description":"Lesen Sie, wie Metapack moderne Sklaverei und Zwangsarbeit in seiner Lieferkette bek\u00e4mpft und verantwortungsvolle Standards einh\u00e4lt.","robots":{"index":"index","follow":"follow","max-snippet":"max-snippet:-1","max-image-preview":"max-image-preview:large","max-video-preview":"max-video-preview:-1"},"canonical":"https:\/\/www.metapack.com\/de\/erklarung-gegen-moderne-sklaverei\/","og_locale":"de_DE","og_type":"article","og_title":"Erkl\u00e4rung zur Offenlegung gem\u00e4\u00df dem Modern Slavery Act","og_description":"Lesen Sie, wie Metapack moderne Sklaverei und Zwangsarbeit in seiner Lieferkette bek\u00e4mpft und verantwortungsvolle Standards einh\u00e4lt.","og_url":"https:\/\/www.metapack.com\/de\/erklarung-gegen-moderne-sklaverei\/","og_site_name":"Metapack","article_modified_time":"2026-01-21T10:57:00+00:00","twitter_card":"summary_large_image","twitter_misc":{"Est. reading time":"1 minute"},"schema":{"@context":"https:\/\/schema.org","@graph":[{"@type":"WebPage","@id":"https:\/\/www.metapack.com\/de\/erklarung-gegen-moderne-sklaverei\/","url":"https:\/\/www.metapack.com\/de\/erklarung-gegen-moderne-sklaverei\/","name":"Erkl\u00e4rung gegen moderne Sklaverei | Metapack","isPartOf":{"@id":"https:\/\/www.metapack.com\/#website"},"datePublished":"2018-04-09T17:29:27+00:00","dateModified":"2026-01-21T10:57:00+00:00","description":"Lesen Sie, wie Metapack moderne Sklaverei und Zwangsarbeit in seiner Lieferkette bek\u00e4mpft und verantwortungsvolle Standards einh\u00e4lt.","breadcrumb":{"@id":"https:\/\/www.metapack.com\/de\/erklarung-gegen-moderne-sklaverei\/#breadcrumb"},"inLanguage":"de","potentialAction":[{"@type":"ReadAction","target":["https:\/\/www.metapack.com\/de\/erklarung-gegen-moderne-sklaverei\/"]}]},{"@type":"BreadcrumbList","@id":"https:\/\/www.metapack.com\/de\/erklarung-gegen-moderne-sklaverei\/#breadcrumb","itemListElement":[{"@type":"ListItem","position":1,"name":"Home","item":"https:\/\/www.metapack.com\/de\/"},{"@type":"ListItem","position":2,"name":"Erkl\u00e4rung zur Offenlegung gem\u00e4\u00df dem Modern Slavery Act"}]},{"@type":"WebSite","@id":"https:\/\/www.metapack.com\/#website","url":"https:\/\/www.metapack.com\/","name":"Metapack","description":"","publisher":{"@id":"https:\/\/www.metapack.com\/#organization"},"potentialAction":[{"@type":"SearchAction","target":{"@type":"EntryPoint","urlTemplate":"https:\/\/www.metapack.com\/?s={search_term_string}"},"query-input":{"@type":"PropertyValueSpecification","valueRequired":true,"valueName":"search_term_string"}}],"inLanguage":"de"},{"@type":"Organization","@id":"https:\/\/www.metapack.com\/#organization","name":"Metapack","url":"https:\/\/www.metapack.com\/","logo":{"@type":"ImageObject","inLanguage":"de","@id":"https:\/\/www.metapack.com\/#\/schema\/logo\/image\/","url":"https:\/\/www.metapack.com\/wp-content\/uploads\/2026\/01\/logo-metapack-primary-rgb-1.webp","contentUrl":"https:\/\/www.metapack.com\/wp-content\/uploads\/2026\/01\/logo-metapack-primary-rgb-1.webp","width":307,"height":52,"caption":"Metapack"},"image":{"@id":"https:\/\/www.metapack.com\/#\/schema\/logo\/image\/"},"sameAs":["https:\/\/www.linkedin.com\/company\/metapack"]},{"@type":"SoftwareApplication","@id":"https:\/\/www.metapack.com\/de\/#software-application","name":"ShipStation","url":"https:\/\/www.metapack.com\/de\/","applicationCategory":"BusinessApplication","operatingSystem":"Web Browser"}]}},"_links":{"self":[{"href":"https:\/\/www.metapack.com\/de\/wp-json\/wp\/v2\/pages\/694381","targetHints":{"allow":["GET"]}}],"collection":[{"href":"https:\/\/www.metapack.com\/de\/wp-json\/wp\/v2\/pages"}],"about":[{"href":"https:\/\/www.metapack.com\/de\/wp-json\/wp\/v2\/types\/page"}],"author":[{"embeddable":true,"href":"https:\/\/www.metapack.com\/de\/wp-json\/wp\/v2\/users\/21"}],"replies":[{"embeddable":true,"href":"https:\/\/www.metapack.com\/de\/wp-json\/wp\/v2\/comments?post=694381"}],"version-history":[{"count":0,"href":"https:\/\/www.metapack.com\/de\/wp-json\/wp\/v2\/pages\/694381\/revisions"}],"wp:attachment":[{"href":"https:\/\/www.metapack.com\/de\/wp-json\/wp\/v2\/media?parent=694381"}],"curies":[{"name":"wp","href":"https:\/\/api.w.org\/{rel}","templated":true}]}}