{"id":694377,"date":"2018-05-21T18:24:55","date_gmt":"2018-05-21T18:24:55","guid":{"rendered":"https:\/\/www.metapack.com\/?page_id=694377"},"modified":"2026-01-20T16:36:52","modified_gmt":"2026-01-20T16:36:52","slug":"datenschutz-und-antraege-zu-individuellen-rechten","status":"publish","type":"page","link":"https:\/\/www.metapack.com\/de\/datenschutz-und-antraege-zu-individuellen-rechten\/","title":{"rendered":"Datenschutz und Antr\u00e4ge zu individuellen Rechten"},"content":{"rendered":"\n<p>Die Metapack Group nimmt ihre Verantwortung als Verantwortlicher f\u00fcr die Datenverarbeitung sehr ernst.<\/p>\n\n\n\n<p>Wenn Sie der Ansicht sind, dass wir Ihre Daten aufgrund einer von Ihnen aufgegebenen Bestellung bei einer unserer Partnermarken oder H\u00e4ndler speichern, ist dieses Unternehmen der Verantwortliche f\u00fcr die Datenverarbeitung. Bitte wenden Sie sich mit Ihrer Anfrage direkt an dieses Unternehmen; wir stellen die entsprechenden Informationen auf deren Anfrage hin zur Verf\u00fcgung.<\/p>\n\n\n\n<p>Wenn wir Ihre Daten speichern, weil Sie sie uns selbst zur Verf\u00fcgung gestellt haben, zum Beispiel \u00fcber unsere Website oder durch die Registrierung f\u00fcr oder Teilnahme an einer unserer Veranstaltungen, sind wir der Verantwortliche f\u00fcr die Datenverarbeitung.<\/p>\n\n\n\n<h3 class=\"wp-block-heading\" id=\"h-ihre-rechte\">Ihre Rechte<\/h3>\n\n\n\n<p>Die <a href=\"http:\/\/eur-lex.europa.eu\/legal-content\/EN\/TXT\/?uri=uriserv:OJ.L_.2016.119.01.0001.01.ENG\">DSGVO (Datenschutz-Grundverordnung der Europ\u00e4ischen Union)<\/a> gew\u00e4hrt betroffenen Personen eine Reihe von Rechten in Bezug auf ihre personenbezogenen Daten:<\/p>\n\n\n\n<ul class=\"wp-block-list\">\n<li><strong>Art. 15:<\/strong> Recht auf Auskunft (h\u00e4ufig als DSAR \u2013 Anfrage auf Auskunft der betroffenen Person bezeichnet)<\/li>\n\n\n\n<li><strong>Art. 16:<\/strong> Recht auf Berichtigung (d. h. auf Korrektur personenbezogener Daten)<\/li>\n\n\n\n<li><strong>Art. 17:<\/strong> Recht auf L\u00f6schung (Recht auf Vergessenwerden)<\/li>\n\n\n\n<li><strong>Art. 18:<\/strong> Recht auf Einschr\u00e4nkung der Verarbeitung<\/li>\n\n\n\n<li><strong>Art. 20:<\/strong> Recht auf Daten\u00fcbertragbarkeit<\/li>\n\n\n\n<li><strong>Art. 21:<\/strong> Recht auf Widerspruch gegen die Verarbeitung<\/li>\n\n\n\n<li><strong>Art. 22:<\/strong> Recht auf Entscheidung im Zusammenhang mit automatisierter Entscheidungsfindung und Profiling<\/li>\n<\/ul>\n\n\n\n<h3 class=\"wp-block-heading\" id=\"h-verfahren-zur-anforderung-ihrer-informationen\">Verfahren zur Anforderung Ihrer Informationen<\/h3>\n\n\n\n<p>Bitte <strong>laden Sie dieses <a href=\"https:\/\/www.metapack.com\/wp-content\/uploads\/2025\/12\/All-Data-Subject-Requests-Form-GDPR.pdf\">Formular<\/a> herunter und f\u00fcllen Sie es aus<\/strong> und senden Sie Ihre Anfrage per E-Mail an <strong><a>dataprotection@metapack.com<\/a><\/strong>.<\/p>\n\n\n\n<p>Wir senden Ihnen nach Eingang Ihres vollst\u00e4ndig ausgef\u00fcllten Formulars eine Eingangsbest\u00e4tigung per E-Mail zu und stellen Ihnen die angeforderten Informationen nach M\u00f6glichkeit innerhalb eines Monats nach Eingang einer g\u00fcltigen Anfrage zur Verf\u00fcgung. Eine Anfrage gilt als g\u00fcltig, wenn wir Ihren Identit\u00e4tsnachweis sowie ausreichende Informationen erhalten haben, um Ihre Anfrage bearbeiten zu k\u00f6nnen.<\/p>\n\n\n\n<p>In einzelnen F\u00e4llen, insbesondere bei komplexen Anfragen, kann die Bearbeitung bis zu drei Monate in Anspruch nehmen.<\/p>\n\n\n\n<p>Bitte beachten Sie, dass sich die Bearbeitung Ihrer Anfrage verl\u00e4ngern kann, wenn das Formular nicht korrekt ausgef\u00fcllt ist oder die von uns ben\u00f6tigten Informationen zur Auffindung Ihrer Daten nicht bereitgestellt werden.<\/p>\n\n\n\n<p>Wenn Sie Fragen zum Verfahren f\u00fcr die Bearbeitung von Anfragen zu individuellen Datenschutzrechten haben, senden Sie bitte eine E-Mail an <strong><a>dataprotection@metapack.com<\/a><\/strong>.<\/p>\n","protected":false},"excerpt":{"rendered":"<p>Die Metapack Group nimmt ihre Verantwortung als Verantwortlicher f\u00fcr die Datenverarbeitung sehr ernst. Wenn Sie der Ansicht sind, dass wir Ihre Daten aufgrund einer von Ihnen aufgegebenen Bestellung bei einer unserer Partnermarken oder H\u00e4ndler speichern, ist dieses Unternehmen der Verantwortliche f\u00fcr die Datenverarbeitung. Bitte wenden Sie sich mit Ihrer Anfrage direkt an dieses Unternehmen; wir [&hellip;]<\/p>\n","protected":false},"author":21,"featured_media":0,"parent":0,"menu_order":0,"comment_status":"closed","ping_status":"closed","template":"default.php","meta":{"_acf_changed":false,"footnotes":""},"class_list":["post-694377","page","type-page","status-publish","hentry"],"acf":[],"yoast_head":"<!-- This site is optimized with the Yoast SEO Premium plugin v26.6 (Yoast SEO v27.3) - https:\/\/yoast.com\/product\/yoast-seo-premium-wordpress\/ -->\n<title>Datenschutz und individuelle Rechte | Metapack<\/title>\n<meta name=\"description\" content=\"Informationen zur Aus\u00fcbung Ihrer Datenschutzrechte und zur Einreichung von DSGVO-bezogenen Antr\u00e4gen bei Metapack.\" \/>\n<meta name=\"robots\" content=\"index, follow, max-snippet:-1, max-image-preview:large, max-video-preview:-1\" \/>\n<link rel=\"canonical\" href=\"https:\/\/www.metapack.com\/de\/datenschutz-und-antraege-zu-individuellen-rechten\/\" \/>\n<meta property=\"og:locale\" content=\"de_DE\" \/>\n<meta property=\"og:type\" content=\"article\" \/>\n<meta property=\"og:title\" content=\"Datenschutz und Antr\u00e4ge zu individuellen Rechten\" \/>\n<meta property=\"og:description\" content=\"Informationen zur Aus\u00fcbung Ihrer Datenschutzrechte und zur Einreichung von DSGVO-bezogenen Antr\u00e4gen bei Metapack.\" \/>\n<meta property=\"og:url\" content=\"https:\/\/www.metapack.com\/de\/datenschutz-und-antraege-zu-individuellen-rechten\/\" \/>\n<meta property=\"og:site_name\" content=\"Metapack\" \/>\n<meta property=\"article:modified_time\" content=\"2026-01-20T16:36:52+00:00\" \/>\n<meta name=\"twitter:card\" content=\"summary_large_image\" \/>\n<meta name=\"twitter:label1\" content=\"Est. reading time\" \/>\n\t<meta name=\"twitter:data1\" content=\"2 minutes\" \/>\n<script type=\"application\/ld+json\" class=\"yoast-schema-graph\">{\"@context\":\"https:\\\/\\\/schema.org\",\"@graph\":[{\"@type\":\"WebPage\",\"@id\":\"https:\\\/\\\/www.metapack.com\\\/de\\\/datenschutz-und-antraege-zu-individuellen-rechten\\\/\",\"url\":\"https:\\\/\\\/www.metapack.com\\\/de\\\/datenschutz-und-antraege-zu-individuellen-rechten\\\/\",\"name\":\"Datenschutz und individuelle Rechte | Metapack\",\"isPartOf\":{\"@id\":\"https:\\\/\\\/www.metapack.com\\\/#website\"},\"datePublished\":\"2018-05-21T18:24:55+00:00\",\"dateModified\":\"2026-01-20T16:36:52+00:00\",\"description\":\"Informationen zur Aus\u00fcbung Ihrer Datenschutzrechte und zur Einreichung von DSGVO-bezogenen Antr\u00e4gen bei Metapack.\",\"breadcrumb\":{\"@id\":\"https:\\\/\\\/www.metapack.com\\\/de\\\/datenschutz-und-antraege-zu-individuellen-rechten\\\/#breadcrumb\"},\"inLanguage\":\"de\",\"potentialAction\":[{\"@type\":\"ReadAction\",\"target\":[\"https:\\\/\\\/www.metapack.com\\\/de\\\/datenschutz-und-antraege-zu-individuellen-rechten\\\/\"]}]},{\"@type\":\"BreadcrumbList\",\"@id\":\"https:\\\/\\\/www.metapack.com\\\/de\\\/datenschutz-und-antraege-zu-individuellen-rechten\\\/#breadcrumb\",\"itemListElement\":[{\"@type\":\"ListItem\",\"position\":1,\"name\":\"Home\",\"item\":\"https:\\\/\\\/www.metapack.com\\\/de\\\/\"},{\"@type\":\"ListItem\",\"position\":2,\"name\":\"Datenschutz und Antr\u00e4ge zu individuellen Rechten\"}]},{\"@type\":\"WebSite\",\"@id\":\"https:\\\/\\\/www.metapack.com\\\/#website\",\"url\":\"https:\\\/\\\/www.metapack.com\\\/\",\"name\":\"Metapack\",\"description\":\"\",\"publisher\":{\"@id\":\"https:\\\/\\\/www.metapack.com\\\/#organization\"},\"potentialAction\":[{\"@type\":\"SearchAction\",\"target\":{\"@type\":\"EntryPoint\",\"urlTemplate\":\"https:\\\/\\\/www.metapack.com\\\/?s={search_term_string}\"},\"query-input\":{\"@type\":\"PropertyValueSpecification\",\"valueRequired\":true,\"valueName\":\"search_term_string\"}}],\"inLanguage\":\"de\"},{\"@type\":\"Organization\",\"@id\":\"https:\\\/\\\/www.metapack.com\\\/#organization\",\"name\":\"Metapack\",\"url\":\"https:\\\/\\\/www.metapack.com\\\/\",\"logo\":{\"@type\":\"ImageObject\",\"inLanguage\":\"de\",\"@id\":\"https:\\\/\\\/www.metapack.com\\\/#\\\/schema\\\/logo\\\/image\\\/\",\"url\":\"https:\\\/\\\/www.metapack.com\\\/wp-content\\\/uploads\\\/2026\\\/01\\\/logo-metapack-primary-rgb-1.webp\",\"contentUrl\":\"https:\\\/\\\/www.metapack.com\\\/wp-content\\\/uploads\\\/2026\\\/01\\\/logo-metapack-primary-rgb-1.webp\",\"width\":307,\"height\":52,\"caption\":\"Metapack\"},\"image\":{\"@id\":\"https:\\\/\\\/www.metapack.com\\\/#\\\/schema\\\/logo\\\/image\\\/\"},\"sameAs\":[\"https:\\\/\\\/www.linkedin.com\\\/company\\\/metapack\"]},{\"@type\":\"SoftwareApplication\",\"@id\":\"https:\\\/\\\/www.metapack.com\\\/de\\\/#software-application\",\"name\":\"ShipStation\",\"url\":\"https:\\\/\\\/www.metapack.com\\\/de\\\/\",\"applicationCategory\":\"BusinessApplication\",\"operatingSystem\":\"Web Browser\"}]}<\/script>\n<!-- \/ Yoast SEO Premium plugin. -->","yoast_head_json":{"title":"Datenschutz und individuelle Rechte | Metapack","description":"Informationen zur Aus\u00fcbung Ihrer Datenschutzrechte und zur Einreichung von DSGVO-bezogenen Antr\u00e4gen bei Metapack.","robots":{"index":"index","follow":"follow","max-snippet":"max-snippet:-1","max-image-preview":"max-image-preview:large","max-video-preview":"max-video-preview:-1"},"canonical":"https:\/\/www.metapack.com\/de\/datenschutz-und-antraege-zu-individuellen-rechten\/","og_locale":"de_DE","og_type":"article","og_title":"Datenschutz und Antr\u00e4ge zu individuellen Rechten","og_description":"Informationen zur Aus\u00fcbung Ihrer Datenschutzrechte und zur Einreichung von DSGVO-bezogenen Antr\u00e4gen bei Metapack.","og_url":"https:\/\/www.metapack.com\/de\/datenschutz-und-antraege-zu-individuellen-rechten\/","og_site_name":"Metapack","article_modified_time":"2026-01-20T16:36:52+00:00","twitter_card":"summary_large_image","twitter_misc":{"Est. reading time":"2 minutes"},"schema":{"@context":"https:\/\/schema.org","@graph":[{"@type":"WebPage","@id":"https:\/\/www.metapack.com\/de\/datenschutz-und-antraege-zu-individuellen-rechten\/","url":"https:\/\/www.metapack.com\/de\/datenschutz-und-antraege-zu-individuellen-rechten\/","name":"Datenschutz und individuelle Rechte | Metapack","isPartOf":{"@id":"https:\/\/www.metapack.com\/#website"},"datePublished":"2018-05-21T18:24:55+00:00","dateModified":"2026-01-20T16:36:52+00:00","description":"Informationen zur Aus\u00fcbung Ihrer Datenschutzrechte und zur Einreichung von DSGVO-bezogenen Antr\u00e4gen bei Metapack.","breadcrumb":{"@id":"https:\/\/www.metapack.com\/de\/datenschutz-und-antraege-zu-individuellen-rechten\/#breadcrumb"},"inLanguage":"de","potentialAction":[{"@type":"ReadAction","target":["https:\/\/www.metapack.com\/de\/datenschutz-und-antraege-zu-individuellen-rechten\/"]}]},{"@type":"BreadcrumbList","@id":"https:\/\/www.metapack.com\/de\/datenschutz-und-antraege-zu-individuellen-rechten\/#breadcrumb","itemListElement":[{"@type":"ListItem","position":1,"name":"Home","item":"https:\/\/www.metapack.com\/de\/"},{"@type":"ListItem","position":2,"name":"Datenschutz und Antr\u00e4ge zu individuellen Rechten"}]},{"@type":"WebSite","@id":"https:\/\/www.metapack.com\/#website","url":"https:\/\/www.metapack.com\/","name":"Metapack","description":"","publisher":{"@id":"https:\/\/www.metapack.com\/#organization"},"potentialAction":[{"@type":"SearchAction","target":{"@type":"EntryPoint","urlTemplate":"https:\/\/www.metapack.com\/?s={search_term_string}"},"query-input":{"@type":"PropertyValueSpecification","valueRequired":true,"valueName":"search_term_string"}}],"inLanguage":"de"},{"@type":"Organization","@id":"https:\/\/www.metapack.com\/#organization","name":"Metapack","url":"https:\/\/www.metapack.com\/","logo":{"@type":"ImageObject","inLanguage":"de","@id":"https:\/\/www.metapack.com\/#\/schema\/logo\/image\/","url":"https:\/\/www.metapack.com\/wp-content\/uploads\/2026\/01\/logo-metapack-primary-rgb-1.webp","contentUrl":"https:\/\/www.metapack.com\/wp-content\/uploads\/2026\/01\/logo-metapack-primary-rgb-1.webp","width":307,"height":52,"caption":"Metapack"},"image":{"@id":"https:\/\/www.metapack.com\/#\/schema\/logo\/image\/"},"sameAs":["https:\/\/www.linkedin.com\/company\/metapack"]},{"@type":"SoftwareApplication","@id":"https:\/\/www.metapack.com\/de\/#software-application","name":"ShipStation","url":"https:\/\/www.metapack.com\/de\/","applicationCategory":"BusinessApplication","operatingSystem":"Web Browser"}]}},"_links":{"self":[{"href":"https:\/\/www.metapack.com\/de\/wp-json\/wp\/v2\/pages\/694377","targetHints":{"allow":["GET"]}}],"collection":[{"href":"https:\/\/www.metapack.com\/de\/wp-json\/wp\/v2\/pages"}],"about":[{"href":"https:\/\/www.metapack.com\/de\/wp-json\/wp\/v2\/types\/page"}],"author":[{"embeddable":true,"href":"https:\/\/www.metapack.com\/de\/wp-json\/wp\/v2\/users\/21"}],"replies":[{"embeddable":true,"href":"https:\/\/www.metapack.com\/de\/wp-json\/wp\/v2\/comments?post=694377"}],"version-history":[{"count":0,"href":"https:\/\/www.metapack.com\/de\/wp-json\/wp\/v2\/pages\/694377\/revisions"}],"wp:attachment":[{"href":"https:\/\/www.metapack.com\/de\/wp-json\/wp\/v2\/media?parent=694377"}],"curies":[{"name":"wp","href":"https:\/\/api.w.org\/{rel}","templated":true}]}}