{"id":694371,"date":"2018-05-17T11:41:33","date_gmt":"2018-05-17T11:41:33","guid":{"rendered":"https:\/\/www.metapack.com\/?page_id=694371"},"modified":"2026-01-20T16:27:02","modified_gmt":"2026-01-20T16:27:02","slug":"cookie-richtlinie","status":"publish","type":"page","link":"https:\/\/www.metapack.com\/de\/cookie-richtlinie\/","title":{"rendered":"Cookie-Richtlinie der Metapack Group"},"content":{"rendered":"\n<p>Unsere Website verwendet Cookies, um Sie von anderen Nutzern unserer Website zu unterscheiden. Dies hilft uns, Ihnen beim Besuch unserer Website ein gutes Nutzungserlebnis zu bieten und unsere Website kontinuierlich zu verbessern. Indem Sie unsere Website weiter nutzen, stimmen Sie der Verwendung von Cookies zu.<\/p>\n\n\n\n<p>Ein Cookie ist eine kleine Textdatei, die \u2013 sofern Sie zustimmen \u2013 in Ihrem Browser oder auf der Festplatte Ihres Computers gespeichert wird. Cookies enthalten Informationen, die auf die Festplatte Ihres Computers \u00fcbertragen werden.<\/p>\n\n\n\n<p>Wir verwenden die folgenden Cookies:<\/p>\n\n\n\n<p><strong>Unbedingt erforderliche Cookies.<\/strong><br>Diese Cookies sind f\u00fcr den Betrieb unserer Website erforderlich. Dazu geh\u00f6ren beispielsweise Cookies, die es Ihnen erm\u00f6glichen, sich in sichere Bereiche unserer Website einzuloggen, einen Warenkorb zu nutzen oder elektronische Abrechnungsdienste in Anspruch zu nehmen.<\/p>\n\n\n\n<p><strong>Analyse- \/ Performance-Cookies.<\/strong><br>Diese Cookies erm\u00f6glichen es uns, die Anzahl der Besucher zu erkennen und zu z\u00e4hlen sowie nachzuvollziehen, wie sich Besucher auf unserer Website bewegen. Dies hilft uns, die Funktionsweise unserer Website zu verbessern, zum Beispiel indem wir sicherstellen, dass Nutzer leicht finden, wonach sie suchen.<\/p>\n\n\n\n<p><strong>Funktionale Cookies.<\/strong><br>Diese Cookies werden verwendet, um Sie bei Ihrer R\u00fcckkehr auf unsere Website wiederzuerkennen. Dadurch k\u00f6nnen wir unsere Inhalte f\u00fcr Sie personalisieren, Sie namentlich begr\u00fc\u00dfen und Ihre Pr\u00e4ferenzen speichern (z. B. Ihre Sprach- oder Regionseinstellung).<\/p>\n\n\n\n<p><strong>Targeting-Cookies.<\/strong><br>Diese Cookies zeichnen Ihren Besuch auf unserer Website, die von Ihnen besuchten Seiten sowie die von Ihnen angeklickten Links auf. Wir nutzen diese Informationen, um unsere Website und die darauf angezeigte Werbung besser auf Ihre Interessen abzustimmen. Zu diesem Zweck k\u00f6nnen wir diese Informationen auch an Dritte weitergeben. Weitere Informationen zu den von uns verwendeten Cookies und deren Verwendungszwecken finden Sie in der nachstehenden Tabelle:<\/p>\n\n\n\n<figure class=\"wp-block-table\"><table class=\"has-fixed-layout\"><thead><tr><th><strong>Website<\/strong><\/th><th><strong>Cookie<\/strong><\/th><th>Zweck<\/th><\/tr><\/thead><tbody><tr><td>Metapack.com<\/td><td>PHPSESSID<\/td><td>Session-Cookies speichern vor\u00fcbergehende Informationen in Form einer Sitzungskennung, die den Nutzer nicht pers\u00f6nlich identifiziert. Sie werden nach dem Schlie\u00dfen des Browsers nicht gespeichert.<\/td><\/tr><tr><td>Metapack.com; thedeliveryconfe rence.com<\/td><td>_cfduid<\/td><td>Dieses Cookie wird gesetzt, um vertrauensw\u00fcrdigen Web-Traffic zu identifizieren. Es entspricht keiner Benutzer-ID innerhalb der Webanwendung und speichert keine personenbezogenen Daten.<\/td><\/tr><tr><td>Metapack.com; thedeliveryconfe rence.com; data.metapack. com<\/td><td>_ga _gat _gid _gat_gtag_UA_14 73890_6<\/td><td>Diese Cookies von Drittanbietern werden auf Ihrem Ger\u00e4t gespeichert, um uns die Nutzung des Google-Analytics-Dienstes zu erm\u00f6glichen. Sie erfassen anonyme Informationen dar\u00fcber, wie Besucher unsere Website nutzen. Wir verwenden diese Daten zur Erstellung von Nutzungsberichten f\u00fcr die Website, einschlie\u00dflich der Anzahl der Besucher, der Websites, von denen sie auf unsere Website gelangt sind, sowie der besuchten Seiten.<\/td><\/tr><tr><td>Metapack.com<\/td><td>(_icl_current_ language<\/td><td>Dieses Cookie speichert die aktuellen Spracheinstellungen der Website. Es enth\u00e4lt keine personenbezogenen Daten.<\/td><\/tr><tr><td>Metapack.com<\/td><td>Hotjar<\/td><td>Wir verwenden Hotjar, um die Bed\u00fcrfnisse unserer Nutzer besser zu verstehen und diesen Service sowie das Nutzungserlebnis zu optimieren. Hotjar nutzt Cookies und andere Technologien, um Daten \u00fcber das Verhalten unserer Nutzer und deren Ger\u00e4te zu erfassen (insbesondere die IP-Adresse des Ger\u00e4ts, die ausschlie\u00dflich in anonymisierter Form erfasst und gespeichert wird, die Bildschirmgr\u00f6\u00dfe des Ger\u00e4ts, den Ger\u00e4tetyp (eindeutige Ger\u00e4tekennungen), Browserinformationen, den geografischen Standort (nur Land) sowie die bevorzugte Sprache zur Darstellung unserer Website).<br>Hotjar speichert diese Informationen in einem pseudonymisierten Nutzerprofil. Weder Hotjar noch wir werden diese Informationen jemals verwenden, um einzelne Nutzer zu identifizieren oder sie mit weiteren Daten \u00fcber einen bestimmten Nutzer zu verkn\u00fcpfen.<\/td><\/tr><tr><td>Metapack.com<\/td><td>wp29620<\/td><td>Ein allgemeines WordPress-Cookie. Es enth\u00e4lt keine personenbezogenen Daten.<\/td><\/tr><tr><td>thedeliveryconfer ence.com<\/td><td>wfvt_762383019<\/td><td>Session-Cookies speichern vor\u00fcbergehende Informationen in Form einer Sitzungskennung, die den Nutzer nicht pers\u00f6nlich identifiziert. Sie werden nach dem Schlie\u00dfen des Browsers nicht gespeichert.<\/td><\/tr><tr><td>thedeliveryconfer ence.com<\/td><td>wordfence_verifi edHuman<\/td><td>Dieses Cookie wird vom Wordfence-Sicherheits-Plugin f\u00fcr WordPress verwendet, um Sie als menschlichen Nutzer zu verifizieren und die Sicherheit zu erh\u00f6hen. Es enth\u00e4lt keine personenbezogenen Daten.<\/td><\/tr><tr><td>Data.metapack. com<\/td><td>XSRF-TOKEN<\/td><td>Tokens zum Schutz vor <em>Cross-Site Request Forgery<\/em> (CSRF) sind eine Sicherheitsma\u00dfnahme, die dazu dient, b\u00f6sartige Angriffe auf Webanwendungen zu verhindern. Sie enthalten keine personenbezogenen Daten.<\/td><\/tr><tr><td>Data.metapack. com<\/td><td>metapack_deliveri ng_data_session<\/td><td>Session-Cookies speichern vor\u00fcbergehende Informationen in Form einer Sitzungskennung, die den Nutzer nicht pers\u00f6nlich identifiziert. Sie werden nach dem Schlie\u00dfen des Browsers nicht gespeichert.<\/td><\/tr><\/tbody><\/table><\/figure>\n\n\n\n<p>Bitte beachten Sie, dass auch Dritte (einschlie\u00dflich beispielsweise Werbenetzwerke und Anbieter externer Dienste wie Web-Traffic-Analyse-Services) Cookies verwenden k\u00f6nnen. Wir haben keinen Einfluss auf den Inhalt von Cookies Dritter, bei denen es sich in der Regel um Analyse-\/Performance-Cookies oder Targeting-Cookies handelt.<\/p>\n\n\n\n<p>Sie k\u00f6nnen Cookies blockieren, indem Sie die entsprechende Einstellung in Ihrem Browser aktivieren, mit der Sie \u00fcber das Setzen von Cookies informiert werden oder deren Speicherung ablehnen k\u00f6nnen. Wenn Sie Cookies jedoch deaktivieren, kann dies die Funktionalit\u00e4t dieser Website einschr\u00e4nken oder beeintr\u00e4chtigen.<\/p>\n\n\n\n<p>Viele Cookies sind sogenannte \u201eSession-Cookies\u201c. Diese verfallen, sobald Sie Ihren Browser schlie\u00dfen. Einige Cookies haben eine l\u00e4ngere Speicherdauer, beispielsweise um Sie bei einem erneuten Besuch der Website wiederzuerkennen. Diese Cookies bleiben auf Ihrem Ger\u00e4t gespeichert, bis Sie sie l\u00f6schen.<\/p>\n\n\n\n<p>Weitere Informationen \u00fcber Cookies sowie dar\u00fcber, wie Sie die Einstellungen Ihres Browsers \u00e4ndern k\u00f6nnen, finden Sie unter:<\/p>\n\n\n\n<p>Leitfaden zu Cookies des <em>Information Commissioner\u2019s Office<\/em> (UK):<br><a href=\"https:\/\/ico.org.uk\/for-the-public\/online\/cookies\/\">https:\/\/ico.org.uk\/for-the-public\/online\/cookies\/<\/a><\/p>\n\n\n\n<p>Informationen der Europ\u00e4ischen Kommission zu Cookies:<br><a href=\"http:\/\/ec.europa.eu\/ipg\/basics\/legal\/cookies\/index_en.htm\">http:\/\/ec.europa.eu\/ipg\/basics\/legal\/cookies\/index_en.htm<\/a><\/p>\n","protected":false},"excerpt":{"rendered":"<p>Unsere Website verwendet Cookies, um Sie von anderen Nutzern unserer Website zu unterscheiden. Dies hilft uns, Ihnen beim Besuch unserer Website ein gutes Nutzungserlebnis zu bieten und unsere Website kontinuierlich zu verbessern. Indem Sie unsere Website weiter nutzen, stimmen Sie der Verwendung von Cookies zu. Ein Cookie ist eine kleine Textdatei, die \u2013 sofern Sie [&hellip;]<\/p>\n","protected":false},"author":21,"featured_media":0,"parent":0,"menu_order":0,"comment_status":"closed","ping_status":"closed","template":"default.php","meta":{"_acf_changed":false,"footnotes":""},"class_list":["post-694371","page","type-page","status-publish","hentry"],"acf":[],"yoast_head":"<!-- This site is optimized with the Yoast SEO Premium plugin v26.6 (Yoast SEO v27.4) - https:\/\/yoast.com\/product\/yoast-seo-premium-wordpress\/ -->\n<title>Cookie-Richtlinie | Metapack<\/title>\n<meta name=\"description\" content=\"Erfahren Sie, wie Metapack Cookies verwendet, um die Website-Funktionalit\u00e4t zu verbessern, Leistung zu messen und Sicherheit zu gew\u00e4hrleisten.\" \/>\n<meta name=\"robots\" content=\"index, follow, max-snippet:-1, max-image-preview:large, max-video-preview:-1\" \/>\n<link rel=\"canonical\" href=\"https:\/\/www.metapack.com\/de\/cookie-richtlinie\/\" \/>\n<meta property=\"og:locale\" content=\"de_DE\" \/>\n<meta property=\"og:type\" content=\"article\" \/>\n<meta property=\"og:title\" content=\"Cookie-Richtlinie der Metapack Group\" \/>\n<meta property=\"og:description\" content=\"Erfahren Sie, wie Metapack Cookies verwendet, um die Website-Funktionalit\u00e4t zu verbessern, Leistung zu messen und Sicherheit zu gew\u00e4hrleisten.\" \/>\n<meta property=\"og:url\" content=\"https:\/\/www.metapack.com\/de\/cookie-richtlinie\/\" \/>\n<meta property=\"og:site_name\" content=\"Metapack\" \/>\n<meta property=\"article:modified_time\" content=\"2026-01-20T16:27:02+00:00\" \/>\n<meta name=\"twitter:card\" content=\"summary_large_image\" \/>\n<meta name=\"twitter:label1\" content=\"Est. reading time\" \/>\n\t<meta name=\"twitter:data1\" content=\"4 minutes\" \/>\n<script type=\"application\/ld+json\" class=\"yoast-schema-graph\">{\"@context\":\"https:\\\/\\\/schema.org\",\"@graph\":[{\"@type\":\"WebPage\",\"@id\":\"https:\\\/\\\/www.metapack.com\\\/de\\\/cookie-richtlinie\\\/\",\"url\":\"https:\\\/\\\/www.metapack.com\\\/de\\\/cookie-richtlinie\\\/\",\"name\":\"Cookie-Richtlinie | Metapack\",\"isPartOf\":{\"@id\":\"https:\\\/\\\/www.metapack.com\\\/#website\"},\"datePublished\":\"2018-05-17T11:41:33+00:00\",\"dateModified\":\"2026-01-20T16:27:02+00:00\",\"description\":\"Erfahren Sie, wie Metapack Cookies verwendet, um die Website-Funktionalit\u00e4t zu verbessern, Leistung zu messen und Sicherheit zu gew\u00e4hrleisten.\",\"breadcrumb\":{\"@id\":\"https:\\\/\\\/www.metapack.com\\\/de\\\/cookie-richtlinie\\\/#breadcrumb\"},\"inLanguage\":\"de\",\"potentialAction\":[{\"@type\":\"ReadAction\",\"target\":[\"https:\\\/\\\/www.metapack.com\\\/de\\\/cookie-richtlinie\\\/\"]}]},{\"@type\":\"BreadcrumbList\",\"@id\":\"https:\\\/\\\/www.metapack.com\\\/de\\\/cookie-richtlinie\\\/#breadcrumb\",\"itemListElement\":[{\"@type\":\"ListItem\",\"position\":1,\"name\":\"Home\",\"item\":\"https:\\\/\\\/www.metapack.com\\\/de\\\/\"},{\"@type\":\"ListItem\",\"position\":2,\"name\":\"Cookie-Richtlinie der Metapack Group\"}]},{\"@type\":\"WebSite\",\"@id\":\"https:\\\/\\\/www.metapack.com\\\/#website\",\"url\":\"https:\\\/\\\/www.metapack.com\\\/\",\"name\":\"Metapack\",\"description\":\"\",\"publisher\":{\"@id\":\"https:\\\/\\\/www.metapack.com\\\/#organization\"},\"potentialAction\":[{\"@type\":\"SearchAction\",\"target\":{\"@type\":\"EntryPoint\",\"urlTemplate\":\"https:\\\/\\\/www.metapack.com\\\/?s={search_term_string}\"},\"query-input\":{\"@type\":\"PropertyValueSpecification\",\"valueRequired\":true,\"valueName\":\"search_term_string\"}}],\"inLanguage\":\"de\"},{\"@type\":\"Organization\",\"@id\":\"https:\\\/\\\/www.metapack.com\\\/#organization\",\"name\":\"Metapack\",\"url\":\"https:\\\/\\\/www.metapack.com\\\/\",\"logo\":{\"@type\":\"ImageObject\",\"inLanguage\":\"de\",\"@id\":\"https:\\\/\\\/www.metapack.com\\\/#\\\/schema\\\/logo\\\/image\\\/\",\"url\":\"https:\\\/\\\/www.metapack.com\\\/wp-content\\\/uploads\\\/2026\\\/01\\\/logo-metapack-primary-rgb-1.webp\",\"contentUrl\":\"https:\\\/\\\/www.metapack.com\\\/wp-content\\\/uploads\\\/2026\\\/01\\\/logo-metapack-primary-rgb-1.webp\",\"width\":307,\"height\":52,\"caption\":\"Metapack\"},\"image\":{\"@id\":\"https:\\\/\\\/www.metapack.com\\\/#\\\/schema\\\/logo\\\/image\\\/\"},\"sameAs\":[\"https:\\\/\\\/www.linkedin.com\\\/company\\\/metapack\"]},{\"@type\":\"SoftwareApplication\",\"@id\":\"https:\\\/\\\/www.metapack.com\\\/de\\\/#software-application\",\"name\":\"ShipStation\",\"url\":\"https:\\\/\\\/www.metapack.com\\\/de\\\/\",\"applicationCategory\":\"BusinessApplication\",\"operatingSystem\":\"Web Browser\"}]}<\/script>\n<!-- \/ Yoast SEO Premium plugin. -->","yoast_head_json":{"title":"Cookie-Richtlinie | Metapack","description":"Erfahren Sie, wie Metapack Cookies verwendet, um die Website-Funktionalit\u00e4t zu verbessern, Leistung zu messen und Sicherheit zu gew\u00e4hrleisten.","robots":{"index":"index","follow":"follow","max-snippet":"max-snippet:-1","max-image-preview":"max-image-preview:large","max-video-preview":"max-video-preview:-1"},"canonical":"https:\/\/www.metapack.com\/de\/cookie-richtlinie\/","og_locale":"de_DE","og_type":"article","og_title":"Cookie-Richtlinie der Metapack Group","og_description":"Erfahren Sie, wie Metapack Cookies verwendet, um die Website-Funktionalit\u00e4t zu verbessern, Leistung zu messen und Sicherheit zu gew\u00e4hrleisten.","og_url":"https:\/\/www.metapack.com\/de\/cookie-richtlinie\/","og_site_name":"Metapack","article_modified_time":"2026-01-20T16:27:02+00:00","twitter_card":"summary_large_image","twitter_misc":{"Est. reading time":"4 minutes"},"schema":{"@context":"https:\/\/schema.org","@graph":[{"@type":"WebPage","@id":"https:\/\/www.metapack.com\/de\/cookie-richtlinie\/","url":"https:\/\/www.metapack.com\/de\/cookie-richtlinie\/","name":"Cookie-Richtlinie | Metapack","isPartOf":{"@id":"https:\/\/www.metapack.com\/#website"},"datePublished":"2018-05-17T11:41:33+00:00","dateModified":"2026-01-20T16:27:02+00:00","description":"Erfahren Sie, wie Metapack Cookies verwendet, um die Website-Funktionalit\u00e4t zu verbessern, Leistung zu messen und Sicherheit zu gew\u00e4hrleisten.","breadcrumb":{"@id":"https:\/\/www.metapack.com\/de\/cookie-richtlinie\/#breadcrumb"},"inLanguage":"de","potentialAction":[{"@type":"ReadAction","target":["https:\/\/www.metapack.com\/de\/cookie-richtlinie\/"]}]},{"@type":"BreadcrumbList","@id":"https:\/\/www.metapack.com\/de\/cookie-richtlinie\/#breadcrumb","itemListElement":[{"@type":"ListItem","position":1,"name":"Home","item":"https:\/\/www.metapack.com\/de\/"},{"@type":"ListItem","position":2,"name":"Cookie-Richtlinie der Metapack Group"}]},{"@type":"WebSite","@id":"https:\/\/www.metapack.com\/#website","url":"https:\/\/www.metapack.com\/","name":"Metapack","description":"","publisher":{"@id":"https:\/\/www.metapack.com\/#organization"},"potentialAction":[{"@type":"SearchAction","target":{"@type":"EntryPoint","urlTemplate":"https:\/\/www.metapack.com\/?s={search_term_string}"},"query-input":{"@type":"PropertyValueSpecification","valueRequired":true,"valueName":"search_term_string"}}],"inLanguage":"de"},{"@type":"Organization","@id":"https:\/\/www.metapack.com\/#organization","name":"Metapack","url":"https:\/\/www.metapack.com\/","logo":{"@type":"ImageObject","inLanguage":"de","@id":"https:\/\/www.metapack.com\/#\/schema\/logo\/image\/","url":"https:\/\/www.metapack.com\/wp-content\/uploads\/2026\/01\/logo-metapack-primary-rgb-1.webp","contentUrl":"https:\/\/www.metapack.com\/wp-content\/uploads\/2026\/01\/logo-metapack-primary-rgb-1.webp","width":307,"height":52,"caption":"Metapack"},"image":{"@id":"https:\/\/www.metapack.com\/#\/schema\/logo\/image\/"},"sameAs":["https:\/\/www.linkedin.com\/company\/metapack"]},{"@type":"SoftwareApplication","@id":"https:\/\/www.metapack.com\/de\/#software-application","name":"ShipStation","url":"https:\/\/www.metapack.com\/de\/","applicationCategory":"BusinessApplication","operatingSystem":"Web Browser"}]}},"_links":{"self":[{"href":"https:\/\/www.metapack.com\/de\/wp-json\/wp\/v2\/pages\/694371","targetHints":{"allow":["GET"]}}],"collection":[{"href":"https:\/\/www.metapack.com\/de\/wp-json\/wp\/v2\/pages"}],"about":[{"href":"https:\/\/www.metapack.com\/de\/wp-json\/wp\/v2\/types\/page"}],"author":[{"embeddable":true,"href":"https:\/\/www.metapack.com\/de\/wp-json\/wp\/v2\/users\/21"}],"replies":[{"embeddable":true,"href":"https:\/\/www.metapack.com\/de\/wp-json\/wp\/v2\/comments?post=694371"}],"version-history":[{"count":0,"href":"https:\/\/www.metapack.com\/de\/wp-json\/wp\/v2\/pages\/694371\/revisions"}],"wp:attachment":[{"href":"https:\/\/www.metapack.com\/de\/wp-json\/wp\/v2\/media?parent=694371"}],"curies":[{"name":"wp","href":"https:\/\/api.w.org\/{rel}","templated":true}]}}