{"id":693896,"date":"2017-02-17T15:04:55","date_gmt":"2017-02-17T15:04:55","guid":{"rendered":"https:\/\/www.metapack.com\/?page_id=693896"},"modified":"2026-01-20T15:59:21","modified_gmt":"2026-01-20T15:59:21","slug":"carrier-zertifizierungsprogramm","status":"publish","type":"page","link":"https:\/\/www.metapack.com\/de\/carrier-zertifizierungsprogramm\/","title":{"rendered":"Carrier-Zertifizierungsprogramm"},"content":{"rendered":"<section class=\"block block-hero  \"><div class=\"bg-dark-cobalt background--full content--full\">\n<div id=\"hero-block-block_62ab4ffdbfaee1446410ec48e892cca4\" class=\"hero-block relative\">\n  <div class=\"container\">\n    <div class=\"hero items-start\">\n      <div class=\"  hero-content hero-text-only\">\n\n        \n        \n                  <h1 class=\"xl\">Carrier-Zertifizierungsprogramm<\/h1>\n        \n                            <div class=\"lead max-w-[64rem]\"><p><strong>Das Metapack Carrier Membership Programme<\/strong> ist eine formelle, verbindliche Vereinbarung zwischen Metapack und unseren Carrier-Mitgliedern dar\u00fcber, wie wir zum Nutzen unserer gemeinsamen Einzelh\u00e4ndler und Verbraucher zusammenarbeiten.<\/p>\n<p>&nbsp;<\/p>\n<p>F\u00fcr Einzelh\u00e4ndler und Marken sind die Vorteile dieser Partnerschaft unbegrenzt \u2013 eine problemlose Einrichtung und Verf\u00fcgbarkeit aller Transportdienstleistungen und Lieferoptionen, die sie ihren Kunden anbieten m\u00f6chten.<\/p>\n<\/div>\n        \n        \n        \n        \n      <\/div>\n\n      \n      \n    <\/div>\n  <\/div>\n\n  \n  \n<\/div>\n<\/div><\/section>\n\n<section class=\"block block-feature-text padding-top--md padding-bottom--md \"><div class=\"content--full\">\n<div id=\"feature-text-block-block_aad2806dffcfd304a0febb5bf880d15d\" class=\"feature-text-block pb-6\">\n\t<div class=\"container\">\n\t\t<div class=\"content content-align-center\">\n\t\t\t\t\t\t\t\t\t\t<h2 class=\"\">Unsere Carrier-Mitglieder<\/h2>\n\t\t\t\t\t\t\t\t<div class=\"text-lg max-w-[68rem]\"><p>\u00dcber 350 Transportunternehmen weltweit haben sich f\u00fcr unser Carrier Membership Programme entschieden. Klicken Sie hier, um mehr \u00fcber sie zu erfahren und die Liste der von Metapack zertifizierten Dienstleistungen zu sehen, die sie anbieten.<\/p>\n<\/div>\n\t\t\t\t\t\t\t\t\t\t\t<\/div>\n\n\t\t<div class=\"acf-innerblocks-container\"><\/div>\n\t<\/div>\n<\/div>\n<\/div><\/section>\n\n<section class=\"block block-feature-text  \"><div class=\"bg-grey-lightest background--full content--full\">\n<div id=\"feature-text-block-block_8c98466e4fb7119906b6799c46644d18\" class=\"feature-text-block pb-6\">\n\t<div class=\"container\">\n\t\t<div class=\"content content-align-center\">\n\t\t\t\t\t\t\t\t\t\t<h2 class=\"\">Globale Etikettenbibliothek<\/h2>\n\t\t\t\t\t\t\t\t<div class=\"text-lg max-w-[68rem]\"><p>Die Liefermanagement-Plattform von Metapack integriert \u00fcber 350 Spediteure und Postdienstleister weltweit sowie 4.000 Dienstleistungen und erm\u00f6glicht so die Zustellung von mehr als 500 Millionen Paketen pro Jahr auf der ganzen Welt.<\/p>\n<\/div>\n\t\t\t\t\t\t\t\t\t\t<div class=\"btn-group\">\n\t\t\t\t\t\t\t\t\t\t\t<a href=\"\/carriers\/\" target=\"\" class=\"btn\">Zur globalen Etikettenbibliothek gehen<\/a>\n\t\t\t\t\t\t\t\t\t\t\t\t\t\t\t\t<a href=\"\/carrier-contact-form\/\" target=\"\" class=\"btn outline\">Kontaktieren Sie das Carrier-Team<\/a>\n\t\t\t\t\t\t\t\t\t<\/div>\n\t\t\t\t\t\t\t\t<\/div>\n\n\t\t<div class=\"acf-innerblocks-container\"><\/div>\n\t<\/div>\n<\/div>\n<\/div><\/section>\n\n<section class=\"block block-cards padding-top--md padding-bottom--md \"><div class=\"content--lg\">\n\n<div id=\"block-cards-block_a7e7e58a952b8c3fe093439c61d0043f\" class=\"block-cards\">\n\t<div class=\"container pb-8\">\n\t\t<div class=\"acf-innerblocks-container\">\n<section class=\"block block-feature-text  \"><div class=\"content--full\">\n<div id=\"feature-text-block-block_39f8f8d3e2335105accb247b85a2236b\" class=\"feature-text-block\">\n\t<div class=\"container\">\n\t\t<div class=\"content content-align-center\">\n\t\t\t\t\t\t\t\t\t\t\t\t\t\t<\/div>\n\n\t\t<div class=\"acf-innerblocks-container\"><\/div>\n\t<\/div>\n<\/div>\n<\/div><\/section>\n<\/div>\n\t\t\n\t\t\n\t\t\t\t\t<div class=\"cards icon-top columns-2 layout-grid\">\n\t\t\t\t\t\t\t\t\t\t\t\t\t\t\t\t\t\t\t\t\t<div class=\"card card-icon card-shadow bg-cobalt-lightest  \">\n\t\t\t\t\t\t\t\n\n<div class=\"card-content h-full\">\n    <div class=\"card-text\">\n                    <h3 class=\"h5\">Vorteile f\u00fcr Transportunternehmen<\/h3>\n                             <ul>\n<li>Metapack wird die erforderlichen Entwicklungsarbeiten durchf\u00fchren, um die zertifizierten Dienste \u201eRetailer Ready\u201c zu halten.<\/li>\n<li>F\u00fcr alle Dienstleistungen zertifizierter Bef\u00f6rderer werden \u201ekleinere Arbeiten\u201c durchgef\u00fchrt.<\/li>\n<li>Weitere Entwicklungsarbeit erforderlich, um einen erm\u00e4\u00dfigten Satz zu erhalten<\/li>\n<li>\u00a024\/7-Support f\u00fcr zertifizierte Spediteure verf\u00fcgbar<\/li>\n<li><a href=\"https:\/\/www.metapack.com\/carrier-services\/\">Prominente Listung im Carrier Mapping tool<\/a><\/li>\n<li>Spezifische Carrier-Landingpage<\/li>\n<li>Marketingf\u00f6rderung f\u00fcr zertifizierte Transportunternehmen<\/li>\n<\/ul>\n            <\/div>\n\n    <\/div>\n\n\n\t\t\t\t\t\t<\/div>\n\t\t\t\t\t\t\t\t\t\t\t\t\t\t\t\t\t<div class=\"card card-icon card-shadow bg-cobalt-lightest  \">\n\t\t\t\t\t\t\t\n\n<div class=\"card-content h-full\">\n    <div class=\"card-text\">\n                    <h3 class=\"h5\">Vorteile f\u00fcr Einzelh\u00e4ndler<\/h3>\n                             <ul>\n<li>Schnelleres Onboarding f\u00fcr zertifizierte Dienste<\/li>\n<li>Vollst\u00e4ndig gewartet und zweckm\u00e4\u00dfig Zertifizierte Dienstleistungen<\/li>\n<li>Keine zus\u00e4tzlichen Kosten f\u00fcr die Einrichtung zertifizierter Dienste<\/li>\n<li>Zertifizierte Dienstleistungen sind immer \u201eRetailer Ready\u201c<\/li>\n<li>Schnellste Markteinf\u00fchrung neuer Dienste<\/li>\n<li>Formelle Unterst\u00fctzung f\u00fcr den Spediteur, die dem Einzelh\u00e4ndler Sicherheit gibt<\/li>\n<li>Identifizierung zertifizierter Dienste \u2013 <a href=\"https:\/\/www.metapack.com\/carrier-services\/\">Carrier Mapping tool<\/a><\/li>\n<\/ul>\n            <\/div>\n\n    <\/div>\n\n\n\t\t\t\t\t\t<\/div>\n\t\t\t\t\t\t\t\t\t\t\t\t<\/div>\n\t\t\t<\/div>\n<\/div>\n<\/div><\/section>","protected":false},"excerpt":{"rendered":"","protected":false},"author":21,"featured_media":0,"parent":0,"menu_order":21,"comment_status":"closed","ping_status":"closed","template":"","meta":{"_acf_changed":true,"footnotes":""},"class_list":["post-693896","page","type-page","status-publish","hentry"],"acf":[],"yoast_head":"<!-- This site is optimized with the Yoast SEO Premium plugin v26.6 (Yoast SEO v27.2) - https:\/\/yoast.com\/product\/yoast-seo-premium-wordpress\/ -->\n<title>Carrier-Zertifizierungsprogramm | Metapack<\/title>\n<meta name=\"description\" content=\"Werden Sie Teil des Metapack Carrier-Zertifizierungsprogramms und validieren Sie Ihre Services f\u00fcr mehr Sichtbarkeit und Vertrauen.\" \/>\n<meta name=\"robots\" content=\"index, follow, max-snippet:-1, max-image-preview:large, max-video-preview:-1\" \/>\n<link rel=\"canonical\" href=\"https:\/\/www.metapack.com\/de\/carrier-zertifizierungsprogramm\/\" \/>\n<meta property=\"og:locale\" content=\"de_DE\" \/>\n<meta property=\"og:type\" content=\"article\" \/>\n<meta property=\"og:title\" content=\"Carrier-Zertifizierungsprogramm\" \/>\n<meta property=\"og:description\" content=\"Werden Sie Teil des Metapack Carrier-Zertifizierungsprogramms und validieren Sie Ihre Services f\u00fcr mehr Sichtbarkeit und Vertrauen.\" \/>\n<meta property=\"og:url\" content=\"https:\/\/www.metapack.com\/de\/carrier-zertifizierungsprogramm\/\" \/>\n<meta property=\"og:site_name\" content=\"Metapack\" \/>\n<meta property=\"article:modified_time\" content=\"2026-01-20T15:59:21+00:00\" \/>\n<meta name=\"twitter:card\" content=\"summary_large_image\" \/>\n<script type=\"application\/ld+json\" class=\"yoast-schema-graph\">{\"@context\":\"https:\/\/schema.org\",\"@graph\":[{\"@type\":\"WebPage\",\"@id\":\"https:\/\/www.metapack.com\/de\/carrier-zertifizierungsprogramm\/\",\"url\":\"https:\/\/www.metapack.com\/de\/carrier-zertifizierungsprogramm\/\",\"name\":\"Carrier-Zertifizierungsprogramm | Metapack\",\"isPartOf\":{\"@id\":\"https:\/\/www.metapack.com\/#website\"},\"datePublished\":\"2017-02-17T15:04:55+00:00\",\"dateModified\":\"2026-01-20T15:59:21+00:00\",\"description\":\"Werden Sie Teil des Metapack Carrier-Zertifizierungsprogramms und validieren Sie Ihre Services f\u00fcr mehr Sichtbarkeit und Vertrauen.\",\"breadcrumb\":{\"@id\":\"https:\/\/www.metapack.com\/de\/carrier-zertifizierungsprogramm\/#breadcrumb\"},\"inLanguage\":\"de\",\"potentialAction\":[{\"@type\":\"ReadAction\",\"target\":[\"https:\/\/www.metapack.com\/de\/carrier-zertifizierungsprogramm\/\"]}]},{\"@type\":\"BreadcrumbList\",\"@id\":\"https:\/\/www.metapack.com\/de\/carrier-zertifizierungsprogramm\/#breadcrumb\",\"itemListElement\":[{\"@type\":\"ListItem\",\"position\":1,\"name\":\"Home\",\"item\":\"https:\/\/www.metapack.com\/de\/\"},{\"@type\":\"ListItem\",\"position\":2,\"name\":\"Carrier-Zertifizierungsprogramm\"}]},{\"@type\":\"WebSite\",\"@id\":\"https:\/\/www.metapack.com\/#website\",\"url\":\"https:\/\/www.metapack.com\/\",\"name\":\"Metapack\",\"description\":\"\",\"publisher\":{\"@id\":\"https:\/\/www.metapack.com\/#organization\"},\"potentialAction\":[{\"@type\":\"SearchAction\",\"target\":{\"@type\":\"EntryPoint\",\"urlTemplate\":\"https:\/\/www.metapack.com\/?s={search_term_string}\"},\"query-input\":{\"@type\":\"PropertyValueSpecification\",\"valueRequired\":true,\"valueName\":\"search_term_string\"}}],\"inLanguage\":\"de\"},{\"@type\":\"Organization\",\"@id\":\"https:\/\/www.metapack.com\/#organization\",\"name\":\"Metapack\",\"url\":\"https:\/\/www.metapack.com\/\",\"logo\":{\"@type\":\"ImageObject\",\"inLanguage\":\"de\",\"@id\":\"https:\/\/www.metapack.com\/#\/schema\/logo\/image\/\",\"url\":\"https:\/\/www.metapack.com\/wp-content\/uploads\/2026\/01\/logo-metapack-primary-rgb-1.webp\",\"contentUrl\":\"https:\/\/www.metapack.com\/wp-content\/uploads\/2026\/01\/logo-metapack-primary-rgb-1.webp\",\"width\":307,\"height\":52,\"caption\":\"Metapack\"},\"image\":{\"@id\":\"https:\/\/www.metapack.com\/#\/schema\/logo\/image\/\"},\"sameAs\":[\"https:\/\/www.linkedin.com\/company\/metapack\"]},{\"@type\":\"SoftwareApplication\",\"@id\":\"https:\/\/www.metapack.com\/de\/#software-application\",\"name\":\"ShipStation\",\"url\":\"https:\/\/www.metapack.com\/de\/\",\"applicationCategory\":\"BusinessApplication\",\"operatingSystem\":\"Web Browser\"}]}<\/script>\n<!-- \/ Yoast SEO Premium plugin. -->","yoast_head_json":{"title":"Carrier-Zertifizierungsprogramm | Metapack","description":"Werden Sie Teil des Metapack Carrier-Zertifizierungsprogramms und validieren Sie Ihre Services f\u00fcr mehr Sichtbarkeit und Vertrauen.","robots":{"index":"index","follow":"follow","max-snippet":"max-snippet:-1","max-image-preview":"max-image-preview:large","max-video-preview":"max-video-preview:-1"},"canonical":"https:\/\/www.metapack.com\/de\/carrier-zertifizierungsprogramm\/","og_locale":"de_DE","og_type":"article","og_title":"Carrier-Zertifizierungsprogramm","og_description":"Werden Sie Teil des Metapack Carrier-Zertifizierungsprogramms und validieren Sie Ihre Services f\u00fcr mehr Sichtbarkeit und Vertrauen.","og_url":"https:\/\/www.metapack.com\/de\/carrier-zertifizierungsprogramm\/","og_site_name":"Metapack","article_modified_time":"2026-01-20T15:59:21+00:00","twitter_card":"summary_large_image","schema":{"@context":"https:\/\/schema.org","@graph":[{"@type":"WebPage","@id":"https:\/\/www.metapack.com\/de\/carrier-zertifizierungsprogramm\/","url":"https:\/\/www.metapack.com\/de\/carrier-zertifizierungsprogramm\/","name":"Carrier-Zertifizierungsprogramm | Metapack","isPartOf":{"@id":"https:\/\/www.metapack.com\/#website"},"datePublished":"2017-02-17T15:04:55+00:00","dateModified":"2026-01-20T15:59:21+00:00","description":"Werden Sie Teil des Metapack Carrier-Zertifizierungsprogramms und validieren Sie Ihre Services f\u00fcr mehr Sichtbarkeit und Vertrauen.","breadcrumb":{"@id":"https:\/\/www.metapack.com\/de\/carrier-zertifizierungsprogramm\/#breadcrumb"},"inLanguage":"de","potentialAction":[{"@type":"ReadAction","target":["https:\/\/www.metapack.com\/de\/carrier-zertifizierungsprogramm\/"]}]},{"@type":"BreadcrumbList","@id":"https:\/\/www.metapack.com\/de\/carrier-zertifizierungsprogramm\/#breadcrumb","itemListElement":[{"@type":"ListItem","position":1,"name":"Home","item":"https:\/\/www.metapack.com\/de\/"},{"@type":"ListItem","position":2,"name":"Carrier-Zertifizierungsprogramm"}]},{"@type":"WebSite","@id":"https:\/\/www.metapack.com\/#website","url":"https:\/\/www.metapack.com\/","name":"Metapack","description":"","publisher":{"@id":"https:\/\/www.metapack.com\/#organization"},"potentialAction":[{"@type":"SearchAction","target":{"@type":"EntryPoint","urlTemplate":"https:\/\/www.metapack.com\/?s={search_term_string}"},"query-input":{"@type":"PropertyValueSpecification","valueRequired":true,"valueName":"search_term_string"}}],"inLanguage":"de"},{"@type":"Organization","@id":"https:\/\/www.metapack.com\/#organization","name":"Metapack","url":"https:\/\/www.metapack.com\/","logo":{"@type":"ImageObject","inLanguage":"de","@id":"https:\/\/www.metapack.com\/#\/schema\/logo\/image\/","url":"https:\/\/www.metapack.com\/wp-content\/uploads\/2026\/01\/logo-metapack-primary-rgb-1.webp","contentUrl":"https:\/\/www.metapack.com\/wp-content\/uploads\/2026\/01\/logo-metapack-primary-rgb-1.webp","width":307,"height":52,"caption":"Metapack"},"image":{"@id":"https:\/\/www.metapack.com\/#\/schema\/logo\/image\/"},"sameAs":["https:\/\/www.linkedin.com\/company\/metapack"]},{"@type":"SoftwareApplication","@id":"https:\/\/www.metapack.com\/de\/#software-application","name":"ShipStation","url":"https:\/\/www.metapack.com\/de\/","applicationCategory":"BusinessApplication","operatingSystem":"Web Browser"}]}},"_links":{"self":[{"href":"https:\/\/www.metapack.com\/de\/wp-json\/wp\/v2\/pages\/693896","targetHints":{"allow":["GET"]}}],"collection":[{"href":"https:\/\/www.metapack.com\/de\/wp-json\/wp\/v2\/pages"}],"about":[{"href":"https:\/\/www.metapack.com\/de\/wp-json\/wp\/v2\/types\/page"}],"author":[{"embeddable":true,"href":"https:\/\/www.metapack.com\/de\/wp-json\/wp\/v2\/users\/21"}],"replies":[{"embeddable":true,"href":"https:\/\/www.metapack.com\/de\/wp-json\/wp\/v2\/comments?post=693896"}],"version-history":[{"count":0,"href":"https:\/\/www.metapack.com\/de\/wp-json\/wp\/v2\/pages\/693896\/revisions"}],"wp:attachment":[{"href":"https:\/\/www.metapack.com\/de\/wp-json\/wp\/v2\/media?parent=693896"}],"curies":[{"name":"wp","href":"https:\/\/api.w.org\/{rel}","templated":true}]}}