{"id":693887,"date":"2019-01-29T20:15:57","date_gmt":"2019-01-29T20:15:57","guid":{"rendered":"https:\/\/www.metapack.com\/?page_id=693887"},"modified":"2026-01-20T15:52:43","modified_gmt":"2026-01-20T15:52:43","slug":"konsolidierer","status":"publish","type":"page","link":"https:\/\/www.metapack.com\/de\/konsolidierer\/","title":{"rendered":"Konsolidierer"},"content":{"rendered":"<section class=\"block block-hero  \"><div class=\"bg-dark-cobalt background--full content--full\">\n<div id=\"hero-block-block_5a33adba0175981ee8318bac1998ff73\" class=\"hero-block relative\">\n  <div class=\"container\">\n    <div class=\"hero items-start\">\n      <div class=\"  hero-content hero-text-only\">\n\n        \n        \n                  <h1 class=\"xl\">Die weltgr\u00f6\u00dfte Konsolidierungsplattform<\/h1>\n        \n                            <div class=\"lead max-w-[64rem]\"><p>9 unglaublich beliebte Anwendungen. \u00dcber 80.000 fokussierte Versender. Ein einziger Integrationspunkt.<\/p>\n<\/div>\n        \n                  <div class=\"btn-group\">\n                          <a href=\"\/form\/\" target=\"\" class=\"btn\">\n                Mehr erfahren              <\/a>\n            \n                      <\/div>\n        \n        \n        \n      <\/div>\n\n      \n      \n    <\/div>\n  <\/div>\n\n  \n  \n<\/div>\n<\/div><\/section>\n\n<section class=\"block block-zig-zag padding-top--md padding-bottom--md \"><div class=\"content--full\">\n<div id=\"zig-zag-block-block_8b3c1abb8a686a62e4d2d6a52de09146\" class=\"zig-zag-block\">\n  <div class=\"container\">\n    <div class=\"acf-innerblocks-container\">\n<section class=\"block block-feature-text  \"><div class=\"content--full\">\n<div id=\"feature-text-block-block_7abdd436a245cb0a5accbc669f8a2450\" class=\"feature-text-block\">\n\t<div class=\"container\">\n\t\t<div class=\"content content-align-center\">\n\t\t\t\t\t\t\t\t\t\t\t\t\t\t<\/div>\n\n\t\t<div class=\"acf-innerblocks-container\"><\/div>\n\t<\/div>\n<\/div>\n<\/div><\/section>\n<\/div>\n\n                  \n        <div class=\"columns flex-col-reverse !items-center zig-zag-row\" data-row=\"1\">\n\n          <!-- Text Column -->\n          <div class=\"column-content col-span-6 order-1 content content-align-left mobile-align-center\">\n            \n                                    <h2>Verkaufen Sie dort, wo Spediteure nach Konsolidierungsdienstleistungen suchen.<\/h2>\n            \n                          <div class=\"lead max-w-[54rem]\"><ul>\n<li>Listen Sie Ihre Markendienstleistungen \u00fcber eine einzige Integration auf allen unseren Plattformen auf.<\/li>\n<li>Wir k\u00fcmmern uns um alle Aspekte der Einarbeitung, einschlie\u00dflich der Einrichtung von Konten und der Preisgestaltung.<\/li>\n<li>Wir k\u00fcmmern uns um alle Ihre Anforderungen im Bereich Etiketten, einschlie\u00dflich Zertifizierung und Konformit\u00e4t.<\/li>\n<li>Wir k\u00fcmmern uns um alle Ihre Echtzeit-Datenanforderungen, von der direkten Manifestierung bis zum Track &amp; Trace-Management.<\/li>\n<\/ul>\n<\/div>\n            \n                          <div class=\"btn-group\">\n                                  <a href=\"\/form\/\" target=\"\" class=\"btn\">Erfahren Sie mehr<\/a>\n                                              <\/div>\n            \n                      <\/div>\n\n          <!-- Media Column -->\n          <div class=\"column-media col-span-6 order-2 \">\n                          <!-- Image -->\n              <img decoding=\"async\" src=\"https:\/\/www.metapack.com\/wp-content\/uploads\/2025\/12\/circle_consolidate1.png\" srcset=\"https:\/\/www.metapack.com\/wp-content\/uploads\/2025\/12\/circle_consolidate1.png 1001w, https:\/\/www.metapack.com\/wp-content\/uploads\/2025\/12\/circle_consolidate1-768x767.png 768w, https:\/\/www.metapack.com\/wp-content\/uploads\/2025\/12\/circle_consolidate1-300x300.png 300w\" sizes=\"auto, (max-width: 1001px) 100vw, 1001px\" loading=\"lazy\"   class=\"\" alt=\"\" width=\"1001\" height=\"1000\">\n                      <\/div>\n\n        <\/div>\n              \n        <div class=\"columns flex-col !items-center zig-zag-row\" data-row=\"2\">\n\n          <!-- Text Column -->\n          <div class=\"column-content col-span-6 order-2 content content-align-left mobile-align-center\">\n            \n                                    <h2>Greifen Sie auf mehr native Carrier-Integrationen zu und senken Sie Ihre IT-Ausgaben.<\/h2>\n            \n                          <div class=\"lead max-w-[54rem]\"><ul>\n<li>Profitieren Sie von unserem sorgenfreien Modell zur Einhaltung der Carrier-Vorgaben.<\/li>\n<li>Schnelle Bereitstellung mit lokalen Anbietern \u00fcber eine einzige API<\/li>\n<li>Schnelle Aktivierung von ausgehandelten Tarifen und \u00dcbertragung des Volumens zwischen Netzbetreibern<\/li>\n<li>Automatisch zwischen Netzbetreibern wechseln, um Kosten zu senken<\/li>\n<li>Erstellen Sie hochgradig konfigurierbare, flexible Regeln, um sicherzustellen, dass der richtige Anbieter und Dienst ausgew\u00e4hlt wird.<\/li>\n<li>W\u00e4hlen Sie die richtigen Dienstleistungen f\u00fcr jeden Markt<\/li>\n<li>Erschlie\u00dfen Sie sich boomende M\u00e4rkte wie die USA, Europa, S\u00fcdkorea, Japan, Australien, Russland und China.<\/li>\n<li>Nutzen Sie ganz einfach alle in jedem Land verf\u00fcgbaren Netzbetreiberalternativen.<\/li>\n<\/ul>\n<\/div>\n            \n                          <div class=\"btn-group\">\n                                  <a href=\"\/form\/\" target=\"\" class=\"btn\">Mehr erfahren<\/a>\n                                              <\/div>\n            \n                      <\/div>\n\n          <!-- Media Column -->\n          <div class=\"column-media col-span-6 order-1 \">\n                          <!-- Image -->\n              <img decoding=\"async\" src=\"https:\/\/www.metapack.com\/wp-content\/uploads\/2025\/12\/circle_consolidate2-1.png\" srcset=\"https:\/\/www.metapack.com\/wp-content\/uploads\/2025\/12\/circle_consolidate2-1.png 1001w, https:\/\/www.metapack.com\/wp-content\/uploads\/2025\/12\/circle_consolidate2-1-768x767.png 768w, https:\/\/www.metapack.com\/wp-content\/uploads\/2025\/12\/circle_consolidate2-1-300x300.png 300w\" sizes=\"auto, (max-width: 1001px) 100vw, 1001px\" loading=\"lazy\"   class=\"\" alt=\"\" width=\"1001\" height=\"1000\">\n                      <\/div>\n\n        <\/div>\n              \n        <div class=\"columns flex-col-reverse !items-center zig-zag-row\" data-row=\"3\">\n\n          <!-- Text Column -->\n          <div class=\"column-content col-span-6 order-1 content content-align-left mobile-align-center\">\n            \n                                    <h2>Partnerbasierter Ansatz<\/h2>\n            \n                          <div class=\"lead max-w-[54rem]\"><ul>\n<li>Unser Hauptaugenmerk liegt darauf, unseren Kunden einen Mehrwert und L\u00f6sungen zu bieten.<\/li>\n<li>Die Zusammenarbeit mit Konsolidierern, um neue Dienstleistungen und Mehrwert zu schaffen, ist f\u00fcr unser Gesch\u00e4ftsmodell von entscheidender Bedeutung.<\/li>\n<li>Wir sind ein Vertriebskanal, der Ihnen dabei hilft, Ihr Gesch\u00e4ft mit einem echten partnerschaftlichen Ansatz auszubauen.<\/li>\n<\/ul>\n<\/div>\n            \n                          <div class=\"btn-group\">\n                                  <a href=\"\/form\/\" target=\"\" class=\"btn\">Mehr erfahren<\/a>\n                                              <\/div>\n            \n                      <\/div>\n\n          <!-- Media Column -->\n          <div class=\"column-media col-span-6 order-2 \">\n                          <!-- Image -->\n              <img decoding=\"async\" src=\"https:\/\/www.metapack.com\/wp-content\/uploads\/2025\/12\/circle_consolidate3-1.png\" srcset=\"https:\/\/www.metapack.com\/wp-content\/uploads\/2025\/12\/circle_consolidate3-1.png 1001w, https:\/\/www.metapack.com\/wp-content\/uploads\/2025\/12\/circle_consolidate3-1-768x767.png 768w, https:\/\/www.metapack.com\/wp-content\/uploads\/2025\/12\/circle_consolidate3-1-300x300.png 300w\" sizes=\"auto, (max-width: 1001px) 100vw, 1001px\" loading=\"lazy\"   class=\"\" alt=\"\" width=\"1001\" height=\"1000\">\n                      <\/div>\n\n        <\/div>\n            <\/div>\n<\/div>\n<\/div><\/section>","protected":false},"excerpt":{"rendered":"","protected":false},"author":21,"featured_media":0,"parent":0,"menu_order":0,"comment_status":"closed","ping_status":"closed","template":"","meta":{"_acf_changed":true,"footnotes":""},"class_list":["post-693887","page","type-page","status-publish","hentry"],"acf":[],"yoast_head":"<!-- This site is optimized with the Yoast SEO Premium plugin v26.6 (Yoast SEO v27.2) - https:\/\/yoast.com\/product\/yoast-seo-premium-wordpress\/ -->\n<title>Konsolidierer Netzwerk f\u00fcr Paketversand | Metapack<\/title>\n<meta name=\"description\" content=\"Entdecken Sie Metapacks Netzwerk von Konsolidierern f\u00fcr effizienten, kosteng\u00fcnstigen Paketversand mit erweiterter Abdeckung und verbesserter Lieferperformance.\" \/>\n<meta name=\"robots\" content=\"index, follow, max-snippet:-1, max-image-preview:large, max-video-preview:-1\" \/>\n<link rel=\"canonical\" href=\"https:\/\/www.metapack.com\/de\/konsolidierer\/\" \/>\n<meta property=\"og:locale\" content=\"de_DE\" \/>\n<meta property=\"og:type\" content=\"article\" \/>\n<meta property=\"og:title\" content=\"Konsolidierer\" \/>\n<meta property=\"og:description\" content=\"Entdecken Sie Metapacks Netzwerk von Konsolidierern f\u00fcr effizienten, kosteng\u00fcnstigen Paketversand mit erweiterter Abdeckung und verbesserter Lieferperformance.\" \/>\n<meta property=\"og:url\" content=\"https:\/\/www.metapack.com\/de\/konsolidierer\/\" \/>\n<meta property=\"og:site_name\" content=\"Metapack\" \/>\n<meta property=\"article:modified_time\" content=\"2026-01-20T15:52:43+00:00\" \/>\n<meta name=\"twitter:card\" content=\"summary_large_image\" \/>\n<script type=\"application\/ld+json\" class=\"yoast-schema-graph\">{\"@context\":\"https:\/\/schema.org\",\"@graph\":[{\"@type\":\"WebPage\",\"@id\":\"https:\/\/www.metapack.com\/de\/konsolidierer\/\",\"url\":\"https:\/\/www.metapack.com\/de\/konsolidierer\/\",\"name\":\"Konsolidierer Netzwerk f\u00fcr Paketversand | Metapack\",\"isPartOf\":{\"@id\":\"https:\/\/www.metapack.com\/#website\"},\"datePublished\":\"2019-01-29T20:15:57+00:00\",\"dateModified\":\"2026-01-20T15:52:43+00:00\",\"description\":\"Entdecken Sie Metapacks Netzwerk von Konsolidierern f\u00fcr effizienten, kosteng\u00fcnstigen Paketversand mit erweiterter Abdeckung und verbesserter Lieferperformance.\",\"breadcrumb\":{\"@id\":\"https:\/\/www.metapack.com\/de\/konsolidierer\/#breadcrumb\"},\"inLanguage\":\"de\",\"potentialAction\":[{\"@type\":\"ReadAction\",\"target\":[\"https:\/\/www.metapack.com\/de\/konsolidierer\/\"]}]},{\"@type\":\"BreadcrumbList\",\"@id\":\"https:\/\/www.metapack.com\/de\/konsolidierer\/#breadcrumb\",\"itemListElement\":[{\"@type\":\"ListItem\",\"position\":1,\"name\":\"Home\",\"item\":\"https:\/\/www.metapack.com\/de\/\"},{\"@type\":\"ListItem\",\"position\":2,\"name\":\"Konsolidierer\"}]},{\"@type\":\"WebSite\",\"@id\":\"https:\/\/www.metapack.com\/#website\",\"url\":\"https:\/\/www.metapack.com\/\",\"name\":\"Metapack\",\"description\":\"\",\"publisher\":{\"@id\":\"https:\/\/www.metapack.com\/#organization\"},\"potentialAction\":[{\"@type\":\"SearchAction\",\"target\":{\"@type\":\"EntryPoint\",\"urlTemplate\":\"https:\/\/www.metapack.com\/?s={search_term_string}\"},\"query-input\":{\"@type\":\"PropertyValueSpecification\",\"valueRequired\":true,\"valueName\":\"search_term_string\"}}],\"inLanguage\":\"de\"},{\"@type\":\"Organization\",\"@id\":\"https:\/\/www.metapack.com\/#organization\",\"name\":\"Metapack\",\"url\":\"https:\/\/www.metapack.com\/\",\"logo\":{\"@type\":\"ImageObject\",\"inLanguage\":\"de\",\"@id\":\"https:\/\/www.metapack.com\/#\/schema\/logo\/image\/\",\"url\":\"https:\/\/www.metapack.com\/wp-content\/uploads\/2026\/01\/logo-metapack-primary-rgb-1.webp\",\"contentUrl\":\"https:\/\/www.metapack.com\/wp-content\/uploads\/2026\/01\/logo-metapack-primary-rgb-1.webp\",\"width\":307,\"height\":52,\"caption\":\"Metapack\"},\"image\":{\"@id\":\"https:\/\/www.metapack.com\/#\/schema\/logo\/image\/\"},\"sameAs\":[\"https:\/\/www.linkedin.com\/company\/metapack\"]},{\"@type\":\"SoftwareApplication\",\"@id\":\"https:\/\/www.metapack.com\/de\/#software-application\",\"name\":\"ShipStation\",\"url\":\"https:\/\/www.metapack.com\/de\/\",\"applicationCategory\":\"BusinessApplication\",\"operatingSystem\":\"Web Browser\"}]}<\/script>\n<!-- \/ Yoast SEO Premium plugin. -->","yoast_head_json":{"title":"Konsolidierer Netzwerk f\u00fcr Paketversand | Metapack","description":"Entdecken Sie Metapacks Netzwerk von Konsolidierern f\u00fcr effizienten, kosteng\u00fcnstigen Paketversand mit erweiterter Abdeckung und verbesserter Lieferperformance.","robots":{"index":"index","follow":"follow","max-snippet":"max-snippet:-1","max-image-preview":"max-image-preview:large","max-video-preview":"max-video-preview:-1"},"canonical":"https:\/\/www.metapack.com\/de\/konsolidierer\/","og_locale":"de_DE","og_type":"article","og_title":"Konsolidierer","og_description":"Entdecken Sie Metapacks Netzwerk von Konsolidierern f\u00fcr effizienten, kosteng\u00fcnstigen Paketversand mit erweiterter Abdeckung und verbesserter Lieferperformance.","og_url":"https:\/\/www.metapack.com\/de\/konsolidierer\/","og_site_name":"Metapack","article_modified_time":"2026-01-20T15:52:43+00:00","twitter_card":"summary_large_image","schema":{"@context":"https:\/\/schema.org","@graph":[{"@type":"WebPage","@id":"https:\/\/www.metapack.com\/de\/konsolidierer\/","url":"https:\/\/www.metapack.com\/de\/konsolidierer\/","name":"Konsolidierer Netzwerk f\u00fcr Paketversand | Metapack","isPartOf":{"@id":"https:\/\/www.metapack.com\/#website"},"datePublished":"2019-01-29T20:15:57+00:00","dateModified":"2026-01-20T15:52:43+00:00","description":"Entdecken Sie Metapacks Netzwerk von Konsolidierern f\u00fcr effizienten, kosteng\u00fcnstigen Paketversand mit erweiterter Abdeckung und verbesserter Lieferperformance.","breadcrumb":{"@id":"https:\/\/www.metapack.com\/de\/konsolidierer\/#breadcrumb"},"inLanguage":"de","potentialAction":[{"@type":"ReadAction","target":["https:\/\/www.metapack.com\/de\/konsolidierer\/"]}]},{"@type":"BreadcrumbList","@id":"https:\/\/www.metapack.com\/de\/konsolidierer\/#breadcrumb","itemListElement":[{"@type":"ListItem","position":1,"name":"Home","item":"https:\/\/www.metapack.com\/de\/"},{"@type":"ListItem","position":2,"name":"Konsolidierer"}]},{"@type":"WebSite","@id":"https:\/\/www.metapack.com\/#website","url":"https:\/\/www.metapack.com\/","name":"Metapack","description":"","publisher":{"@id":"https:\/\/www.metapack.com\/#organization"},"potentialAction":[{"@type":"SearchAction","target":{"@type":"EntryPoint","urlTemplate":"https:\/\/www.metapack.com\/?s={search_term_string}"},"query-input":{"@type":"PropertyValueSpecification","valueRequired":true,"valueName":"search_term_string"}}],"inLanguage":"de"},{"@type":"Organization","@id":"https:\/\/www.metapack.com\/#organization","name":"Metapack","url":"https:\/\/www.metapack.com\/","logo":{"@type":"ImageObject","inLanguage":"de","@id":"https:\/\/www.metapack.com\/#\/schema\/logo\/image\/","url":"https:\/\/www.metapack.com\/wp-content\/uploads\/2026\/01\/logo-metapack-primary-rgb-1.webp","contentUrl":"https:\/\/www.metapack.com\/wp-content\/uploads\/2026\/01\/logo-metapack-primary-rgb-1.webp","width":307,"height":52,"caption":"Metapack"},"image":{"@id":"https:\/\/www.metapack.com\/#\/schema\/logo\/image\/"},"sameAs":["https:\/\/www.linkedin.com\/company\/metapack"]},{"@type":"SoftwareApplication","@id":"https:\/\/www.metapack.com\/de\/#software-application","name":"ShipStation","url":"https:\/\/www.metapack.com\/de\/","applicationCategory":"BusinessApplication","operatingSystem":"Web Browser"}]}},"_links":{"self":[{"href":"https:\/\/www.metapack.com\/de\/wp-json\/wp\/v2\/pages\/693887","targetHints":{"allow":["GET"]}}],"collection":[{"href":"https:\/\/www.metapack.com\/de\/wp-json\/wp\/v2\/pages"}],"about":[{"href":"https:\/\/www.metapack.com\/de\/wp-json\/wp\/v2\/types\/page"}],"author":[{"embeddable":true,"href":"https:\/\/www.metapack.com\/de\/wp-json\/wp\/v2\/users\/21"}],"replies":[{"embeddable":true,"href":"https:\/\/www.metapack.com\/de\/wp-json\/wp\/v2\/comments?post=693887"}],"version-history":[{"count":0,"href":"https:\/\/www.metapack.com\/de\/wp-json\/wp\/v2\/pages\/693887\/revisions"}],"wp:attachment":[{"href":"https:\/\/www.metapack.com\/de\/wp-json\/wp\/v2\/media?parent=693887"}],"curies":[{"name":"wp","href":"https:\/\/api.w.org\/{rel}","templated":true}]}}